{"id":586,"date":"2021-02-11T19:19:35","date_gmt":"2021-02-11T18:19:35","guid":{"rendered":"http:\/\/freunde-fluechtlingssolidaritaet.org\/?page_id=586"},"modified":"2024-09-26T15:54:11","modified_gmt":"2024-09-26T13:54:11","slug":"11-punkte-programm-des-freundeskreis-fluechtlingssolidaritaet","status":"publish","type":"page","link":"https:\/\/freunde-fluechtlingssolidaritaet.org\/","title":{"rendered":"Amigos de Solidaridad con los Refugiados en SI"},"content":{"rendered":"\n<blockquote class=\"wp-block-quote is-layout-flow wp-block-quote-is-layout-flow\">\n<p><strong>\u201eWir sind Fl\u00fcchtlinge, wir sind Arbeiter und wir wollen arbeiten! Arbeit f\u00fcr alle, nicht nur f\u00fcr \u201eprivilegierte\u201c Fl\u00fcchtlinge!\u201c<\/strong><\/p>\n<\/blockquote>\n\n\n\n<div id=\"wp-block-themeisle-blocks-slider-f211906a\" class=\"wp-block-themeisle-blocks-slider glide\" data-per-view=\"1\" data-gap=\"0\" data-peek=\"0\" data-autoplay=\"true\" data-height=\"400px\" data-hide-arrows=\"false\"><div class=\"glide__track\" data-glide-el=\"track\"><div class=\"glide__slides\"><div class=\"wp-block-themeisle-blocks-slider-item-wrapper glide__slide\" tabindex=\"0\"><figure><img decoding=\"async\" class=\"wp-block-themeisle-blocks-slider-item\" src=\"https:\/\/freunde-fluechtlingssolidaritaet.org\/wp-content\/uploads\/2024\/09\/Design-sans-titre.png\" alt=\"\" title=\"\" data-id=\"5152\"\/><\/figure><\/div><div class=\"wp-block-themeisle-blocks-slider-item-wrapper glide__slide\" tabindex=\"0\"><figure><img decoding=\"async\" class=\"wp-block-themeisle-blocks-slider-item\" src=\"https:\/\/freunde-fluechtlingssolidaritaet.org\/wp-content\/uploads\/2021\/02\/youtube-moti.jpg\" alt=\"\" title=\"\" data-id=\"537\"\/><\/figure><\/div><div class=\"wp-block-themeisle-blocks-slider-item-wrapper glide__slide\" tabindex=\"0\"><figure><img decoding=\"async\" class=\"wp-block-themeisle-blocks-slider-item\" src=\"https:\/\/freunde-fluechtlingssolidaritaet.org\/wp-content\/uploads\/2021\/02\/aktionen-3.png\" alt=\"\" title=\"\" data-id=\"290\"\/><\/figure><\/div><div class=\"wp-block-themeisle-blocks-slider-item-wrapper glide__slide\" tabindex=\"0\"><figure><img decoding=\"async\" class=\"wp-block-themeisle-blocks-slider-item\" src=\"https:\/\/freunde-fluechtlingssolidaritaet.org\/wp-content\/uploads\/2021\/02\/start.png\" alt=\"\" title=\"\" data-id=\"209\"\/><\/figure><\/div><\/div><div class=\"glide__bullets\" data-glide-el=\"controls[nav]\"><button class=\"glide__bullet\" data-glide-dir=\"=0\"><\/button><button class=\"glide__bullet\" data-glide-dir=\"=1\"><\/button><button class=\"glide__bullet\" data-glide-dir=\"=2\"><\/button><button class=\"glide__bullet\" data-glide-dir=\"=3\"><\/button><\/div><\/div><\/div>\n\n\n<div class=\"is-style-boxed wp-block-themeisle-blocks-posts-grid\" id=\"wp-block-themeisle-blocks-posts-grid-debcd437\"><div class=\"is-grid o-posts-grid-columns-3\"><\/div> <\/div>\n\n\n<figure class=\"wp-block-embed is-type-video is-provider-youtube wp-block-embed-youtube wp-embed-aspect-16-9 wp-has-aspect-ratio\"><div class=\"wp-block-embed__wrapper\">\n<iframe loading=\"lazy\" hcb-fetch-image-from=\"https:\/\/www.youtube.com\/playlist?list=PLaSF0V4gJHW9Ukb-j_m1io9VOGOh2xxFe\" title=\"Wir sind Fl\u00fcchtlinge, wir sind Arbeiter und wir wollen arbeiten! Arbeit f\u00fcr alle, nicht nur f\u00fcr \u201eprivilegierte\u201c Fl\u00fcchtlinge!\" width=\"843\" height=\"474\" src=\"https:\/\/www.youtube.com\/embed\/videoseries?list=PLaSF0V4gJHW9Ukb-j_m1io9VOGOh2xxFe\" frameborder=\"0\" allow=\"accelerometer; autoplay; clipboard-write; encrypted-media; gyroscope; picture-in-picture; web-share\" referrerpolicy=\"strict-origin-when-cross-origin\" allowfullscreen><\/iframe>\n<\/div><\/figure>\n\n\n<style>.wp-block-kadence-advancedheading.kt-adv-heading586_1e4674-d5, .wp-block-kadence-advancedheading.kt-adv-heading586_1e4674-d5[data-kb-block=\"kb-adv-heading586_1e4674-d5\"]{font-style:normal;}.wp-block-kadence-advancedheading.kt-adv-heading586_1e4674-d5 mark.kt-highlight, .wp-block-kadence-advancedheading.kt-adv-heading586_1e4674-d5[data-kb-block=\"kb-adv-heading586_1e4674-d5\"] mark.kt-highlight{font-style:normal;color:#f76a0c;-webkit-box-decoration-break:clone;box-decoration-break:clone;padding-top:0px;padding-right:0px;padding-bottom:0px;padding-left:0px;}.wp-block-kadence-advancedheading.kt-adv-heading586_1e4674-d5 img.kb-inline-image, .wp-block-kadence-advancedheading.kt-adv-heading586_1e4674-d5[data-kb-block=\"kb-adv-heading586_1e4674-d5\"] img.kb-inline-image{width:150px;vertical-align:baseline;}<\/style>\n<h2 class=\"kt-adv-heading586_1e4674-d5 wp-block-kadence-advancedheading\" data-kb-block=\"kb-adv-heading586_1e4674-d5\">11 Punkte Arbeitsprogramm des Freundeskreises Fl\u00fcchtlingssolidarit\u00e4t<\/h2>\n\n\n\n<ol class=\"wp-block-list\">\n<li>Der \u201eFreundeskreisFl\u00fcchtlingssolidarit\u00e4t\u201c ist ein \u00fcberparteilicher, selbstorganisierter Zusammenschluss von Fl\u00fcchtlingen und Aktivisten der demokratischen und revolution\u00e4ren Bewegung in Deutschland, der gegen die reaktion\u00e4re Fl\u00fcchtlingspolitik der Bundesregierung und der EU k\u00e4mpft und f\u00fcr das Asylrecht auf politischer Grundlage. Er baut auf den reichhaltigen Erfahrungen der selbstorganisierten Fl\u00fcchtlinge aus Ellwangen auf, die \u2013 wie Alassa Mfouapon &#8211; gegen den martialischen Polizeieinsatz oder Abschiebungen entschlossen gek\u00e4mpft haben und k\u00e4mpfen.<\/li>\n\n\n\n<li>Der Freundeskreis tritt ein f\u00fcr grundlegende demokratische sowie soziale Rechte und Freiheiten, das Recht auf Flucht sowie die Anerkennung frauenspezifischer Unterdr\u00fcckung als Asylgrund.<\/li>\n\n\n\n<li>Der Freundeskreis steht f\u00fcr eine zukunftsweisende fortschrittliche Fl\u00fcchtlingspolitik, in der die Fluchtursachen bek\u00e4mpft werden, nicht die Fl\u00fcchtlinge. Dazu geh\u00f6rt auch die offene Diskussion \u00fcber gesellschaftliche, u. a. sozialistische Alternativen. Deshalb haben Rassismus und Antikommunismus keinen Platz im Freundeskreis.<\/li>\n\n\n\n<li>Die Mitglieder des Freundeskreises unterst\u00fctzen die Betroffenen, sich f\u00fcr gegenseitige Beratung und Hilfe zu organisieren: zur Bew\u00e4ltigung von Problemen wie der Anerkennung als Fl\u00fcchtlinge\/ Asylsuchende, Wahrnehmung ihrer Rechte gegen\u00fcber Beh\u00f6rden und Gerichten, Wohnungssuche, Familienzusammenf\u00fchrung, medizinischer sowie juristischer Beratung und Betreuung, Sprachkurse usw. Sie organisieren die Solidarit\u00e4t (u.a. Prozessbegleitungen) und den Protest bei drohender oder vollzogener Abschiebung und bei politisch motivierter Kriminalisierung und gegen rassistische und faschistische Angriffe.<\/li>\n\n\n\n<li>Sie beraten bei der Entwicklung von Initiativen die Selbstfinanzierung dieser Aktivit\u00e4ten. Der Freundeskreis selbst ist keine geldgebende Organisation. Er ist finanziell unabh\u00e4ngig und finanziert seine Arbeit mit aktiver Spendenarbeit und legt auf seinen Treffen regelm\u00e4\u00dfig Rechenschaft ab \u00fcber Einnahmen und Ausgaben.<\/li>\n\n\n\n<li>Der Freundeskreis arbeitet bundesweit mit internationalen Beziehungen. Er pflegt eine enge Zusammenarbeit mit allen Initiativen und Organisationen, mit denen es Schnittstellen zu den Zielen des Freundeskreis gibt.<\/li>\n\n\n\n<li>Der Freundeskreis arbeitet auf Grundlage dieses Programms. Die Gruppen der Bundesl\u00e4nder w\u00e4hlen jeweils eine Sprechergruppe. Je ein Vertreter der Bundesl\u00e4nder bilden die bundesweite Sprechergruppe. Es gibt bundesweit eine Kassierer<em>in und Kassenpr\u00fcfer<\/em>in, die in einer Mitgliederversammlung gew\u00e4hlt werden. F\u00fcr die eigene praktische Arbeit k\u00f6nnen die Gruppen Unterkassen machen mit gew\u00e4hlter Kassierer*in.<\/li>\n\n\n\n<li>Weitere Funktionen sind \u00d6ffentlichkeits- und Pressearbeit sowie Zusammenarbeit mit anderen Initiativen und Organisationen, die sowohl regional als auch bundesweit durchgef\u00fchrt wird.<\/li>\n\n\n\n<li>Er gewinnt einen oder mehrere juristische Berater.<\/li>\n\n\n\n<li>Die Mitgliederversammlung beschlie\u00dft \u00fcber die wesentlichen Projekte, Vorhaben und Arbeitsmethoden, \u00fcber deren Umsetzung die Inhaber von Funktionen dann rechenschaftspflichtig sind.<\/li>\n\n\n\n<li>Wer Mitglied wird, tr\u00e4gt sich in die Mitgliederliste ein. Der Jahresbeitrag ist 10 \u20acuro f\u00fcr Fl\u00fcchtlinge\/geringes Einkommen, 20 Euro f\u00fcr Berufst\u00e4tige.<\/li>\n<\/ol>\n\n\n\n<p>(einstimmig verabschiedet beim Gr\u00fcndungstreffen des Freundeskreis Fl\u00fcchtlinge am 27.6.2020)<\/p>\n\n\n\n<div class=\"wp-block-buttons is-layout-flex wp-block-buttons-is-layout-flex\"><\/div>\n\n\n\n<figure class=\"wp-block-gallery has-nested-images columns-default is-cropped wp-block-gallery-2 is-layout-flex wp-block-gallery-is-layout-flex\">\n<figure class=\"wp-block-image size-large\"><img loading=\"lazy\" decoding=\"async\" width=\"1024\" height=\"576\" data-id=\"5145\" src=\"https:\/\/freunde-fluechtlingssolidaritaet.org\/wp-content\/uploads\/2024\/09\/01-IMG-1024x576.jpg\" alt=\"\" class=\"wp-image-5145\" srcset=\"https:\/\/freunde-fluechtlingssolidaritaet.org\/wp-content\/uploads\/2024\/09\/01-IMG-1024x576.jpg 1024w, https:\/\/freunde-fluechtlingssolidaritaet.org\/wp-content\/uploads\/2024\/09\/01-IMG-300x169.jpg 300w, https:\/\/freunde-fluechtlingssolidaritaet.org\/wp-content\/uploads\/2024\/09\/01-IMG-768x432.jpg 768w, https:\/\/freunde-fluechtlingssolidaritaet.org\/wp-content\/uploads\/2024\/09\/01-IMG-1536x865.jpg 1536w, https:\/\/freunde-fluechtlingssolidaritaet.org\/wp-content\/uploads\/2024\/09\/01-IMG-2048x1153.jpg 2048w, https:\/\/freunde-fluechtlingssolidaritaet.org\/wp-content\/uploads\/2024\/09\/01-IMG-18x10.jpg 18w\" sizes=\"(max-width: 1024px) 100vw, 1024px\" \/><\/figure>\n\n\n\n<figure class=\"wp-block-image size-large\"><img loading=\"lazy\" decoding=\"async\" width=\"1024\" height=\"684\" data-id=\"5144\" src=\"https:\/\/freunde-fluechtlingssolidaritaet.org\/wp-content\/uploads\/2024\/09\/02-IMG-1024x684.jpg\" alt=\"\" class=\"wp-image-5144\" srcset=\"https:\/\/freunde-fluechtlingssolidaritaet.org\/wp-content\/uploads\/2024\/09\/02-IMG-1024x684.jpg 1024w, https:\/\/freunde-fluechtlingssolidaritaet.org\/wp-content\/uploads\/2024\/09\/02-IMG-300x200.jpg 300w, https:\/\/freunde-fluechtlingssolidaritaet.org\/wp-content\/uploads\/2024\/09\/02-IMG-768x513.jpg 768w, https:\/\/freunde-fluechtlingssolidaritaet.org\/wp-content\/uploads\/2024\/09\/02-IMG-1536x1025.jpg 1536w, https:\/\/freunde-fluechtlingssolidaritaet.org\/wp-content\/uploads\/2024\/09\/02-IMG-2048x1367.jpg 2048w, https:\/\/freunde-fluechtlingssolidaritaet.org\/wp-content\/uploads\/2024\/09\/02-IMG-18x12.jpg 18w\" sizes=\"(max-width: 1024px) 100vw, 1024px\" \/><\/figure>\n\n\n\n<figure class=\"wp-block-image size-large\"><img loading=\"lazy\" decoding=\"async\" width=\"1024\" height=\"576\" data-id=\"5146\" src=\"https:\/\/freunde-fluechtlingssolidaritaet.org\/wp-content\/uploads\/2024\/09\/03-IMG-1024x576.jpg\" alt=\"\" class=\"wp-image-5146\" srcset=\"https:\/\/freunde-fluechtlingssolidaritaet.org\/wp-content\/uploads\/2024\/09\/03-IMG-1024x576.jpg 1024w, https:\/\/freunde-fluechtlingssolidaritaet.org\/wp-content\/uploads\/2024\/09\/03-IMG-300x169.jpg 300w, https:\/\/freunde-fluechtlingssolidaritaet.org\/wp-content\/uploads\/2024\/09\/03-IMG-768x432.jpg 768w, https:\/\/freunde-fluechtlingssolidaritaet.org\/wp-content\/uploads\/2024\/09\/03-IMG-1536x865.jpg 1536w, https:\/\/freunde-fluechtlingssolidaritaet.org\/wp-content\/uploads\/2024\/09\/03-IMG-2048x1153.jpg 2048w, https:\/\/freunde-fluechtlingssolidaritaet.org\/wp-content\/uploads\/2024\/09\/03-IMG-18x10.jpg 18w\" sizes=\"(max-width: 1024px) 100vw, 1024px\" \/><\/figure>\n\n\n\n<figure class=\"wp-block-image size-large\"><img loading=\"lazy\" decoding=\"async\" width=\"1024\" height=\"576\" data-id=\"5148\" src=\"https:\/\/freunde-fluechtlingssolidaritaet.org\/wp-content\/uploads\/2024\/09\/04-IMG-1024x576.jpg\" alt=\"\" class=\"wp-image-5148\" srcset=\"https:\/\/freunde-fluechtlingssolidaritaet.org\/wp-content\/uploads\/2024\/09\/04-IMG-1024x576.jpg 1024w, https:\/\/freunde-fluechtlingssolidaritaet.org\/wp-content\/uploads\/2024\/09\/04-IMG-300x169.jpg 300w, https:\/\/freunde-fluechtlingssolidaritaet.org\/wp-content\/uploads\/2024\/09\/04-IMG-768x432.jpg 768w, https:\/\/freunde-fluechtlingssolidaritaet.org\/wp-content\/uploads\/2024\/09\/04-IMG-1536x865.jpg 1536w, https:\/\/freunde-fluechtlingssolidaritaet.org\/wp-content\/uploads\/2024\/09\/04-IMG-2048x1153.jpg 2048w, https:\/\/freunde-fluechtlingssolidaritaet.org\/wp-content\/uploads\/2024\/09\/04-IMG-18x10.jpg 18w\" sizes=\"(max-width: 1024px) 100vw, 1024px\" \/><\/figure>\n\n\n\n<figure class=\"wp-block-image size-large\"><img loading=\"lazy\" decoding=\"async\" width=\"1024\" height=\"815\" data-id=\"5143\" src=\"https:\/\/freunde-fluechtlingssolidaritaet.org\/wp-content\/uploads\/2024\/09\/05-IMG-1024x815.jpg\" alt=\"\" class=\"wp-image-5143\" srcset=\"https:\/\/freunde-fluechtlingssolidaritaet.org\/wp-content\/uploads\/2024\/09\/05-IMG-1024x815.jpg 1024w, https:\/\/freunde-fluechtlingssolidaritaet.org\/wp-content\/uploads\/2024\/09\/05-IMG-300x239.jpg 300w, https:\/\/freunde-fluechtlingssolidaritaet.org\/wp-content\/uploads\/2024\/09\/05-IMG-768x611.jpg 768w, https:\/\/freunde-fluechtlingssolidaritaet.org\/wp-content\/uploads\/2024\/09\/05-IMG-1536x1223.jpg 1536w, https:\/\/freunde-fluechtlingssolidaritaet.org\/wp-content\/uploads\/2024\/09\/05-IMG-2048x1630.jpg 2048w, https:\/\/freunde-fluechtlingssolidaritaet.org\/wp-content\/uploads\/2024\/09\/05-IMG-15x12.jpg 15w\" sizes=\"(max-width: 1024px) 100vw, 1024px\" \/><\/figure>\n\n\n\n<figure class=\"wp-block-image size-large\"><img loading=\"lazy\" decoding=\"async\" width=\"1024\" height=\"864\" data-id=\"5142\" src=\"https:\/\/freunde-fluechtlingssolidaritaet.org\/wp-content\/uploads\/2024\/09\/06-IMG-1024x864.jpg\" alt=\"\" class=\"wp-image-5142\" srcset=\"https:\/\/freunde-fluechtlingssolidaritaet.org\/wp-content\/uploads\/2024\/09\/06-IMG-1024x864.jpg 1024w, https:\/\/freunde-fluechtlingssolidaritaet.org\/wp-content\/uploads\/2024\/09\/06-IMG-300x253.jpg 300w, https:\/\/freunde-fluechtlingssolidaritaet.org\/wp-content\/uploads\/2024\/09\/06-IMG-768x648.jpg 768w, https:\/\/freunde-fluechtlingssolidaritaet.org\/wp-content\/uploads\/2024\/09\/06-IMG-1536x1296.jpg 1536w, https:\/\/freunde-fluechtlingssolidaritaet.org\/wp-content\/uploads\/2024\/09\/06-IMG-2048x1727.jpg 2048w, https:\/\/freunde-fluechtlingssolidaritaet.org\/wp-content\/uploads\/2024\/09\/06-IMG-14x12.jpg 14w\" sizes=\"(max-width: 1024px) 100vw, 1024px\" \/><\/figure>\n\n\n\n<figure class=\"wp-block-image size-large\"><img loading=\"lazy\" decoding=\"async\" width=\"1024\" height=\"682\" data-id=\"209\" src=\"https:\/\/freunde-fluechtlingssolidaritaet.org\/wp-content\/uploads\/2021\/02\/start-1024x682.png\" alt=\"\" class=\"wp-image-209\" srcset=\"https:\/\/freunde-fluechtlingssolidaritaet.org\/wp-content\/uploads\/2021\/02\/start-1024x682.png 1024w, https:\/\/freunde-fluechtlingssolidaritaet.org\/wp-content\/uploads\/2021\/02\/start-300x200.png 300w, https:\/\/freunde-fluechtlingssolidaritaet.org\/wp-content\/uploads\/2021\/02\/start-768x512.png 768w, https:\/\/freunde-fluechtlingssolidaritaet.org\/wp-content\/uploads\/2021\/02\/start-1536x1023.png 1536w, https:\/\/freunde-fluechtlingssolidaritaet.org\/wp-content\/uploads\/2021\/02\/start.png 1600w\" sizes=\"(max-width: 1024px) 100vw, 1024px\" \/><\/figure>\n\n\n\n<figure class=\"wp-block-image size-large\"><img loading=\"lazy\" decoding=\"async\" width=\"1024\" height=\"584\" data-id=\"247\" src=\"https:\/\/freunde-fluechtlingssolidaritaet.org\/wp-content\/uploads\/2021\/02\/02_Demo-Stuttgart-August-1024x584.jpg\" alt=\"Demo in Stuttgart gegen die Abschiebungen\" class=\"wp-image-247\" srcset=\"https:\/\/freunde-fluechtlingssolidaritaet.org\/wp-content\/uploads\/2021\/02\/02_Demo-Stuttgart-August-1024x584.jpg 1024w, https:\/\/freunde-fluechtlingssolidaritaet.org\/wp-content\/uploads\/2021\/02\/02_Demo-Stuttgart-August-300x171.jpg 300w, https:\/\/freunde-fluechtlingssolidaritaet.org\/wp-content\/uploads\/2021\/02\/02_Demo-Stuttgart-August-768x438.jpg 768w, https:\/\/freunde-fluechtlingssolidaritaet.org\/wp-content\/uploads\/2021\/02\/02_Demo-Stuttgart-August-1536x876.jpg 1536w, https:\/\/freunde-fluechtlingssolidaritaet.org\/wp-content\/uploads\/2021\/02\/02_Demo-Stuttgart-August-2048x1168.jpg 2048w\" sizes=\"(max-width: 1024px) 100vw, 1024px\" \/><figcaption class=\"wp-element-caption\">Demo in Stuttgart gegen die Abschiebung von Alassa Mfouapon am 18.8.18 <\/figcaption><\/figure>\n<\/figure>\n","protected":false},"excerpt":{"rendered":"<p>\u201eWir sind Fl\u00fcchtlinge, wir sind Arbeiter und wir wollen arbeiten! Arbeit f\u00fcr alle, nicht nur f\u00fcr \u201eprivilegierte\u201c Fl\u00fcchtlinge!\u201c 11 Punkte Arbeitsprogramm des Freundeskreises Fl\u00fcchtlingssolidarit\u00e4t (einstimmig&hellip;<\/p>","protected":false},"author":12,"featured_media":0,"parent":32,"menu_order":0,"comment_status":"open","ping_status":"closed","template":"","meta":{"_price":"","_stock":"","_tribe_ticket_header":"","_tribe_default_ticket_provider":"","_tribe_ticket_capacity":"0","_ticket_start_date":"","_ticket_end_date":"","_tribe_ticket_show_description":"","_tribe_ticket_show_not_going":false,"_tribe_ticket_use_global_stock":"","_tribe_ticket_global_stock_level":"","_global_stock_mode":"","_global_stock_cap":"","_tribe_rsvp_for_event":"","_tribe_ticket_going_count":"","_tribe_ticket_not_going_count":"","_tribe_tickets_list":"[]","_tribe_ticket_has_attendee_info_fields":false,"_EventAllDay":false,"_EventTimezone":"","_EventStartDate":"","_EventEndDate":"","_EventStartDateUTC":"","_EventEndDateUTC":"","_EventShowMap":false,"_EventShowMapLink":false,"_EventURL":"","_EventCost":"","_EventCostDescription":"","_EventCurrencySymbol":"","_EventCurrencyCode":"","_EventCurrencyPosition":"","_EventDateTimeSeparator":"","_EventTimeRangeSeparator":"","_EventOrganizerID":[],"_EventVenueID":[],"_OrganizerEmail":"","_OrganizerPhone":"","_OrganizerWebsite":"","_VenueAddress":"","_VenueCity":"","_VenueCountry":"","_VenueProvince":"","_VenueState":"","_VenueZip":"","_VenuePhone":"","_VenueURL":"","_VenueStateProvince":"","_VenueLat":"","_VenueLng":"","_VenueShowMap":false,"_VenueShowMapLink":false,"_themeisle_gutenberg_block_has_review":false,"footnotes":"","_tec_slr_enabled":"","_tec_slr_layout":""},"class_list":["post-586","page","type-page","status-publish","hentry"],"ticketed":false,"_links":{"self":[{"href":"https:\/\/freunde-fluechtlingssolidaritaet.org\/es\/wp-json\/wp\/v2\/pages\/586","targetHints":{"allow":["GET"]}}],"collection":[{"href":"https:\/\/freunde-fluechtlingssolidaritaet.org\/es\/wp-json\/wp\/v2\/pages"}],"about":[{"href":"https:\/\/freunde-fluechtlingssolidaritaet.org\/es\/wp-json\/wp\/v2\/types\/page"}],"author":[{"embeddable":true,"href":"https:\/\/freunde-fluechtlingssolidaritaet.org\/es\/wp-json\/wp\/v2\/users\/12"}],"replies":[{"embeddable":true,"href":"https:\/\/freunde-fluechtlingssolidaritaet.org\/es\/wp-json\/wp\/v2\/comments?post=586"}],"version-history":[{"count":15,"href":"https:\/\/freunde-fluechtlingssolidaritaet.org\/es\/wp-json\/wp\/v2\/pages\/586\/revisions"}],"predecessor-version":[{"id":5294,"href":"https:\/\/freunde-fluechtlingssolidaritaet.org\/es\/wp-json\/wp\/v2\/pages\/586\/revisions\/5294"}],"up":[{"embeddable":true,"href":"https:\/\/freunde-fluechtlingssolidaritaet.org\/es\/wp-json\/wp\/v2\/pages\/32"}],"wp:attachment":[{"href":"https:\/\/freunde-fluechtlingssolidaritaet.org\/es\/wp-json\/wp\/v2\/media?parent=586"}],"curies":[{"name":"wp","href":"https:\/\/api.w.org\/{rel}","templated":true}]}}