{"id":507,"date":"2021-02-11T11:23:34","date_gmt":"2021-02-11T10:23:34","guid":{"rendered":"http:\/\/freunde-fluechtlingssolidaritaet.org\/?page_id=507"},"modified":"2024-09-23T12:42:15","modified_gmt":"2024-09-23T10:42:15","slug":"was-wir-wollen","status":"publish","type":"page","link":"https:\/\/freunde-fluechtlingssolidaritaet.org\/fa\/%d9%85%d8%b7%d8%a8%d9%88%d8%b9%d8%a7%d8%aa\/%da%86%db%8c%d8%b2%db%8c-%da%a9%d9%87-%d9%85%d8%a7-%d9%85%db%8c-%d8%ae%d9%88%d8%a7%d9%87%db%8c%d9%85","title":{"rendered":"\u0686\u06cc\u0632\u06cc \u06a9\u0647 \u0645\u0627 \u0645\u06cc \u062e\u0648\u0627\u0647\u06cc\u0645"},"content":{"rendered":"<style>.wp-block-kadence-advancedheading.kt-adv-heading_f72449-9c, .wp-block-kadence-advancedheading.kt-adv-heading_f72449-9c[data-kb-block=\"kb-adv-heading_f72449-9c\"]{font-style:normal;}.wp-block-kadence-advancedheading.kt-adv-heading_f72449-9c mark.kt-highlight, .wp-block-kadence-advancedheading.kt-adv-heading_f72449-9c[data-kb-block=\"kb-adv-heading_f72449-9c\"] mark.kt-highlight{font-style:normal;color:#f76a0c;-webkit-box-decoration-break:clone;box-decoration-break:clone;padding-top:0px;padding-right:0px;padding-bottom:0px;padding-left:0px;}.wp-block-kadence-advancedheading.kt-adv-heading_f72449-9c img.kb-inline-image, .wp-block-kadence-advancedheading.kt-adv-heading_f72449-9c[data-kb-block=\"kb-adv-heading_f72449-9c\"] img.kb-inline-image{width:150px;vertical-align:baseline;}<\/style>\n<h2 class=\"kt-adv-heading_f72449-9c wp-block-kadence-advancedheading\" data-kb-block=\"kb-adv-heading_f72449-9c\"><strong>Abschlussresolution des Fl\u00fcchtlingstreffen am 27. Juni 2020 <\/strong><\/h2>\n\n\n\n<p>Wir 66 Teilnehmer des Treffens am 27. Juni 2020, zu dem Solidarit\u00e4t International e.V und der Freundeskreis Alassa &amp; friends eingeladen haben, haben viel Unglaubliches geh\u00f6rt, wie in Deutschland Fl\u00fcchtlinge behandelt werden \u2013 wie Menschen zweiter und dritter Klasse. Nicht nur jetzt in Zeiten der Corona-Pandemie, wo wir gezwungen wurden und werden, auf engstem Raum zusammen zu wohnen \u2013 ohne Masken, ohne Tests. Wir werden eingesperrt wie Kriminelle. Jahrelang warten wir darauf, einen Asylantrag zu stellen. Man geht als Fl\u00fcchtling durch ein Trauma nach dem anderen.<\/p>\n\n\n<style>.wp-block-kadence-advancedbtn.kb-btns_660e7c-a8{gap:var(--global-kb-gap-xs, 0.5rem );justify-content:center;align-items:center;}.kt-btns_660e7c-a8 .kt-button{font-weight:normal;font-style:normal;}.kt-btns_660e7c-a8 .kt-btn-wrap-0{margin-right:5px;}.wp-block-kadence-advancedbtn.kt-btns_660e7c-a8 .kt-btn-wrap-0 .kt-button{color:#313131;background:linear-gradient(180deg, rgba(171, 184, 195, 0.03) 0%, #999999 100%);border-color:#555555;}.wp-block-kadence-advancedbtn.kt-btns_660e7c-a8 .kt-btn-wrap-0 .kt-button:hover, .wp-block-kadence-advancedbtn.kt-btns_660e7c-a8 .kt-btn-wrap-0 .kt-button:focus{color:#ffffff;border-color:#444444;}.wp-block-kadence-advancedbtn.kt-btns_660e7c-a8 .kt-btn-wrap-0 .kt-button::before{-webkit-transition:opacity .3s ease-in-out;-moz-transition:opacity .3s ease-in-out;transition:opacity .3s ease-in-out;background:#444444;}.kt-btns_660e7c-a8 .kt-btn-wrap-1{margin-right:5px;}.wp-block-kadence-advancedbtn.kt-btns_660e7c-a8 .kt-btn-wrap-1 .kt-button{color:#313131;background:linear-gradient(180deg, rgba(171, 184, 195, 0.01) 0%, #999999 100%);border-color:#555555;}.wp-block-kadence-advancedbtn.kt-btns_660e7c-a8 .kt-btn-wrap-1 .kt-button:hover, .wp-block-kadence-advancedbtn.kt-btns_660e7c-a8 .kt-btn-wrap-1 .kt-button:focus{color:#ffffff;border-color:#444444;}.wp-block-kadence-advancedbtn.kt-btns_660e7c-a8 .kt-btn-wrap-1 .kt-button::before{-webkit-transition:opacity .3s ease-in-out;-moz-transition:opacity .3s ease-in-out;transition:opacity .3s ease-in-out;background:#444444;}.kt-btns_660e7c-a8 .kt-btn-wrap-2{margin-right:5px;}.wp-block-kadence-advancedbtn.kt-btns_660e7c-a8 .kt-btn-wrap-2 .kt-button{color:#313131;background:linear-gradient(180deg, rgba(171, 184, 195, 0.03) 0%, #888888 100%);border-color:#555555;}.wp-block-kadence-advancedbtn.kt-btns_660e7c-a8 .kt-btn-wrap-2 .kt-button:hover, .wp-block-kadence-advancedbtn.kt-btns_660e7c-a8 .kt-btn-wrap-2 .kt-button:focus{color:#ffffff;border-color:#444444;}.wp-block-kadence-advancedbtn.kt-btns_660e7c-a8 .kt-btn-wrap-2 .kt-button::before{-webkit-transition:opacity .3s ease-in-out;-moz-transition:opacity .3s ease-in-out;transition:opacity .3s ease-in-out;background:#444444;}<\/style>\n<div class=\"wp-block-kadence-advancedbtn kt-btn-align-center kt-btn-tablet-align-inherit kt-btn-mobile-align-inherit kt-btns-wrap kt-btns_660e7c-a8\"><div class=\"kt-btn-wrap kt-btn-wrap-0\"><a class=\"kt-button button kt-btn-0-action kt-btn-size-standard kt-btn-style-basic kt-btn-svg-show-always kt-btn-has-text-true kt-btn-has-svg-false\" href=\"abschlussresolution-des-fluechtlingstreffen-am-27-juni-2020\"><span class=\"kt-btn-inner-text\">weiterlesen<\/span><\/a><\/div><div class=\"kt-btn-wrap kt-btn-wrap-1\"><a class=\"kt-button button kt-btn-1-action kt-btn-size-standard kt-btn-style-basic kt-btn-svg-show-always kt-btn-has-text-true kt-btn-has-svg-false\" href=\"http:\/\/freunde-fluechtlingssolidaritaet.org\/resolution-finale-du-27-juin-2020\"><span class=\"kt-btn-inner-text\">Franz\u00f6sisch<\/span><\/a><\/div><div class=\"kt-btn-wrap kt-btn-wrap-2\"><a class=\"kt-button button kt-btn-2-action kt-btn-size-standard kt-btn-style-basic kt-btn-svg-show-always kt-btn-has-text-true kt-btn-has-svg-false\" href=\"\/final-resolution-of-the-refugee-meeting-on-june-27-2020\"><span class=\"kt-btn-inner-text\">Englisch<\/span><\/a><\/div><\/div>\n\n\n\n<p><\/p>\n\n\n<style>.wp-block-kadence-advancedheading.kt-adv-heading_16f4fe-45, .wp-block-kadence-advancedheading.kt-adv-heading_16f4fe-45[data-kb-block=\"kb-adv-heading_16f4fe-45\"]{font-style:normal;}.wp-block-kadence-advancedheading.kt-adv-heading_16f4fe-45 mark.kt-highlight, .wp-block-kadence-advancedheading.kt-adv-heading_16f4fe-45[data-kb-block=\"kb-adv-heading_16f4fe-45\"] mark.kt-highlight{font-style:normal;color:#f76a0c;-webkit-box-decoration-break:clone;box-decoration-break:clone;padding-top:0px;padding-right:0px;padding-bottom:0px;padding-left:0px;}.wp-block-kadence-advancedheading.kt-adv-heading_16f4fe-45 img.kb-inline-image, .wp-block-kadence-advancedheading.kt-adv-heading_16f4fe-45[data-kb-block=\"kb-adv-heading_16f4fe-45\"] img.kb-inline-image{width:150px;vertical-align:baseline;}<\/style>\n<h2 class=\"kt-adv-heading_16f4fe-45 wp-block-kadence-advancedheading\" data-kb-block=\"kb-adv-heading_16f4fe-45\"><strong>Bauen wir starke Ketten der Solidarit\u00e4t im Kampf gegen Abschiebungen<\/strong><\/h2>\n\n\n\n<h3 class=\"wp-block-heading\">Freundeskreis Fl\u00fcchtlingssolidarit\u00e4t Juli 2020<\/h3>\n\n\n\n<p>Bauen wir starke Ketten der Solidarit\u00e4t im Kampf gegen Abschiebungen auf<\/p>\n\n\n\n<p>Es ist Bestandteil der reaktion\u00e4ren Fl\u00fcchtlingspolitik der BRD Abschiebungen zu verst\u00e4rken. Bauen wir st\u00e4rkere Ketten der Solidarit\u00e4t auf.<\/p>\n\n\n\n<ol class=\"wp-block-list\"><li>Der\/die Betroffene stehen im Mittelpunkt. Er\/sie ist Ihr\/sein st\u00e4rkster Trumpf, mit seiner\/ihrer Person, ihnen Fluchtgr\u00fcnden, ihren Zielen. Er\/sie selbst m\u00fcssen den Kampf aufnehmen wollten.<\/li><li>Wird eine Abschiebung angek\u00fcndigt, gilt es die konkrete Abschiebegef\u00e4hrdung m\u00f6glichst exakt einzusch\u00e4tzen. Wir helfen f\u00fcr eine sofort n\u00f6tige juristische Beratung die Dokumente geordnet vorlegen zu k\u00f6nnen.  <\/li><\/ol>\n\n\n<style>.wp-block-kadence-advancedbtn.kb-btns_e112b0-3b{gap:var(--global-kb-gap-xs, 0.5rem );justify-content:center;align-items:center;}.kt-btns_e112b0-3b .kt-button{font-weight:normal;font-style:normal;}.kt-btns_e112b0-3b .kt-btn-wrap-0{margin-right:5px;}.wp-block-kadence-advancedbtn.kt-btns_e112b0-3b .kt-btn-wrap-0 .kt-button{color:#313131;background:linear-gradient(180deg, rgba(0, 0, 0, 0.01) 0%, #999999 100%);border-color:#555555;}.wp-block-kadence-advancedbtn.kt-btns_e112b0-3b .kt-btn-wrap-0 .kt-button:hover, .wp-block-kadence-advancedbtn.kt-btns_e112b0-3b .kt-btn-wrap-0 .kt-button:focus{color:#ffffff;border-color:#444444;}.wp-block-kadence-advancedbtn.kt-btns_e112b0-3b .kt-btn-wrap-0 .kt-button::before{-webkit-transition:opacity .3s ease-in-out;-moz-transition:opacity .3s ease-in-out;transition:opacity .3s ease-in-out;background:#444444;}.kt-btns_e112b0-3b .kt-btn-wrap-1{margin-right:5px;}.wp-block-kadence-advancedbtn.kt-btns_e112b0-3b .kt-btn-wrap-1 .kt-button{color:#313131;background:linear-gradient(180deg, rgba(0, 0, 0, 0.02) 0%, #999999 100%);border-color:#555555;}.wp-block-kadence-advancedbtn.kt-btns_e112b0-3b .kt-btn-wrap-1 .kt-button:hover, .wp-block-kadence-advancedbtn.kt-btns_e112b0-3b .kt-btn-wrap-1 .kt-button:focus{color:#ffffff;border-color:#444444;}.wp-block-kadence-advancedbtn.kt-btns_e112b0-3b .kt-btn-wrap-1 .kt-button::before{-webkit-transition:opacity .3s ease-in-out;-moz-transition:opacity .3s ease-in-out;transition:opacity .3s ease-in-out;background:#444444;}.kt-btns_e112b0-3b .kt-btn-wrap-2{margin-right:5px;}.wp-block-kadence-advancedbtn.kt-btns_e112b0-3b .kt-btn-wrap-2 .kt-button{color:#313131;background:linear-gradient(180deg, rgba(255,255,255,0) 0%, #999999 100%);border-color:#555555;}.wp-block-kadence-advancedbtn.kt-btns_e112b0-3b .kt-btn-wrap-2 .kt-button:hover, .wp-block-kadence-advancedbtn.kt-btns_e112b0-3b .kt-btn-wrap-2 .kt-button:focus{color:#ffffff;border-color:#444444;}.wp-block-kadence-advancedbtn.kt-btns_e112b0-3b .kt-btn-wrap-2 .kt-button::before{-webkit-transition:opacity .3s ease-in-out;-moz-transition:opacity .3s ease-in-out;transition:opacity .3s ease-in-out;background:#444444;}<\/style>\n<div class=\"wp-block-kadence-advancedbtn kt-btn-align-center kt-btn-tablet-align-inherit kt-btn-mobile-align-inherit kt-btns-wrap kt-btns_e112b0-3b\"><div class=\"kt-btn-wrap kt-btn-wrap-0\"><a class=\"kt-button button kt-btn-0-action kt-btn-size-standard kt-btn-style-basic kt-btn-svg-show-always kt-btn-has-text-true kt-btn-has-svg-false\" href=\"bauen-wir-starke-ketten-der-solidaritaet-im-kampf-gegen-abschiebungen-auf\" target=\"_blank\" rel=\"noreferrer noopener\"><span class=\"kt-btn-inner-text\">weiterlesen<\/span><\/a><\/div><div class=\"kt-btn-wrap kt-btn-wrap-1\"><a class=\"kt-button button kt-btn-1-action kt-btn-size-standard kt-btn-style-basic kt-btn-svg-show-always kt-btn-has-text-true kt-btn-has-svg-false\" href=\"let-us-build-strong-chains-of-solidarity-in-the-fight-against-deportations\" target=\"_blank\" rel=\"noreferrer noopener\"><span class=\"kt-btn-inner-text\">Englisch<\/span><\/a><\/div><div class=\"kt-btn-wrap kt-btn-wrap-2\"><a class=\"kt-button button kt-btn-2-action kt-btn-size-standard kt-btn-style-basic kt-btn-svg-show-always kt-btn-has-text-true kt-btn-has-svg-false\" href=\"construisons-de-solides-chaines-de-solidarite-dans-la-lutte-contre-les-expulsions\"><span class=\"kt-btn-inner-text\">Franz\u00f6sisch<\/span><\/a><\/div><\/div>\n\n\n<style>.wp-block-kadence-advancedheading.kt-adv-heading_8b86c3-a6, .wp-block-kadence-advancedheading.kt-adv-heading_8b86c3-a6[data-kb-block=\"kb-adv-heading_8b86c3-a6\"]{font-style:normal;}.wp-block-kadence-advancedheading.kt-adv-heading_8b86c3-a6 mark.kt-highlight, .wp-block-kadence-advancedheading.kt-adv-heading_8b86c3-a6[data-kb-block=\"kb-adv-heading_8b86c3-a6\"] mark.kt-highlight{font-style:normal;color:#f76a0c;-webkit-box-decoration-break:clone;box-decoration-break:clone;padding-top:0px;padding-right:0px;padding-bottom:0px;padding-left:0px;}.wp-block-kadence-advancedheading.kt-adv-heading_8b86c3-a6 img.kb-inline-image, .wp-block-kadence-advancedheading.kt-adv-heading_8b86c3-a6[data-kb-block=\"kb-adv-heading_8b86c3-a6\"] img.kb-inline-image{width:150px;vertical-align:baseline;}<\/style>\n<h2 class=\"kt-adv-heading_8b86c3-a6 wp-block-kadence-advancedheading\" data-kb-block=\"kb-adv-heading_8b86c3-a6\"><strong><br>11 Punkte Programm des Freundeskreis Fl\u00fcchtlingssolidarit\u00e4t<\/strong><\/h2>\n\n\n\n<p>(einstimmig verabschiedet beim Gr\u00fcndungstreffen des Freundeskreis Fl\u00fcchtlinge am 27.6.2020)<\/p>\n\n\n\n<ol class=\"wp-block-list\"><li>Der \u201eFreundeskreisFl\u00fcchtlingssolidarit\u00e4t\u201c ist ein \u00fcberparteilicher, selbstorganisierter Zusammenschluss von Fl\u00fcchtlingen und Aktivisten der demokratischen und revolution\u00e4ren Bewegung in Deutschland, der gegen die reaktion\u00e4re Fl\u00fcchtlingspolitik der Bundesregierung und der EU k\u00e4mpft und f\u00fcr das Asylrecht auf politischer Grundlage. Er baut auf den reichhaltigen Erfahrungen der selbstorganisierten Fl\u00fcchtlinge aus Ellwangen auf, die \u2013 wie Alassa Mfouapon &#8211; gegen den martialischen Polizeieinsatz oder Abschiebungen entschlossen gek\u00e4mpft haben und k\u00e4mpfen.<\/li><li>Der Freundeskreis tritt ein f\u00fcr grundlegende demokratische sowie soziale Rechte und Freiheiten, das Recht auf Flucht sowie die Anerkennung frauenspezifischer Unterdr\u00fcckung als Asylgrund. <\/li><\/ol>\n\n\n<style>.wp-block-kadence-advancedbtn.kb-btns_619402-2c{gap:var(--global-kb-gap-xs, 0.5rem );justify-content:center;align-items:center;}.kt-btns_619402-2c .kt-button{font-weight:normal;font-style:normal;}.kt-btns_619402-2c .kt-btn-wrap-0{margin-right:5px;}.wp-block-kadence-advancedbtn.kt-btns_619402-2c .kt-btn-wrap-0 .kt-button{color:#313131;background:linear-gradient(180deg, rgba(0, 0, 0, 0.01) 0%, #999999 100%);border-color:#555555;}.wp-block-kadence-advancedbtn.kt-btns_619402-2c .kt-btn-wrap-0 .kt-button:hover, .wp-block-kadence-advancedbtn.kt-btns_619402-2c .kt-btn-wrap-0 .kt-button:focus{color:#ffffff;border-color:#444444;}.wp-block-kadence-advancedbtn.kt-btns_619402-2c .kt-btn-wrap-0 .kt-button::before{-webkit-transition:opacity .3s ease-in-out;-moz-transition:opacity .3s ease-in-out;transition:opacity .3s ease-in-out;background:#444444;}.kt-btns_619402-2c .kt-btn-wrap-1{margin-right:5px;}.wp-block-kadence-advancedbtn.kt-btns_619402-2c .kt-btn-wrap-1 .kt-button{color:#313131;background:linear-gradient(180deg, rgba(0, 0, 0, 0.01) 0%, #999999 100%);border-color:#555555;}.wp-block-kadence-advancedbtn.kt-btns_619402-2c .kt-btn-wrap-1 .kt-button:hover, .wp-block-kadence-advancedbtn.kt-btns_619402-2c .kt-btn-wrap-1 .kt-button:focus{color:#ffffff;border-color:#444444;}.wp-block-kadence-advancedbtn.kt-btns_619402-2c .kt-btn-wrap-1 .kt-button::before{-webkit-transition:opacity .3s ease-in-out;-moz-transition:opacity .3s ease-in-out;transition:opacity .3s ease-in-out;background:#444444;}.kt-btns_619402-2c .kt-btn-wrap-2{margin-right:5px;}.wp-block-kadence-advancedbtn.kt-btns_619402-2c .kt-btn-wrap-2 .kt-button{color:#313131;background:linear-gradient(180deg, rgba(255,255,255,0) 0%, #999999 100%);border-color:#555555;}.wp-block-kadence-advancedbtn.kt-btns_619402-2c .kt-btn-wrap-2 .kt-button:hover, .wp-block-kadence-advancedbtn.kt-btns_619402-2c .kt-btn-wrap-2 .kt-button:focus{color:#ffffff;border-color:#444444;}.wp-block-kadence-advancedbtn.kt-btns_619402-2c .kt-btn-wrap-2 .kt-button::before{-webkit-transition:opacity .3s ease-in-out;-moz-transition:opacity .3s ease-in-out;transition:opacity .3s ease-in-out;background:#444444;}<\/style>\n<div class=\"wp-block-kadence-advancedbtn kt-btn-align-center kt-btn-tablet-align-inherit kt-btn-mobile-align-inherit kt-btns-wrap kt-btns_619402-2c\"><div class=\"kt-btn-wrap kt-btn-wrap-0\"><a class=\"kt-button button kt-btn-0-action kt-btn-size-standard kt-btn-style-basic kt-btn-svg-show-always kt-btn-has-text-true kt-btn-has-svg-false\" href=\"11-punkte-programm-des-freundeskreis-fluechtlingssolidaritaet\" target=\"_blank\" rel=\"noreferrer noopener\"><span class=\"kt-btn-inner-text\">weiterlesen<\/span><\/a><\/div><div class=\"kt-btn-wrap kt-btn-wrap-1\"><a class=\"kt-button button kt-btn-1-action kt-btn-size-standard kt-btn-style-basic kt-btn-svg-show-always kt-btn-has-text-true kt-btn-has-svg-false\" href=\"11-point-program-for-the-alassa-friends-circle-of-friends-29-09-2019\" target=\"_blank\" rel=\"noreferrer noopener\"><span class=\"kt-btn-inner-text\">Englisch<\/span><\/a><\/div><div class=\"kt-btn-wrap kt-btn-wrap-2\"><a class=\"kt-button button kt-btn-2-action kt-btn-size-standard kt-btn-style-basic kt-btn-svg-show-always kt-btn-has-text-true kt-btn-has-svg-false\" href=\"proposition-de-programme-en-11-points-du-cercle-damis-alassa-friends\" target=\"_blank\" rel=\"noreferrer noopener\"><span class=\"kt-btn-inner-text\">Franz\u00f6sisch<\/span><\/a><\/div><\/div>\n\n\n\n<p><\/p>\n\n\n<style>.wp-block-kadence-advancedheading.kt-adv-heading_5a1ee4-97, .wp-block-kadence-advancedheading.kt-adv-heading_5a1ee4-97[data-kb-block=\"kb-adv-heading_5a1ee4-97\"]{font-style:normal;}.wp-block-kadence-advancedheading.kt-adv-heading_5a1ee4-97 mark.kt-highlight, .wp-block-kadence-advancedheading.kt-adv-heading_5a1ee4-97[data-kb-block=\"kb-adv-heading_5a1ee4-97\"] mark.kt-highlight{font-style:normal;color:#f76a0c;-webkit-box-decoration-break:clone;box-decoration-break:clone;padding-top:0px;padding-right:0px;padding-bottom:0px;padding-left:0px;}.wp-block-kadence-advancedheading.kt-adv-heading_5a1ee4-97 img.kb-inline-image, .wp-block-kadence-advancedheading.kt-adv-heading_5a1ee4-97[data-kb-block=\"kb-adv-heading_5a1ee4-97\"] img.kb-inline-image{width:150px;vertical-align:baseline;}<\/style>\n<h2 class=\"kt-adv-heading_5a1ee4-97 wp-block-kadence-advancedheading\" data-kb-block=\"kb-adv-heading_5a1ee4-97\"><strong>Jetzt reden wir &#8211; 2.0<br>20-Punkte Arbeitsprogramm &#8211; beschlossen auf dem 1. FL\u00fcchtlingspolitischen Kongress in Stuttgart am 30.11.2019<\/strong><\/h2>\n\n\n\n<p>\u201eJetzt reden wir\u201c war der selbstbewusste Titel der 1. Pressekonferenz der Fl\u00fcchtlinge in Ellwangen nach dem martialischen, rassistischen und rechtswidrigen Polizeieinsatz gegen Fl\u00fcchtlinge in der Landeserstaufnahmeeinrichtung (LEA) am 3. Mai 2018. Dieses Arbeitsprogramm kn\u00fcpft auf der Grundlage der seitdem enorm entfalteten Arbeit daran an und fasst die wesentlichen Ergebnisse des 1. Fl\u00fcchtlingspolitischen Kongress mit \u201eJetzt reden wir \u2013 2.0!\u201c zusammen.<\/p>\n\n\n\n<ol class=\"wp-block-list\"><li>Wir sehen ein Anwachsen der Fluchtursachen auf der ganzen Welt und bek\u00e4mpfen die Ausbeutung der Ressourcen der L\u00e4nder der Welt, ihrer Menschen und der Natur und insbesondere die Versch\u00e4rfungen der Fl\u00fcchtlingspolitik der Herrschenden. Wir sehen diese Entwicklung &#8211; je nach teils unterschiedlichem politischem Standpunkt &#8211; als inhuman, kolonialistisch bzw. imperialistisch verursacht an. Wir stellen uns auf k\u00fcnftig dramatisch wachsende Fl\u00fcchtlingsstr\u00f6me ein.<\/li><li>Wir verwirklichen bereits in unserer Zusammenarbeit unser gesellschaftliches Ziel: Es darf keine Menschen erster und zweiter Klasse geben! Wir verwirklichen einen Paradigmenwechsel: statt Profit und Macht \u2013 Solidarit\u00e4t und Zusammenarbeit in Gleichberechtigung. Je nach politischem Standpunkt nennen wir unser gesellschaftliches Ziel ein gutes Leben, Demokratie, Freiheit oder Sozialismus.<\/li><\/ol>\n\n\n<style>.wp-block-kadence-advancedbtn.kb-btns_f0ceb6-9b{gap:var(--global-kb-gap-xs, 0.5rem );justify-content:center;align-items:center;}.kt-btns_f0ceb6-9b .kt-button{font-weight:normal;font-style:normal;}.kt-btns_f0ceb6-9b .kt-btn-wrap-0{margin-right:5px;}.wp-block-kadence-advancedbtn.kt-btns_f0ceb6-9b .kt-btn-wrap-0 .kt-button{color:#313131;background:linear-gradient(180deg, rgba(0, 0, 0, 0.03) 0%, #999999 100%);border-color:#555555;}.wp-block-kadence-advancedbtn.kt-btns_f0ceb6-9b .kt-btn-wrap-0 .kt-button:hover, .wp-block-kadence-advancedbtn.kt-btns_f0ceb6-9b .kt-btn-wrap-0 .kt-button:focus{color:#ffffff;border-color:#444444;}.wp-block-kadence-advancedbtn.kt-btns_f0ceb6-9b .kt-btn-wrap-0 .kt-button::before{-webkit-transition:opacity .3s ease-in-out;-moz-transition:opacity .3s ease-in-out;transition:opacity .3s ease-in-out;background:#444444;}.kt-btns_f0ceb6-9b .kt-btn-wrap-1{margin-right:5px;}.wp-block-kadence-advancedbtn.kt-btns_f0ceb6-9b .kt-btn-wrap-1 .kt-button{color:#313131;background:linear-gradient(180deg, rgba(255,255,255,0) 0%, #999999 100%);border-color:#555555;}.wp-block-kadence-advancedbtn.kt-btns_f0ceb6-9b .kt-btn-wrap-1 .kt-button:hover, .wp-block-kadence-advancedbtn.kt-btns_f0ceb6-9b .kt-btn-wrap-1 .kt-button:focus{color:#ffffff;border-color:#444444;}.wp-block-kadence-advancedbtn.kt-btns_f0ceb6-9b .kt-btn-wrap-1 .kt-button::before{-webkit-transition:opacity .3s ease-in-out;-moz-transition:opacity .3s ease-in-out;transition:opacity .3s ease-in-out;background:#444444;}.kt-btns_f0ceb6-9b .kt-btn-wrap-2{margin-right:5px;}.wp-block-kadence-advancedbtn.kt-btns_f0ceb6-9b .kt-btn-wrap-2 .kt-button{color:#313131;background:linear-gradient(180deg, rgba(0, 0, 0, 0.01) 0%, #999999 100%);border-color:#555555;}.wp-block-kadence-advancedbtn.kt-btns_f0ceb6-9b .kt-btn-wrap-2 .kt-button:hover, .wp-block-kadence-advancedbtn.kt-btns_f0ceb6-9b .kt-btn-wrap-2 .kt-button:focus{color:#ffffff;border-color:#444444;}.wp-block-kadence-advancedbtn.kt-btns_f0ceb6-9b .kt-btn-wrap-2 .kt-button::before{-webkit-transition:opacity .3s ease-in-out;-moz-transition:opacity .3s ease-in-out;transition:opacity .3s ease-in-out;background:#444444;}<\/style>\n<div class=\"wp-block-kadence-advancedbtn kt-btn-align-center kt-btn-tablet-align-inherit kt-btn-mobile-align-inherit kt-btns-wrap kt-btns_f0ceb6-9b\"><div class=\"kt-btn-wrap kt-btn-wrap-0\"><a class=\"kt-button button kt-btn-0-action kt-btn-size-standard kt-btn-style-basic kt-btn-svg-show-always kt-btn-has-text-true kt-btn-has-svg-false\" href=\"jetzt-reden-wir-2-0-20-punkte-arbeitsprogramm-beschlossen-auf-dem-in-stuttgart-am-30-11-2019\" target=\"_blank\" rel=\"noreferrer noopener\"><span class=\"kt-btn-inner-text\">weiterlesen<\/span><\/a><\/div><div class=\"kt-btn-wrap kt-btn-wrap-1\"><a class=\"kt-button button kt-btn-1-action kt-btn-size-standard kt-btn-style-basic kt-btn-svg-show-always kt-btn-has-text-true kt-btn-has-svg-false\" href=\"now-were-talking-2-020-points-work-program-decided-on-the1st-refugee-policy-congress-in-stuttgart-on-november-30-2019\" target=\"_blank\" rel=\"noreferrer noopener\"><span class=\"kt-btn-inner-text\">Englisch<\/span><\/a><\/div><div class=\"kt-btn-wrap kt-btn-wrap-2\"><a class=\"kt-button button kt-btn-2-action kt-btn-size-standard kt-btn-style-basic kt-btn-svg-show-always kt-btn-has-text-true kt-btn-has-svg-false\" href=\"maintenant-nous-parlons-2-0programme-de-travail-en-20-points-decide-du1er-congres-sur-la-politique-des-refugies-a-stuttgart-le-30-novembre-2019\" target=\"_blank\" rel=\"noreferrer noopener\"><span class=\"kt-btn-inner-text\">Franz\u00f6sisch<\/span><\/a><\/div><\/div>\n","protected":false},"excerpt":{"rendered":"<p>Abschlussresolution des Fl\u00fcchtlingstreffen am 27. Juni 2020 Wir 66 Teilnehmer des Treffens am 27. Juni 2020, zu dem Solidarit\u00e4t International e.V und der Freundeskreis Alassa&hellip;<\/p>","protected":false},"author":12,"featured_media":0,"parent":32,"menu_order":0,"comment_status":"open","ping_status":"closed","template":"","meta":{"_price":"","_stock":"","_tribe_ticket_header":"","_tribe_default_ticket_provider":"","_tribe_ticket_capacity":"0","_ticket_start_date":"","_ticket_end_date":"","_tribe_ticket_show_description":"","_tribe_ticket_show_not_going":false,"_tribe_ticket_use_global_stock":"","_tribe_ticket_global_stock_level":"","_global_stock_mode":"","_global_stock_cap":"","_tribe_rsvp_for_event":"","_tribe_ticket_going_count":"","_tribe_ticket_not_going_count":"","_tribe_tickets_list":"[]","_tribe_ticket_has_attendee_info_fields":false,"_EventAllDay":false,"_EventTimezone":"","_EventStartDate":"","_EventEndDate":"","_EventStartDateUTC":"","_EventEndDateUTC":"","_EventShowMap":false,"_EventShowMapLink":false,"_EventURL":"","_EventCost":"","_EventCostDescription":"","_EventCurrencySymbol":"","_EventCurrencyCode":"","_EventCurrencyPosition":"","_EventDateTimeSeparator":"","_EventTimeRangeSeparator":"","_EventOrganizerID":[],"_EventVenueID":[],"_OrganizerEmail":"","_OrganizerPhone":"","_OrganizerWebsite":"","_VenueAddress":"","_VenueCity":"","_VenueCountry":"","_VenueProvince":"","_VenueState":"","_VenueZip":"","_VenuePhone":"","_VenueURL":"","_VenueStateProvince":"","_VenueLat":"","_VenueLng":"","_VenueShowMap":false,"_VenueShowMapLink":false,"_themeisle_gutenberg_block_has_review":false,"footnotes":"","_tec_slr_enabled":"","_tec_slr_layout":""},"class_list":["post-507","page","type-page","status-publish","hentry"],"ticketed":false,"_links":{"self":[{"href":"https:\/\/freunde-fluechtlingssolidaritaet.org\/fa\/wp-json\/wp\/v2\/pages\/507","targetHints":{"allow":["GET"]}}],"collection":[{"href":"https:\/\/freunde-fluechtlingssolidaritaet.org\/fa\/wp-json\/wp\/v2\/pages"}],"about":[{"href":"https:\/\/freunde-fluechtlingssolidaritaet.org\/fa\/wp-json\/wp\/v2\/types\/page"}],"author":[{"embeddable":true,"href":"https:\/\/freunde-fluechtlingssolidaritaet.org\/fa\/wp-json\/wp\/v2\/users\/12"}],"replies":[{"embeddable":true,"href":"https:\/\/freunde-fluechtlingssolidaritaet.org\/fa\/wp-json\/wp\/v2\/comments?post=507"}],"version-history":[{"count":43,"href":"https:\/\/freunde-fluechtlingssolidaritaet.org\/fa\/wp-json\/wp\/v2\/pages\/507\/revisions"}],"predecessor-version":[{"id":2946,"href":"https:\/\/freunde-fluechtlingssolidaritaet.org\/fa\/wp-json\/wp\/v2\/pages\/507\/revisions\/2946"}],"up":[{"embeddable":true,"href":"https:\/\/freunde-fluechtlingssolidaritaet.org\/fa\/wp-json\/wp\/v2\/pages\/32"}],"wp:attachment":[{"href":"https:\/\/freunde-fluechtlingssolidaritaet.org\/fa\/wp-json\/wp\/v2\/media?parent=507"}],"curies":[{"name":"wp","href":"https:\/\/api.w.org\/{rel}","templated":true}]}}