{"id":637,"date":"2021-02-12T11:32:31","date_gmt":"2021-02-12T10:32:31","guid":{"rendered":"http:\/\/freunde-fluechtlingssolidaritaet.org\/?page_id=637"},"modified":"2024-09-23T12:42:15","modified_gmt":"2024-09-23T10:42:15","slug":"bauen-wir-starke-ketten-der-solidaritaet-im-kampf-gegen-abschiebungen-auf","status":"publish","type":"page","link":"https:\/\/freunde-fluechtlingssolidaritaet.org\/fa\/%d9%85%d8%b7%d8%a8%d9%88%d8%b9%d8%a7%d8%aa\/%d8%a8%db%8c%d8%a7%db%8c%db%8c%d8%af-%d8%af%d8%b1-%d9%85%d8%a8%d8%a7%d8%b1%d8%b2%d9%87-%d8%a8%d8%a7-%d8%aa%d8%a8%d8%b9%db%8c%d8%af%d9%87%d8%a7-%d8%b2%d9%86%d8%ac%db%8c%d8%b1%d9%87%d8%a7%db%8c-%d9%87","title":{"rendered":"\u0628\u06cc\u0627\u06cc\u06cc\u062f \u0632\u0646\u062c\u06cc\u0631\u0647 \u0647\u0627\u06cc \u0645\u062d\u06a9\u0645\u06cc \u0627\u0632 \u0647\u0645\u0628\u0633\u062a\u06af\u06cc \u062f\u0631 \u0645\u0628\u0627\u0631\u0632\u0647 \u0628\u0627 \u0627\u062e\u0631\u0627\u062c \u0647\u0627 \u0627\u06cc\u062c\u0627\u062f \u06a9\u0646\u06cc\u0645"},"content":{"rendered":"<p>\u0647\u0645\u0628\u0633\u062a\u06af\u06cc \u062f\u0648\u0633\u062a\u0627\u0646 \u067e\u0646\u0627\u0647\u0646\u062f\u0647 \u062c\u0648\u0644\u0627\u06cc 2020<\/p>\n\n\n\n<p><\/p>\n\n\n\n<p>\u062a\u0634\u062f\u06cc\u062f \u0627\u062e\u0631\u0627\u062c \u0647\u0627 \u0628\u062e\u0634\u06cc \u0627\u0632 \u0633\u06cc\u0627\u0633\u062a \u0627\u0631\u062a\u062c\u0627\u0639\u06cc \u067e\u0646\u0627\u0647\u0646\u062f\u06af\u06cc FRG \u0627\u0633\u062a. \u0628\u06cc\u0627\u06cc\u06cc\u062f \u0632\u0646\u062c\u06cc\u0631\u0647\u0627\u06cc \u0642\u0648\u06cc \u062a\u0631\u06cc \u0627\u0632 \u0647\u0645\u0628\u0633\u062a\u06af\u06cc \u0628\u0633\u0627\u0632\u06cc\u0645.<\/p>\n\n\n\n<ol class=\"wp-block-list\"><li>\u0641\u0631\u062f \u0645\u0648\u0631\u062f \u0646\u0638\u0631 \u062a\u0645\u0631\u06a9\u0632 \u0627\u0633\u062a. \u0627\u0648 \u0642\u0648\u06cc \u062a\u0631\u06cc\u0646 \u0628\u0631\u06af \u0628\u0631\u0646\u062f\u0647 \u0634\u0645\u0627\u0633\u062a\u060c \u0628\u0627 \u0634\u062e\u0635 \u062e\u0648\u062f\u060c \u062f\u0644\u0627\u06cc\u0644 \u0641\u0631\u0627\u0631 \u0634\u0645\u0627\u060c \u0627\u0647\u062f\u0627\u0641 \u0634\u0645\u0627. \u0627\u0648 \u062e\u0648\u062f\u0634 \u0628\u0627\u06cc\u062f \u0645\u06cc \u062e\u0648\u0627\u0633\u062a \u0645\u0628\u0627\u0631\u0632\u0647 \u06a9\u0646\u062f.<\/li><li>\u062f\u0631 \u0635\u0648\u0631\u062a \u0627\u0639\u0644\u0627\u0645 \u0627\u062e\u0631\u0627\u062c\u060c \u062e\u0637\u0631 \u062e\u0627\u0635 \u0627\u062e\u0631\u0627\u062c \u0628\u0627\u06cc\u062f \u062a\u0627 \u062d\u062f \u0627\u0645\u06a9\u0627\u0646 \u062f\u0642\u06cc\u0642 \u0627\u0631\u0632\u06cc\u0627\u0628\u06cc \u0634\u0648\u062f. \u0645\u0627 \u06a9\u0645\u06a9 \u0645\u06cc \u06a9\u0646\u06cc\u0645 \u062a\u0627 \u0627\u0633\u0646\u0627\u062f \u0631\u0627 \u0628\u0647 \u0635\u0648\u0631\u062a \u0645\u0646\u0638\u0645 \u0628\u0631\u0627\u06cc \u0645\u0634\u0627\u0648\u0631\u0647 \u062d\u0642\u0648\u0642\u06cc \u0641\u0648\u0631\u06cc \u0627\u0631\u0627\u0626\u0647 \u062f\u0647\u06cc\u0645.<\/li><li>\u06a9\u0627\u0631 \u0631\u0648\u0627\u0628\u0637 \u0639\u0645\u0648\u0645\u06cc \u0628\u0631\u0646\u062f\u0647 \u0627\u0633\u062a\u060c \u0628\u0644\u0627\u0641\u0627\u0635\u0644\u0647 \u067e\u0633 \u0627\u0632 \u0627\u0648\u0644\u06cc\u0646 \u062a\u0648\u0627\u0641\u0642 \u062d\u0642\u0648\u0642\u06cc \u0634\u0631\u0648\u0639 \u0645\u06cc \u0634\u0648\u062f \u0648 \u062f\u0627\u0631\u0627\u06cc \u0637\u06cc\u0641 \u06af\u0633\u062a\u0631\u062f\u0647 \u0627\u06cc \u0627\u0632 \u0627\u0645\u06a9\u0627\u0646\u0627\u062a \u0627\u0633\u062a.<ul><li>\u0645\u0627 \u062f\u0631 \u0627\u0633\u0631\u0639 \u0648\u0642\u062a \u06cc\u06a9 \u0644\u06cc\u0633\u062a \u067e\u0633\u062a\u06cc \u0645\u0637\u0628\u0648\u0639\u0627\u062a\u06cc \u0627\u06cc\u062c\u0627\u062f \u0645\u06cc \u06a9\u0646\u06cc\u0645 \u06a9\u0647 \u0628\u0647 \u0637\u0648\u0631 \u0645\u062f\u0627\u0648\u0645 \u062f\u0631 \u062d\u0627\u0644 \u06af\u0633\u062a\u0631\u0634 \u0627\u0633\u062a\u060c \u0647\u0645\u0686\u0646\u06cc\u0646 \u0628\u0627 \u0627\u0641\u0631\u0627\u062f \u0634\u0646\u0627\u062e\u062a\u0647 \u0634\u062f\u0647 \u062f\u0631 \u0633\u0627\u06cc\u062a \u0648 \u0628\u0631\u0642\u0631\u0627\u0631\u06cc \u0627\u0631\u062a\u0628\u0627\u0637 \u0634\u062e\u0635\u06cc \u0628\u0627 \u0645\u0637\u0628\u0648\u0639\u0627\u062a. \u0645\u0634\u062e\u0635 \u06a9\u0646\u06cc\u062f \u0686\u0647 \u06a9\u0633\u06cc \u06a9\u0627\u0631 \u0645\u0637\u0628\u0648\u0639\u0627\u062a\u06cc \u0631\u0627 \u0627\u0646\u062c\u0627\u0645 \u0645\u06cc \u062f\u0647\u062f<\/li><li>\u0628\u0631\u0627\u06cc \u062a\u0648\u0636\u06cc\u062d \u062f\u0644\u0627\u06cc\u0644 \u0641\u0631\u0627\u0631\u060c \u0648\u0636\u0639\u06cc\u062a \u06a9\u0634\u0648\u0631 \u0645\u0628\u062f\u0627 \u0648 \u0648\u0636\u0639\u06cc\u062a \u0634\u062e\u0635\u06cc \u0627\u0641\u0631\u0627\u062f \u0622\u0633\u06cc\u0628 \u062f\u06cc\u062f\u0647\u060c \u06a9\u0645\u067e\u06cc\u0646 \u0647\u0627\u06cc \u0639\u0645\u0648\u0645\u06cc \u0631\u0627 \u0628\u0631\u0646\u0627\u0645\u0647 \u0631\u06cc\u0632\u06cc \u0645\u06cc \u06a9\u0646\u0646\u062f \u0648 \u0628\u0647 \u0633\u06cc\u0627\u0633\u062a \u0627\u0631\u062a\u062c\u0627\u0639\u06cc \u067e\u0646\u0627\u0647\u0646\u062f\u06af\u06cc \u062d\u0645\u0644\u0647 \u0645\u06cc \u06a9\u0646\u0646\u062f.<\/li><\/ul><\/li><\/ol>\n\n\n\n<ul class=\"wp-block-list\"><li>\u062c\u0645\u0639 \u0622\u0648\u0631\u06cc \u0627\u0645\u0636\u0627 \u062f\u0631 \u062e\u06cc\u0627\u0628\u0627\u0646\u060c \u062c\u0644\u0648\u06cc \u0645\u062f\u0627\u0631\u0633\u060c \u0634\u0631\u06a9\u062a \u0647\u0627 \u0648 \u063a\u06cc\u0631\u0647\u060c \u0647\u0645\u0686\u0646\u06cc\u0646 \u0628\u0647 \u0635\u0648\u0631\u062a \u0622\u0646\u0644\u0627\u06cc\u0646 \u0627\u0632 \u0637\u0631\u06cc\u0642 \u062f\u0631\u06af\u0627\u0647 \u0647\u0627\u06cc \u0637\u0648\u0645\u0627\u0631\u060c \u06a9\u0647 \u062e\u0648\u062f\u0645\u0627\u0646 \u0628\u0647 \u0637\u0648\u0631 \u0641\u0639\u0627\u0644 \u0628\u0627 \u0622\u0646\u0647\u0627 \u06a9\u0627\u0631 \u0645\u06cc \u06a9\u0646\u06cc\u0645.<\/li><\/ul>\n\n\n\n<ol class=\"wp-block-list\"><li>\u0627\u0642\u062f\u0627\u0645\u0627\u062a \u0631\u0632\u0645\u06cc \u0645\u0634\u062e\u0635 \u0631\u0627 \u062a\u0648\u0633\u0639\u0647 \u062f\u0647\u06cc\u062f<\/li><\/ol>\n\n\n\n<ul class=\"wp-block-list\"><li>\u0634\u0628 \u0632\u0646\u062f\u0647 \u062f\u0627\u0631\u06cc (&quot;\u062e\u06cc\u0645\u0647 \u0647\u0645\u0628\u0633\u062a\u06af\u06cc&quot;) \u0628\u0627 \u0633\u0627\u0639\u062a \u0645\u0639\u06cc\u0646\u060c \u0628\u0633\u062a\u0647 \u0628\u0647 \u0634\u0631\u0627\u06cc\u0637 \u0646\u06cc\u0632 24 \u0633\u0627\u0639\u062a \u0642\u0628\u0644 \u0627\u0632 \u0627\u0633\u06a9\u0627\u0646 \u062f\u0633\u062a\u0647 \u062c\u0645\u0639\u06cc\u060c \u062f\u0631 \u0645\u06a9\u0627\u0646 \u0647\u0627\u06cc \u0639\u0645\u0648\u0645\u06cc \u06a9\u0647 \u0645\u0631\u062f\u0645 \u0645\u06cc \u062a\u0648\u0627\u0646\u0646\u062f \u062d\u0636\u0648\u0631 \u067e\u06cc\u062f\u0627 \u06a9\u0646\u0646\u062f\u060c \u0627\u0628\u0631\u0627\u0632 \u0647\u0645\u0628\u0633\u062a\u06af\u06cc \u06a9\u0646\u0646\u062f \u0648 \u0627\u0637\u0644\u0627\u0639\u0627\u062a \u06a9\u0633\u0628 \u06a9\u0646\u0646\u062f.<ul><li>\u0633\u0627\u0632\u0645\u0627\u0646\u062f\u0647\u06cc \u0627\u0639\u062a\u0631\u0627\u0636\u0627\u062a \u062f\u0631 \u0641\u0631\u0648\u062f\u06af\u0627\u0647 \u0647\u0627\u06cc \u0645\u0628\u062f\u0627: \u0647\u06cc\u0686 \u0627\u062e\u0631\u0627\u062c \u0631\u0627 \u0646\u0645\u06cc \u062a\u0648\u0627\u0646 \u0628\u062f\u0648\u0646 \u0686\u0627\u0644\u0634 \u067e\u0630\u06cc\u0631\u0641\u062a! \u0645\u0648\u0627\u0641\u0642 \u0646\u06cc\u0633\u062a\u06cc\u0645! \u0627\u06cc\u0646\u062c\u0627 \u0646\u0642\u0636 \u062d\u0642\u0648\u0642 \u0628\u0634\u0631 \u062f\u0631 \u062d\u0627\u0644 \u0648\u0642\u0648\u0639 \u0627\u0633\u062a!<\/li><\/ul><\/li><\/ul>\n\n\n\n<ol class=\"wp-block-list\"><li>\u0645\u0637\u0627\u0644\u0628\u0627\u062a \u0645\u0644\u0645\u0648\u0633 \u0648 \u062f\u0642\u06cc\u0642\u06cc \u0631\u0627 \u0645\u0637\u0631\u062d \u06a9\u0646\u06cc\u062f \u06a9\u0647 \u0628\u0627 \u06a9\u0644 \u0633\u06cc\u0627\u0633\u062a \u067e\u0646\u0627\u0647\u0646\u062f\u06af\u06cc \u0627\u0631\u062a\u0628\u0627\u0637 \u0628\u0631\u0642\u0631\u0627\u0631 \u06a9\u0646\u062f.<\/li><li>\u062a\u0634\u06a9\u06cc\u0644 \u0632\u0646\u062c\u06cc\u0631\u0647 \u0647\u0627\u06cc \u0627\u0637\u0644\u0627\u0639\u0627\u062a \u0648 \u062a\u0644\u0641\u0646. \u0632\u0646\u062c\u06cc\u0631 \u062a\u0644\u0641\u0646 \u0628\u0627\u06cc\u062f \u0628\u0631\u0627\u06cc \u0647\u0631 \u0641\u0631\u062f \u0645\u0631\u0628\u0648\u0637\u0647 \u062a\u0627 \u0627\u0646\u062a\u0647\u0627 \u062b\u0627\u0628\u062a \u0634\u0648\u062f\u060c \u0627\u0645\u0627 \u062f\u0648 \u0628\u0627\u0631 \u0627\u06cc\u0645\u0646 \u0634\u0648\u062f.<\/li><li>\u0634\u062e\u0635 \u0645\u0631\u0628\u0648\u0637\u0647 \u0628\u0627\u06cc\u062f \u0627\u0648\u0644\u06cc\u0646 \u0641\u0631\u062f \u0642\u0627\u0628\u0644 \u0627\u0639\u062a\u0645\u0627\u062f\u06cc \u062f\u0627\u0634\u062a\u0647 \u0628\u0627\u0634\u062f \u06a9\u0647 \u062f\u0631 \u0647\u0631 \u0632\u0645\u0627\u0646\u06cc \u0628\u062a\u0648\u0627\u0646 \u0628\u0627 \u0627\u0648 \u062a\u0645\u0627\u0633 \u06af\u0631\u0641\u062a. \u06a9\u0645\u06a9 \u0648 \u0622\u0645\u0648\u0632\u0634 \u0648\u06cc\u0698\u0647 \u062f\u0631 \u0628\u0631\u0627\u0628\u0631 \u0627\u0636\u0637\u0631\u0627\u0628\u060c \u0627\u062e\u062a\u0644\u0627\u0644\u0627\u062a \u062e\u0648\u0627\u0628\u060c \u062d\u0645\u0644\u0627\u062a \u067e\u0627\u0646\u06cc\u06a9.<\/li><li>\u0645\u0627 \u062f\u0631 \u062c\u0633\u062a\u062c\u0648\u06cc \u0648\u06a9\u0644\u0627\u06cc \u062f\u0645\u0648\u06a9\u0631\u0627\u062a\u06cc\u06a9\u060c \u0628\u06cc\u0646 \u0627\u0644\u0645\u0644\u0644\u06cc \u0648<br>\u06a9\u0645\u06a9 \u0628\u0647 \u0627\u06cc\u062c\u0627\u062f \u0634\u0628\u06a9\u0647 \u0627\u06cc \u0627\u0632 \u0648\u06a9\u0644\u0627 \u0648 \u067e\u0632\u0634\u06a9\u0627\u0646 \u0645\u062a\u0631\u0642\u06cc.<\/li><li>\u0647\u0645\u0628\u0633\u062a\u06af\u06cc \u0628\u0631\u06af \u0628\u0631\u0646\u062f\u0647 \u0627\u0633\u062a\u060c \u0645\u0628\u0627\u0631\u0632\u0647 \u0628\u0627 \u0627\u062e\u0631\u0627\u062c \u062a\u0646\u0647\u0627 \u062f\u0631 \u0635\u0648\u0631\u062a\u06cc \u0627\u0645\u06a9\u0627\u0646 \u067e\u0630\u06cc\u0631 \u0627\u0633\u062a \u06a9\u0647 \u0633\u0627\u0632\u0645\u0627\u0646\u062f\u0647\u06cc \u0634\u0648\u062f. \u062f\u0631 \u0635\u0648\u0631\u062a \u0644\u0632\u0648\u0645\u060c \u06cc\u06a9 \u062d\u0644\u0642\u0647 \u062f\u0648\u0633\u062a\u0627\u0646 \u0645\u062d\u0644\u06cc \u0628\u0631\u0627\u06cc \u0647\u0645\u0628\u0633\u062a\u06af\u06cc \u067e\u0646\u0627\u0647\u0646\u062f\u06af\u0627\u0646 \u067e\u06cc\u062f\u0627 \u06a9\u0646\u06cc\u062f\u060c \u0628\u0647 \u062f\u0646\u0628\u0627\u0644 \u0634\u0631\u06a9\u0627 \u0648 \u0645\u062a\u062d\u062f\u0627\u0646 \u0627\u062a\u062d\u0627\u062f \u0628\u0627\u0634\u06cc\u062f. \u0627\u06cc\u0646 \u0645\u06cc \u062a\u0648\u0627\u0646\u062f \u062f\u0648\u0633\u062a\u0627\u0646\u060c \u062c\u0648\u0627\u0646\u0627\u0646 \u0648 \u0627\u0646\u062c\u0645\u0646 \u0647\u0627\u06cc \u062c\u0648\u0627\u0646\u0627\u0646\u060c \u0647\u0645\u06a9\u0627\u0631\u0627\u0646 \u06a9\u0627\u0631\u060c \u0647\u0648\u0627\u062f\u0627\u0631\u0627\u0646 \u0648\u0631\u0632\u0634\u060c \u062d\u0633\u0627\u062f\u062a \u06a9\u0644\u06cc\u0633\u0627\u060c \u0627\u062a\u062d\u0627\u062f\u06cc\u0647 \u0647\u0627\u060c \u0633\u0627\u0632\u0645\u0627\u0646 \u0647\u0627\u06cc \u0632\u0646\u0627\u0646 \u0645\u0628\u0627\u0631\u0632\u060c ......<\/li><li>\u062a\u0648\u0633\u0639\u0647 \u0631\u0627 \u0628\u0647 \u062f\u0648\u0633\u062a\u0627\u0646 \u0647\u0645\u0628\u0633\u062a\u06af\u06cc \u067e\u0646\u0627\u0647\u0646\u062f\u06af\u0627\u0646 \u0627\u0637\u0644\u0627\u0639 \u0631\u0633\u0627\u0646\u06cc \u06a9\u0646\u06cc\u062f \u062a\u0627 \u062f\u0631 \u0635\u0648\u0631\u062a \u0644\u0632\u0648\u0645 \u062f\u0631 \u0633\u0631\u0627\u0633\u0631 \u06a9\u0634\u0648\u0631 \u0627\u0642\u062f\u0627\u0645 \u06a9\u0646\u0646\u062f.<\/li><li>\u0647\u0631 \u0645\u0628\u0627\u0631\u0632\u0647 \u0628\u0627 \u0627\u062e\u0631\u0627\u062c \u0647\u0632\u06cc\u0646\u0647 \u062f\u0627\u0631\u062f\u060c \u062e\u0648\u0627\u0647 \u0647\u0632\u06cc\u0646\u0647 \u0647\u0627\u06cc \u0642\u0627\u0646\u0648\u0646\u06cc\u060c \u0686\u0627\u067e \u0627\u0639\u0644\u0627\u0645\u06cc\u0647\u060c \u0647\u0632\u06cc\u0646\u0647 \u0647\u0627\u06cc \u0633\u0641\u0631\u060c \u0647\u0631 \u0641\u0639\u0627\u0644\u06cc\u062a\u06cc \u0628\u0627\u06cc\u062f \u0628\u0647 \u0645\u062c\u0645\u0648\u0639\u0647 \u0627\u06cc \u0641\u0639\u0627\u0644 \u0627\u0632 \u06a9\u0645\u06a9 \u0647\u0627\u06cc \u0645\u0627\u0644\u06cc \u0645\u0631\u062a\u0628\u0637 \u0628\u0627\u0634\u062f \u062a\u0627 \u0628\u062a\u0648\u0627\u0646 \u0628\u0647 \u0637\u0648\u0631 \u0645\u0633\u062a\u0642\u0644 \u0647\u0632\u06cc\u0646\u0647 \u0647\u0627\u06cc \u0627\u0646\u062c\u0627\u0645 \u0634\u062f\u0647 \u0631\u0627 \u062a\u0627\u0645\u06cc\u0646 \u06a9\u0631\u062f.<\/li><li>\u0627\u0635\u0648\u0644\u0627\u064b \u0627\u062e\u0631\u0627\u062c \u0632\u0648\u062f\u062a\u0631 \u0627\u0632 10 \u0631\u0648\u0632 \u067e\u0633 \u0627\u0632 \u0635\u062f\u0648\u0631 \u0627\u062e\u0637\u0627\u0631 \u0627\u062e\u0631\u0627\u062c \u0635\u0648\u0631\u062a \u0645\u06cc \u06af\u06cc\u0631\u062f! \u062a\u0627\u06a9\u062a\u06cc\u06a9 &quot;\u0631\u0648\u0632 X&quot; \u06cc\u06a9 \u0631\u0648\u0634 \u0622\u0632\u0645\u0627\u06cc\u0634 \u0634\u062f\u0647 \u0648 \u0622\u0632\u0645\u0627\u06cc\u0634 \u0634\u062f\u0647 \u0628\u0631\u0627\u06cc \u0622\u0645\u0627\u062f\u0647 \u0634\u062f\u0646 \u0628\u0631\u0627\u06cc \u06cc\u06a9 \u0645\u0648\u0642\u0639\u06cc\u062a \u0628\u0627 \u062f\u0642\u062a \u0646\u0638\u0627\u0645\u06cc \u0627\u0633\u062a\u060c \u0628\u0627 \u0645\u06a9\u0627\u0646 \u0648 \u0632\u0645\u0627\u0646 \u062f\u0642\u06cc\u0642 \u0627\u0632 \u0642\u0628\u0644 \u062a\u0639\u06cc\u06cc\u0646 \u0634\u062f\u0647 \u0627\u0633\u062a.<\/li><li>\u0645\u0627 \u0628\u0627\u06cc\u062f \u0645\u06a9\u0627\u0646 \u0632\u0646\u062f\u0627\u0646 \u0647\u0627\u06cc \u062a\u0628\u0639\u06cc\u062f\u06cc \u062f\u0631 \u0645\u0646\u0637\u0642\u0647 \u0631\u0627 \u0628\u0634\u0646\u0627\u0633\u06cc\u0645.<\/li><li>\u0646\u0645\u06cc \u062a\u0648\u0627\u0646 \u0627\u0632 \u0647\u0631 \u062a\u0628\u0639\u06cc\u062f\u06cc \u062c\u0644\u0648\u06af\u06cc\u0631\u06cc \u06a9\u0631\u062f - \u0645\u0628\u0627\u0631\u0632\u0647 \u0645\u06cc \u062a\u0648\u0627\u0646\u062f \u0648 \u0628\u0627\u06cc\u062f \u062f\u0631 \u0647\u0631 \u06a9\u0634\u0648\u0631\u06cc \u062f\u0631 \u062c\u0647\u0627\u0646 \u0627\u062f\u0627\u0645\u0647 \u06cc\u0627\u0628\u062f\u060c \u0645\u0627 \u062f\u0631 \u062a\u0645\u0627\u0633 \u0647\u0633\u062a\u06cc\u0645!<\/li><li>\u0628\u0633\u062a\u0647 \u0628\u0647 \u0627\u06cc\u0646\u06a9\u0647 \u0628\u0647 \u06a9\u062f\u0627\u0645 \u06a9\u0634\u0648\u0631 \u0627\u062e\u0631\u0627\u062c \u0645\u06cc \u0634\u0648\u062f\u060c \u0645\u0627 \u0627\u0632 \u0642\u0628\u0644 \u0645\u0634\u062e\u0635 \u0645\u06cc \u06a9\u0646\u06cc\u0645 \u06a9\u0647 \u0622\u06cc\u0627 \u0645\u062e\u0627\u0637\u0628\u06cc\u0646 \u0634\u062e\u0635\u06cc \u062d\u0644\u0642\u0647 \u062f\u0648\u0633\u062a\u0627\u0646 \u062f\u0631 \u06a9\u0634\u0648\u0631 \u0645\u06cc \u062a\u0648\u0627\u0646\u0646\u062f \u0641\u0631\u062f \u0645\u0648\u0631\u062f \u0646\u0638\u0631 \u0631\u0627 \u062f\u0631\u06cc\u0627\u0641\u062a \u06a9\u0646\u0646\u062f \u0648 \u0622\u06cc\u0627 \u0645\u06cc \u062a\u0648\u0627\u0646 \u0622\u0646\u0647\u0627 \u0631\u0627 \u0628\u0631\u0627\u06cc \u0645\u062f\u062a \u0632\u0645\u0627\u0646 \u062a\u0648\u0627\u0641\u0642 \u0634\u062f\u0647 \u062f\u0631 \u0622\u0646\u062c\u0627 \u0627\u0633\u06a9\u0627\u0646 \u062f\u0627\u062f \u06cc\u0627 \u0627\u0632 \u0622\u0646\u0647\u0627 \u062d\u0645\u0627\u06cc\u062a \u06a9\u0631\u062f.<\/li><\/ol>","protected":false},"excerpt":{"rendered":"<p>Freundeskreis Fl\u00fcchtlingssolidarit\u00e4t Juli 2020 Es ist Bestandteil der reaktion\u00e4ren Fl\u00fcchtlingspolitik der BRD Abschiebungen zu verst\u00e4rken. Bauen wir st\u00e4rkere Ketten der Solidarit\u00e4t auf. Der\/die Betroffene stehen&hellip;<\/p>","protected":false},"author":12,"featured_media":0,"parent":32,"menu_order":0,"comment_status":"open","ping_status":"closed","template":"","meta":{"_price":"","_stock":"","_tribe_ticket_header":"","_tribe_default_ticket_provider":"","_tribe_ticket_capacity":"0","_ticket_start_date":"","_ticket_end_date":"","_tribe_ticket_show_description":"","_tribe_ticket_show_not_going":false,"_tribe_ticket_use_global_stock":"","_tribe_ticket_global_stock_level":"","_global_stock_mode":"","_global_stock_cap":"","_tribe_rsvp_for_event":"","_tribe_ticket_going_count":"","_tribe_ticket_not_going_count":"","_tribe_tickets_list":"[]","_tribe_ticket_has_attendee_info_fields":false,"_EventAllDay":false,"_EventTimezone":"","_EventStartDate":"","_EventEndDate":"","_EventStartDateUTC":"","_EventEndDateUTC":"","_EventShowMap":false,"_EventShowMapLink":false,"_EventURL":"","_EventCost":"","_EventCostDescription":"","_EventCurrencySymbol":"","_EventCurrencyCode":"","_EventCurrencyPosition":"","_EventDateTimeSeparator":"","_EventTimeRangeSeparator":"","_EventOrganizerID":[],"_EventVenueID":[],"_OrganizerEmail":"","_OrganizerPhone":"","_OrganizerWebsite":"","_VenueAddress":"","_VenueCity":"","_VenueCountry":"","_VenueProvince":"","_VenueState":"","_VenueZip":"","_VenuePhone":"","_VenueURL":"","_VenueStateProvince":"","_VenueLat":"","_VenueLng":"","_VenueShowMap":false,"_VenueShowMapLink":false,"_themeisle_gutenberg_block_has_review":false,"footnotes":"","_tec_slr_enabled":"","_tec_slr_layout":""},"class_list":["post-637","page","type-page","status-publish","hentry"],"ticketed":false,"_links":{"self":[{"href":"https:\/\/freunde-fluechtlingssolidaritaet.org\/fa\/wp-json\/wp\/v2\/pages\/637","targetHints":{"allow":["GET"]}}],"collection":[{"href":"https:\/\/freunde-fluechtlingssolidaritaet.org\/fa\/wp-json\/wp\/v2\/pages"}],"about":[{"href":"https:\/\/freunde-fluechtlingssolidaritaet.org\/fa\/wp-json\/wp\/v2\/types\/page"}],"author":[{"embeddable":true,"href":"https:\/\/freunde-fluechtlingssolidaritaet.org\/fa\/wp-json\/wp\/v2\/users\/12"}],"replies":[{"embeddable":true,"href":"https:\/\/freunde-fluechtlingssolidaritaet.org\/fa\/wp-json\/wp\/v2\/comments?post=637"}],"version-history":[{"count":1,"href":"https:\/\/freunde-fluechtlingssolidaritaet.org\/fa\/wp-json\/wp\/v2\/pages\/637\/revisions"}],"predecessor-version":[{"id":638,"href":"https:\/\/freunde-fluechtlingssolidaritaet.org\/fa\/wp-json\/wp\/v2\/pages\/637\/revisions\/638"}],"up":[{"embeddable":true,"href":"https:\/\/freunde-fluechtlingssolidaritaet.org\/fa\/wp-json\/wp\/v2\/pages\/32"}],"wp:attachment":[{"href":"https:\/\/freunde-fluechtlingssolidaritaet.org\/fa\/wp-json\/wp\/v2\/media?parent=637"}],"curies":[{"name":"wp","href":"https:\/\/api.w.org\/{rel}","templated":true}]}}