{"id":381,"date":"2021-02-10T14:30:05","date_gmt":"2021-02-10T13:30:05","guid":{"rendered":"http:\/\/freunde-fluechtlingssolidaritaet.org\/?page_id=381"},"modified":"2024-09-23T12:42:15","modified_gmt":"2024-09-23T10:42:15","slug":"presse-echo","status":"publish","type":"page","link":"https:\/\/freunde-fluechtlingssolidaritaet.org\/ru\/%d0%bd%d0%b0%d0%b6%d0%b8%d0%bc%d0%b0%d1%82%d1%8c\/%d0%bd%d0%b0%d0%b6%d0%bc%d0%b8%d1%82%d0%b5-%d1%8d%d1%85%d0%be","title":{"rendered":"\u043d\u0430\u0436\u043c\u0438\u0442\u0435 \u044d\u0445\u043e"},"content":{"rendered":"\n<p><a rel=\"noreferrer noopener\" href=\"https:\/\/freunde-fluechtlingssolidaritaet.org\/wp-content\/uploads\/2021\/09\/Carola-Rackete-\u201eFluechtlinge-brauchen-die-Aufmerksamkeit-waz.de_.pdf\" target=\"_blank\">14.9.21 WAZ online <strong>Carola Rackete: \u201eFl\u00fcchtlinge brauchen die Aufmerksamkeit\u201c<\/strong><\/a><\/p>\n\n\n<style>.wp-block-kadence-advancedheading.kt-adv-heading_3c89fa-08, .wp-block-kadence-advancedheading.kt-adv-heading_3c89fa-08[data-kb-block=\"kb-adv-heading_3c89fa-08\"]{font-style:normal;}.wp-block-kadence-advancedheading.kt-adv-heading_3c89fa-08 mark.kt-highlight, .wp-block-kadence-advancedheading.kt-adv-heading_3c89fa-08[data-kb-block=\"kb-adv-heading_3c89fa-08\"] mark.kt-highlight{font-style:normal;color:#f76a0c;-webkit-box-decoration-break:clone;box-decoration-break:clone;padding-top:0px;padding-right:0px;padding-bottom:0px;padding-left:0px;}.wp-block-kadence-advancedheading.kt-adv-heading_3c89fa-08 img.kb-inline-image, .wp-block-kadence-advancedheading.kt-adv-heading_3c89fa-08[data-kb-block=\"kb-adv-heading_3c89fa-08\"] img.kb-inline-image{width:150px;vertical-align:baseline;}<\/style>\n<h3 class=\"kt-adv-heading_3c89fa-08 wp-block-kadence-advancedheading\" data-kb-block=\"kb-adv-heading_3c89fa-08\"><strong>Presse-Echo zur erneuten Abschiebungsdrohung <\/strong><br><strong>gegen Alassa<\/strong> <strong>August 2021<\/strong><\/h3>\n\n\n\n<p><a href=\"https:\/\/freunde-fluechtlingssolidaritaet.org\/wp-content\/uploads\/2021\/09\/210921-Presse-SchwaePo_AA-wg-Alassa.pdf\" target=\"_blank\" rel=\"noreferrer noopener\">210921 Schw\u00e4bische Post Aalen: &#8222;Abschiebung von Alassa gestoppt&#8220;<\/a><\/p>\n\n\n\n<p><a rel=\"noreferrer noopener\" href=\"https:\/\/freunde-fluechtlingssolidaritaet.org\/wp-content\/uploads\/2021\/09\/210921-WAZ-Artikel-Prozess-Alassa-2.jpeg\" target=\"_blank\">210921 WAZ\/Gelsenkirchen  &#8222;Alassa Mfouapon: Amt schlampte&#8230;&#8220;<\/a><\/p>\n\n\n\n<p><a href=\"https:\/\/www.labournet.de\/?p=136324\" target=\"_blank\" rel=\"noreferrer noopener\">210920 Labournet &#8220; Stopp der Abschiebungsandrohung&#8230;..<\/a><\/p>\n\n\n\n<p><a href=\"https:\/\/bechtle-digital.weekli.pub\/docs\/13043?page=16\">20.8.21 &#8222;Zwiebel&#8220; Das Vereinsforum der E\u00dflinger Zeitung<\/a><\/p>\n\n\n\n<p><a rel=\"noreferrer noopener\" href=\"https:\/\/rote-hilfe.de\/news\/bundesvorstand\/1153-staatlicher-angriff-gege...\" target=\"_blank\">18.8.21 Rote Hilfe<\/a> e.V. online<\/p>\n\n\n\n<p><a href=\"https:\/\/www.jungewelt.de\/artikel\/408314.asylpolitik-sie-wollen-mich-politisch-abstrafen.html\" target=\"_blank\" rel=\"noreferrer noopener\">16.8.21 Interview in der jungen Welt<\/a> <\/p>\n\n\n\n<p><a rel=\"noreferrer noopener\" href=\"https:\/\/www.schwaebische.de\/landkreis\/ostalbkreis\/ellwangen_artikel,-alassa-mfouapon-anwaelte-wollen-mit-eilantrag-abschiebung-verhindern-_arid,11399767.html\" target=\"_blank\">15.8.21 &#8222;Schw\u00e4bische&#8220; online<\/a><\/p>\n\n\n\n<p><a rel=\"noreferrer noopener\" href=\"https:\/\/www.arbeit-zukunft.de\/2021\/08\/09\/solidaritaet-fluechtlingsaktivist-alassa-mfouapon-soll-erneut-abgeschoben-werden\/\" target=\"_blank\">13.8.21 Arbeit Zukunft online<\/a><\/p>\n\n\n\n<p><a rel=\"noreferrer noopener\" href=\"https:\/\/www.rf-news.de\/2021\/kw32\/waz-berichtet-ueber-protest-der-gelsenkirchener-montagsdemonstration-gegen-abschiebeplaene-gegen-den-fluechtlings-leader\" target=\"_blank\">11.8.21 &#8222;WAZ&#8220; Artikel MoDe Gelsenkirchen zu Alassa &#8211; ver\u00f6ffentlicht \u00fcber rf-news<\/a><\/p>\n\n\n\n<div class=\"wp-block-columns is-layout-flex wp-container-core-columns-is-layout-9d6595d7 wp-block-columns-is-layout-flex\">\n<div class=\"wp-block-column is-layout-flow wp-block-column-is-layout-flow\"><style>.wp-block-kadence-advancedheading.kt-adv-heading_646bc3-66, .wp-block-kadence-advancedheading.kt-adv-heading_646bc3-66[data-kb-block=\"kb-adv-heading_646bc3-66\"]{font-style:normal;}.wp-block-kadence-advancedheading.kt-adv-heading_646bc3-66 mark.kt-highlight, .wp-block-kadence-advancedheading.kt-adv-heading_646bc3-66[data-kb-block=\"kb-adv-heading_646bc3-66\"] mark.kt-highlight{font-style:normal;color:#f76a0c;-webkit-box-decoration-break:clone;box-decoration-break:clone;padding-top:0px;padding-right:0px;padding-bottom:0px;padding-left:0px;}.wp-block-kadence-advancedheading.kt-adv-heading_646bc3-66 img.kb-inline-image, .wp-block-kadence-advancedheading.kt-adv-heading_646bc3-66[data-kb-block=\"kb-adv-heading_646bc3-66\"] img.kb-inline-image{width:150px;vertical-align:baseline;}<\/style>\n<h3 class=\"kt-adv-heading_646bc3-66 wp-block-kadence-advancedheading\" data-kb-block=\"kb-adv-heading_646bc3-66\"><strong>Presse Echo Verhandlung Alassa Gegen das Land Baden W\u00fcrttemberg<\/strong> <strong>Februar 2021 <\/strong><\/h3>\n\n\n\n<p><\/p>\n\n\n\n<p><a rel=\"noreferrer noopener\" href=\"https:\/\/verwaltungsgericht-stuttgart.justiz-bw.de\/pb\/,Lde\/9020882\/?LISTPAGE=5597587\" target=\"_blank\"><em>Pressemitteilung des Verwaltungsgerichts Stuttgart<\/em><\/a><\/p>\n\n\n\n<p><em>Gesellschaft f\u00fcr Freiheitsrechte<\/em><\/p>\n\n\n\n<p><a href=\"https:\/\/www.zeit.de\/gesellschaft\/zeitgeschehen\/2021-02\/ellwangen-razzia-urteil-fluechtling-klage-polizei-baden-wuerttemberg?wt_zmc=soref.ext.zonaudev.upday.ref.zeitde.mynews.link.x&amp;utm_campaign=ref&amp;utm_medium=soref&amp;utm_source=upday_zonaudev_ext&amp;utm_content=zeitde_mynews_link_x\" target=\"_blank\" rel=\"noreferrer noopener\"><em>zeit online<\/em> am 20. Februar (leider kostenpflichtig)<\/a><\/p>\n\n\n\n<p><a rel=\"noreferrer noopener\" href=\"https:\/\/bnn.de\/karlsruhe\/die-bewegende-geschichte-des-alassa-mfouapon\" target=\"_blank\"><em>Badische Neueste Nachrichten:<\/em> Die bewegende Geschichte des Alassa Mfouapon<\/a><\/p>\n\n\n\n<p><a href=\"https:\/\/www.faz.net\/aktuell\/politik\/inland\/gescheiterte-abschiebung-was-nach-der-eskalation-in-ellwangen-geschah-17204711.html?GEPC=s5&amp;premium=0x6fe0c858faf67b1bcd74055ce00eee51\" target=\"_blank\" rel=\"noreferrer noopener\"><em>FAZ<\/em>: Was nach der Eskalation in Ellwangen geschah<\/a><\/p>\n\n\n\n<p>ARD-Sendung am 18. Februar<\/p>\n\n\n\n<p><a href=\"https:\/\/www.rf-news.de\/2021\/kw07\/stz-19-2-2021.pdf\">Ein weiterer Bericht aus der <em>Stuttgarter Zeitung<\/em><\/a><\/p>\n\n\n\n<p><a href=\"https:\/\/www.lkz.de\/%C3%BCberregionales\/baden-w%C3%BCrttemberg_artikel,-fluechtling-klagt-gegen-das-land-wegen-polizeigewalt-_arid,625742.html\" target=\"_blank\" rel=\"noreferrer noopener\">Die aktuelle Berichterstattung der <em>Ludwigsburger Kreiszeitung<\/em><\/a><\/p>\n\n\n\n<p><a href=\"https:\/\/www.stuttgarter-zeitung.de\/inhalt.stuttgart-fluechtling-klagt-gegen-das-land-verhandlung-von-protesten-begleitet.47d4bba3-43f4-499a-8b62-3e59164b0a82.html?utm_source=Email&amp;utm_medium=Social&amp;utm_campaign=share\" target=\"_blank\" rel=\"noreferrer noopener\">Die aktuelle Berichterstattung der <em>Stuttgarter Zeitung<\/em><\/a><\/p>\n\n\n\n<p><a href=\"https:\/\/www.rf-news.de\/2021\/kw07\/210219-schwabo-bericht-alassa-prozess.pdf\">Die Berichterstattung des <em>Schwarzw\u00e4lder Boten<\/em><\/a><\/p>\n\n\n\n<p><a href=\"https:\/\/bnn.de\/nachrichten\/baden-wuerttemberg\/gericht-verhandelt-klage-von-fluechtling-gegen-land-baden-wuerttemberg\" target=\"_blank\" rel=\"noreferrer noopener\">Hier der Bericht der Badischen Neuesten Nachrichten<\/a><\/p>\n\n\n\n<p><a href=\"https:\/\/www.stimme.de\/suedwesten\/nachrichten\/pl\/polizeieinsatz-in-lea-ellwangen-fluechtling-verklagt-land;art19070,4443939\" target=\"_blank\" rel=\"noreferrer noopener\">Hier der Bericht von <em>www.stimme.de<\/em><\/a><\/p>\n\n\n\n<p><a href=\"https:\/\/www.zeit.de\/news\/2021-02\/18\/gericht-verhandelt-klage-von-fluechtling-gegen-land?utm_referrer=https%3A%2F%2Fwww.google.de%2F\" target=\"_blank\" rel=\"noreferrer noopener\">Hier die Berichterstattung der <em>Zeit<\/em><\/a><\/p>\n\n\n\n<p><a href=\"https:\/\/www.sueddeutsche.de\/politik\/fluechtlinge-ellwangen-jagst-fluechtling-klagt-gegen-das-land-wegen-polizeigewalt-dpa.urn-newsml-dpa-com-20090101-210218-99-494133\" target=\"_blank\" rel=\"noreferrer noopener\">Ein weiterer Bericht aus der<em> S\u00fcddeutschen Zeitung<\/em><\/a><\/p>\n\n\n\n<p>Ein weiterer Bericht des <em>SWR<\/em> auf der <em>ARD-<\/em>Mediathek<\/p>\n\n\n\n<p><a href=\"https:\/\/www.schwaebische.de\/sueden\/baden-wuerttemberg_artikel,-alassa-gegen-die-polizei-_arid,11330657.html\" target=\"_blank\" rel=\"noreferrer noopener\">Hier die Berichterstattung der <em>Schw\u00e4bischen<\/em><\/a><\/p>\n\n\n\n<p>Hier gibt es die Berichterstattung des<em> Deutschlandfunks<\/em><\/p>\n\n\n\n<p>Hier ein <em>dpa-<\/em>Video auf der Homepage der <em>S\u00fcddeutschen Zeitung<\/em><\/p>\n\n\n\n<p><a href=\"https:\/\/www.pz-news.de\/baden-wuerttemberg_artikel,-Fluechtling-klagt-gegen-das-Land-wegen-Polizeigewalt-_arid,1537239.html\" target=\"_blank\" rel=\"noreferrer noopener\">Hier geht es zur Berichterstattung von <em>www.pz-news.de<\/em><\/a><\/p>\n\n\n\n<p>Hier gibt es einen weiteren Bericht des <em>SWR<\/em><\/p>\n\n\n\n<p><a href=\"https:\/\/www.stuttgarter-zeitung.de\/inhalt.grossrazzia-in-ellwangen-alassa-verklagt-die-polizei.9cf5d9e7-b735-480f-9c86-fa0da71a76e7.html?reduced=true\" target=\"_blank\" rel=\"noreferrer noopener\">Hier geht es zu einem Bericht der <em>Stuttgarter Zeitung<\/em> (Leider konstenpflichtig)<\/a><\/p>\n\n\n\n<p><a href=\"https:\/\/www.sueddeutsche.de\/politik\/fluechtlingsheim-ellwangen-razzia-prozess-1.5209618!amp\" target=\"_blank\" rel=\"noreferrer noopener\">Hier geht es zu einem Bericht der <em>S\u00fcddeutschen Zeitung<\/em><\/a><\/p>\n\n\n\n<p><a href=\"https:\/\/www.t-online.de\/nachrichten\/deutschland\/innenpolitik\/id_89488992\/klage-gegen-razzia-in-ellwangen-der-migranten-mob-der-keiner-war-.html\" target=\"_blank\" rel=\"noreferrer noopener\">Hier geht es zur Berichterstattung von <em>www.t-online.de<\/em><\/a><\/p>\n\n\n\n<p><a href=\"https:\/\/www.t-online.de\/region\/stuttgart\/news\/id_89495726\/gericht-verhandelt-klage-von-fluechtling-gegen-land.html?utm_source=t-online&amp;utm_medium=sharing-article&amp;utm_campaign=mail-amp\" target=\"_blank\" rel=\"noreferrer noopener\">Hier ein weiterer Bericht von www.t-online.de<\/a><\/p>\n\n\n\n<p>Hier geht es zu einem Bericht des <em>SWR<\/em><\/p>\n\n\n\n<p>Hier geht es zu einem weiteren Bericht des <em>SWR<\/em><\/p>\n\n\n\n<p>Bericht des <em>SWR<\/em> in der <em>ARD<\/em>-Mediathek (Ab Minute 1.44)<\/p>\n<\/div>\n\n\n\n<div class=\"wp-block-column is-layout-flow wp-block-column-is-layout-flow\">\n<h3 class=\"wp-block-heading\"><strong>Verschiedene Presseberichte zur Aufhebung von drei Verfahrensterminen am Amtsgericht Ellwangen.<\/strong><\/h3>\n\n\n\n<p id=\"block-07d325d2-90dc-47cc-b3a8-aed4733bd76f\"><br>Neues Deutschland: Gro\u00dfrazzia wom\u00f6glich rechtswidrig<br><a href=\"https:\/\/www.neues-deutschland.de\/artikel\/1114349.ellwangen-grossrazzia-womoeglich-rechtswidrig.html\">https:\/\/www.neues-deutschland.de\/artikel\/1114349.ellwangen-grossrazzia-womoeglich-rechtswidrig.html<\/a><\/p>\n\n\n\n<p id=\"block-d1077eaf-6e32-41c4-9a75-ef5e15ecccb9\">Stuttgarter Nachrichten: Richter h\u00e4lt Polizeieinsatz f\u00fcr rechtswidrig<br><a href=\"https:\/\/www.stuttgarter-nachrichten.de\/inhalt.grossrazzia-in-ellwangen-richter-haelt-polizeieinsatz-fuer-rechtswidrig.c12b8782-458e-4a6f-a12e-d9789565f4c3.html\">https:\/\/www.stuttgarter-nachrichten.de\/inhalt.grossrazzia-in-ellwangen-richter-haelt-polizeieinsatz-fuer-rechtswidrig.c12b8782-458e-4a6f-a12e-d9789565f4c3.html<\/a><\/p>\n\n\n\n<p id=\"block-fd31ae89-d0dc-4645-8f68-47e12ab58569\">Welt: Richter zweifelt an Rechtm\u00e4\u00dfigkeit von Gro\u00dfrazzia in Ellwangen<br><a href=\"https:\/\/www.welt.de\/vermischtes\/article190187479\/Ellwangen-Razzia-in-Landeserstaufnahmeeinrichtung-rechtswidrig.html\">https:\/\/www.welt.de\/vermischtes\/article190187479\/Ellwangen-Razzia-in-Landeserstaufnahmeeinrichtung-rechtswidrig.html<\/a><\/p>\n\n\n\n<p id=\"block-bc7fe4c3-dd63-4784-b72f-2087bcdb932e\">SWR: Gericht zweifelt an Rechtm\u00e4\u00dfigkeit von Razzia in LEA Ellwangen<br><a href=\"SWR: Polizeieinsatz-in-Landeserstaufnahmeeinrichtung-Gericht-zweifelt-an-Rechtmaessigkeit-von-Razzia-in-LEA\">https:\/\/www.swr.de\/swraktuell\/baden-wuerttemberg\/ulm\/ellwangen-fluechtling-100.html<\/a><\/p>\n\n\n\n<p id=\"block-c9ba7ab3-ac7b-46ae-9768-7accc1507403\">Schw\u00e4bisches Tagblatt: Razzia von Ellwangen im Zwielicht<br>https:\/\/www.tagblatt.de\/Nachrichten\/Razzia-von-Ellwangen-im-Zwielicht-407580.html<\/p>\n\n\n\n<p id=\"block-ced56e48-6cdf-464a-9e20-befa49ca45ce\">Refugees challenge their sentences: Ellwangen March 14 hearings are cancelled! Demonstration will take place!<br><a href=\"http:\/\/cultureofdeportation.org\/2019\/03\/11\/ellwangen-14032019\/\">http:\/\/cultureofdeportation.org\/2019\/03\/11\/ellwangen-14032019\/<\/a><\/p>\n\n\n\n<p id=\"block-8dfab5a9-6b05-497e-8a08-19da033f9d40\">der Freitag: Remember Ellwangen<br><a href=\"https:\/\/www.freitag.de\/autoren\/elsa-koester\/remember-ellwangen\">https:\/\/www.freitag.de\/autoren\/elsa-koester\/remember-ellwangen<\/a><\/p>\n\n\n\n<p id=\"block-8b79734a-e368-4e5f-b888-751604c6bb02\">Stuttgarter Zeitung: Richter h\u00e4lt Polizeieinsatz f\u00fcr rechtswidrig<br><a href=\"https:\/\/www.stuttgarter-zeitung.de\/inhalt.grossrazzia-in-ellwangen-richter-haelt-polizeieinsatz-fuer-rechtswidrig.3990de4f-c987-448f-9cc7-b5569de7982c.html\">https:\/\/www.stuttgarter-zeitung.de\/inhalt.grossrazzia-in-ellwangen-richter-haelt-polizeieinsatz-fuer-rechtswidrig.3990de4f-c987-448f-9cc7-b5569de7982c.html<\/a><\/p>\n\n\n\n<p id=\"block-fefb6091-87d8-432b-9048-38a9468bb817\">Regio-TV: Richter zweifelt an Rechtm\u00e4\u00dfigkeit von Gro\u00dfrazzia in Ellwangen<br><a href=\"https:\/\/www.regio-tv.de\/mediathek\/video\/richter-zweifelt-an-rechtm%C3%A4%C3%9Figkeit-von-gro%C3%9Frazzia-in-ellwangen\/\">https:\/\/www.regio-tv.de\/mediathek\/video\/richter-zweifelt-an-rechtm%C3%A4%C3%9Figkeit-von-gro%C3%9Frazzia-in-ellwangen\/<\/a><\/p>\n\n\n\n<p id=\"block-e216d9e9-c22d-432a-a630-c75355e5feff\"><br>Ellwangen: Polizeieinsatz m\u00f6glicherweise rechtswidrig \u2013 Fl\u00fcchtlingsunterkunft kein rechtsfreier Raum<br><a href=\"https:\/\/bleiberecht.mtmedia.org\/2019\/03\/12\/ellwangen-polizeieinsatz-moeglicherweise-rechtswidrig-fluechtlingsunterkunft-kein-rechtsfreier-raum\/\">https:\/\/bleiberecht.mtmedia.org\/2019\/03\/12\/ellwangen-polizeieinsatz-moeglicherweise-rechtswidrig-fluechtlingsunterkunft-kein-rechtsfreier-raum\/<\/a><\/p>\n\n\n\n<p id=\"block-ef6e29c8-f3e5-4de9-82a8-144c863788b4\">Junge Welt: \u00bbSprung aus dem Fenster als Widerstand ausgelegt\u00ab<br><a href=\"https:\/\/www.jungewelt.de\/artikel\/350951.sprung-aus-dem-fenster-als-widerstand-ausgelegt.html\">https:\/\/www.jungewelt.de\/artikel\/350951.sprung-aus-dem-fenster-als-widerstand-ausgelegt.html<\/a><\/p>\n\n\n\n<p id=\"block-af13f16a-a960-4d9a-a0f0-c4cb60ba0634\">taz: Razzia in Ellwangen wohl rechtswidrig<br><a href=\"http:\/\/www.taz.de\/Strafbefehle-gegen-Fluechtlinge-aufgehoben\/!5580756\/\">http:\/\/www.taz.de\/Strafbefehle-gegen-Fluechtlinge-aufgehoben\/!5580756\/<\/a><\/p>\n\n\n\n<h3 class=\"wp-block-heading\">Stuttgarter Zeitung zur Demo in Ellwangen am 10.5.18<\/h3>\n\n\n\n<p id=\"block-361ee6b0-d60b-47b6-8095-fe65e8abffd8\"><br>Presse zur Demo in Ellwangen am 10.5.18<\/p>\n\n\n\n<p><a href=\"https:\/\/www.stuttgarter-nachrichten.de\/inhalt.fluechtlingsdemo-in-ellwangen-die-furcht-vor-italien.7e7ecf2a-642a-4a93-98ca-deae8c1881c6.html\">https:\/\/www.stuttgarter-nachrichten.de\/inhalt.fluechtlingsdemo-in-ellwangen-die-furcht-vor-italien.7e7ecf2a-642a-4a93-98ca-deae8c1881c6.html<\/a><\/p>\n\n\n\n<p><a href=\"https:\/\/www.stuttgarter-zeitung.de\/inhalt.fluechtlingsdemo-in-ellwangen-die-furcht-vor-italien.448f422b-6722-4d65-88b1-37133c128c28.html\">https:\/\/www.stuttgarter-zeitung.de\/inhalt.fluechtlingsdemo-in-ellwangen-die-furcht-vor-italien.448f422b-6722-4d65-88b1-37133c128c28.html<\/a><\/p>\n<\/div>\n<\/div>\n\n\n\n<p><\/p>\n","protected":false},"excerpt":{"rendered":"<p>14.9.21 WAZ online Carola Rackete: \u201eFl\u00fcchtlinge brauchen die Aufmerksamkeit\u201c Presse-Echo zur erneuten Abschiebungsdrohung gegen Alassa August 2021 210921 Schw\u00e4bische Post Aalen: &#8222;Abschiebung von Alassa gestoppt&#8220;&hellip;<\/p>","protected":false},"author":12,"featured_media":0,"parent":32,"menu_order":0,"comment_status":"open","ping_status":"closed","template":"","meta":{"_price":"","_stock":"","_tribe_ticket_header":"","_tribe_default_ticket_provider":"","_tribe_ticket_capacity":"0","_ticket_start_date":"","_ticket_end_date":"","_tribe_ticket_show_description":"","_tribe_ticket_show_not_going":false,"_tribe_ticket_use_global_stock":"","_tribe_ticket_global_stock_level":"","_global_stock_mode":"","_global_stock_cap":"","_tribe_rsvp_for_event":"","_tribe_ticket_going_count":"","_tribe_ticket_not_going_count":"","_tribe_tickets_list":"[]","_tribe_ticket_has_attendee_info_fields":false,"_EventAllDay":false,"_EventTimezone":"","_EventStartDate":"","_EventEndDate":"","_EventStartDateUTC":"","_EventEndDateUTC":"","_EventShowMap":false,"_EventShowMapLink":false,"_EventURL":"","_EventCost":"","_EventCostDescription":"","_EventCurrencySymbol":"","_EventCurrencyCode":"","_EventCurrencyPosition":"","_EventDateTimeSeparator":"","_EventTimeRangeSeparator":"","_EventOrganizerID":[],"_EventVenueID":[],"_OrganizerEmail":"","_OrganizerPhone":"","_OrganizerWebsite":"","_VenueAddress":"","_VenueCity":"","_VenueCountry":"","_VenueProvince":"","_VenueState":"","_VenueZip":"","_VenuePhone":"","_VenueURL":"","_VenueStateProvince":"","_VenueLat":"","_VenueLng":"","_VenueShowMap":false,"_VenueShowMapLink":false,"_themeisle_gutenberg_block_has_review":false,"footnotes":"","_tec_slr_enabled":"","_tec_slr_layout":""},"class_list":["post-381","page","type-page","status-publish","hentry"],"ticketed":false,"_links":{"self":[{"href":"https:\/\/freunde-fluechtlingssolidaritaet.org\/ru\/wp-json\/wp\/v2\/pages\/381","targetHints":{"allow":["GET"]}}],"collection":[{"href":"https:\/\/freunde-fluechtlingssolidaritaet.org\/ru\/wp-json\/wp\/v2\/pages"}],"about":[{"href":"https:\/\/freunde-fluechtlingssolidaritaet.org\/ru\/wp-json\/wp\/v2\/types\/page"}],"author":[{"embeddable":true,"href":"https:\/\/freunde-fluechtlingssolidaritaet.org\/ru\/wp-json\/wp\/v2\/users\/12"}],"replies":[{"embeddable":true,"href":"https:\/\/freunde-fluechtlingssolidaritaet.org\/ru\/wp-json\/wp\/v2\/comments?post=381"}],"version-history":[{"count":55,"href":"https:\/\/freunde-fluechtlingssolidaritaet.org\/ru\/wp-json\/wp\/v2\/pages\/381\/revisions"}],"predecessor-version":[{"id":4378,"href":"https:\/\/freunde-fluechtlingssolidaritaet.org\/ru\/wp-json\/wp\/v2\/pages\/381\/revisions\/4378"}],"up":[{"embeddable":true,"href":"https:\/\/freunde-fluechtlingssolidaritaet.org\/ru\/wp-json\/wp\/v2\/pages\/32"}],"wp:attachment":[{"href":"https:\/\/freunde-fluechtlingssolidaritaet.org\/ru\/wp-json\/wp\/v2\/media?parent=381"}],"curies":[{"name":"wp","href":"https:\/\/api.w.org\/{rel}","templated":true}]}}