{"id":637,"date":"2021-02-12T11:32:31","date_gmt":"2021-02-12T10:32:31","guid":{"rendered":"http:\/\/freunde-fluechtlingssolidaritaet.org\/?page_id=637"},"modified":"2024-09-23T12:42:15","modified_gmt":"2024-09-23T10:42:15","slug":"bauen-wir-starke-ketten-der-solidaritaet-im-kampf-gegen-abschiebungen-auf","status":"publish","type":"page","link":"https:\/\/freunde-fluechtlingssolidaritaet.org\/ru\/%d0%bd%d0%b0%d0%b6%d0%b8%d0%bc%d0%b0%d1%82%d1%8c\/%d0%b4%d0%b0%d0%b2%d0%b0%d0%b9%d1%82%d0%b5-%d0%bf%d0%be%d1%81%d1%82%d1%80%d0%be%d0%b8%d0%bc-%d0%ba%d1%80%d0%b5%d0%bf%d0%ba%d0%b8%d0%b5-%d1%86%d0%b5%d0%bf%d0%b8-%d1%81%d0%be%d0%bb%d0%b8%d0%b4%d0%b0","title":{"rendered":"\u0414\u0430\u0432\u0430\u0439\u0442\u0435 \u0432\u044b\u0441\u0442\u0440\u043e\u0438\u043c \u043f\u0440\u043e\u0447\u043d\u044b\u0435 \u0446\u0435\u043f\u0438 \u0441\u043e\u043b\u0438\u0434\u0430\u0440\u043d\u043e\u0441\u0442\u0438 \u0432 \u0431\u043e\u0440\u044c\u0431\u0435 \u0441 \u0434\u0435\u043f\u043e\u0440\u0442\u0430\u0446\u0438\u044f\u043c\u0438"},"content":{"rendered":"<p>\u0414\u0440\u0443\u0437\u044c\u044f \u0441\u043e\u043b\u0438\u0434\u0430\u0440\u043d\u043e\u0441\u0442\u0438 \u0431\u0435\u0436\u0435\u043d\u0446\u0435\u0432 \u0438\u044e\u043b\u044c 2020 \u0433.<\/p>\n\n\n\n<p><\/p>\n\n\n\n<p>\u0423\u0441\u0438\u043b\u0435\u043d\u0438\u0435 \u0434\u0435\u043f\u043e\u0440\u0442\u0430\u0446\u0438\u0439 \u044f\u0432\u043b\u044f\u0435\u0442\u0441\u044f \u0447\u0430\u0441\u0442\u044c\u044e \u0440\u0435\u0430\u043a\u0446\u0438\u043e\u043d\u043d\u043e\u0439 \u043f\u043e\u043b\u0438\u0442\u0438\u043a\u0438 \u0424\u0420\u0413 \u0432 \u043e\u0442\u043d\u043e\u0448\u0435\u043d\u0438\u0438 \u0431\u0435\u0436\u0435\u043d\u0446\u0435\u0432. \u0414\u0430\u0432\u0430\u0439\u0442\u0435 \u0441\u0442\u0440\u043e\u0438\u0442\u044c \u0431\u043e\u043b\u0435\u0435 \u043f\u0440\u043e\u0447\u043d\u044b\u0435 \u0446\u0435\u043f\u0438 \u0441\u043e\u043b\u0438\u0434\u0430\u0440\u043d\u043e\u0441\u0442\u0438.<\/p>\n\n\n\n<ol class=\"wp-block-list\"><li>\u0417\u0430\u0438\u043d\u0442\u0435\u0440\u0435\u0441\u043e\u0432\u0430\u043d\u043d\u043e\u0435 \u043b\u0438\u0446\u043e \u043d\u0430\u0445\u043e\u0434\u0438\u0442\u0441\u044f \u0432 \u0446\u0435\u043d\u0442\u0440\u0435 \u0432\u043d\u0438\u043c\u0430\u043d\u0438\u044f. \u041e\u043d\/\u043e\u043d\u0430 \u2013 \u0432\u0430\u0448 \u0441\u0430\u043c\u044b\u0439 \u0441\u0438\u043b\u044c\u043d\u044b\u0439 \u043a\u043e\u0437\u044b\u0440\u044c, \u0441 \u0435\u0433\u043e\/\u0435\u0435 \u043b\u0438\u0447\u043d\u043e\u0441\u0442\u044c\u044e, \u0432\u0430\u0448\u0438\u043c\u0438 \u043f\u0440\u0438\u0447\u0438\u043d\u0430\u043c\u0438 \u0431\u0435\u0433\u0441\u0442\u0432\u0430, \u0432\u0430\u0448\u0438\u043c\u0438 \u0446\u0435\u043b\u044f\u043c\u0438. \u041e\u043d\/\u043e\u043d\u0430 \u0441\u0430\u043c, \u0434\u043e\u043b\u0436\u043d\u043e \u0431\u044b\u0442\u044c, \u0445\u043e\u0442\u0435\u043b \u0432\u0441\u0442\u0443\u043f\u0438\u0442\u044c \u0432 \u0431\u043e\u0439.<\/li><li>\u0415\u0441\u043b\u0438 \u043e\u0431\u044a\u044f\u0432\u043b\u044f\u0435\u0442\u0441\u044f \u043e \u0434\u0435\u043f\u043e\u0440\u0442\u0430\u0446\u0438\u0438, \u043d\u0435\u043e\u0431\u0445\u043e\u0434\u0438\u043c\u043e \u043a\u0430\u043a \u043c\u043e\u0436\u043d\u043e \u0442\u043e\u0447\u043d\u0435\u0435 \u043e\u0446\u0435\u043d\u0438\u0442\u044c \u043a\u043e\u043d\u043a\u0440\u0435\u0442\u043d\u044b\u0439 \u0440\u0438\u0441\u043a \u0434\u0435\u043f\u043e\u0440\u0442\u0430\u0446\u0438\u0438. \u041c\u044b \u043f\u043e\u043c\u043e\u0433\u0430\u0435\u043c \u043f\u0440\u0435\u0434\u0441\u0442\u0430\u0432\u0438\u0442\u044c \u0434\u043e\u043a\u0443\u043c\u0435\u043d\u0442\u044b \u0432 \u0443\u043f\u043e\u0440\u044f\u0434\u043e\u0447\u0435\u043d\u043d\u043e\u043c \u0432\u0438\u0434\u0435 \u0434\u043b\u044f \u043d\u0435\u043c\u0435\u0434\u043b\u0435\u043d\u043d\u043e\u0439 \u044e\u0440\u0438\u0434\u0438\u0447\u0435\u0441\u043a\u043e\u0439 \u043a\u043e\u043d\u0441\u0443\u043b\u044c\u0442\u0430\u0446\u0438\u0438.<\/li><li>\u0420\u0430\u0431\u043e\u0442\u0430 \u043f\u043e \u0441\u0432\u044f\u0437\u044f\u043c \u0441 \u043e\u0431\u0449\u0435\u0441\u0442\u0432\u0435\u043d\u043d\u043e\u0441\u0442\u044c\u044e \u043a\u043e\u0437\u044b\u0440\u043d\u0430, \u043e\u043d\u0430 \u043d\u0430\u0447\u0438\u043d\u0430\u0435\u0442\u0441\u044f \u0441\u0440\u0430\u0437\u0443 \u043f\u043e\u0441\u043b\u0435 \u043f\u0435\u0440\u0432\u043e\u0433\u043e \u044e\u0440\u0438\u0434\u0438\u0447\u0435\u0441\u043a\u043e\u0433\u043e \u0441\u043e\u0433\u043b\u0430\u0448\u0435\u043d\u0438\u044f \u0438 \u0438\u043c\u0435\u0435\u0442 \u0448\u0438\u0440\u043e\u043a\u0438\u0439 \u0441\u043f\u0435\u043a\u0442\u0440 \u0432\u043e\u0437\u043c\u043e\u0436\u043d\u043e\u0441\u0442\u0435\u0439.<ul><li>\u041c\u044b \u043a\u0430\u043a \u043c\u043e\u0436\u043d\u043e \u0440\u0430\u043d\u044c\u0448\u0435 \u0441\u043e\u0437\u0434\u0430\u0435\u043c \u0441\u043f\u0438\u0441\u043e\u043a \u0440\u0430\u0441\u0441\u044b\u043b\u043a\u0438 \u0434\u043b\u044f \u043f\u0440\u0435\u0441\u0441\u044b, \u043a\u043e\u0442\u043e\u0440\u044b\u0439 \u043f\u043e\u0441\u0442\u043e\u044f\u043d\u043d\u043e \u0440\u0430\u0441\u0448\u0438\u0440\u044f\u0435\u0442\u0441\u044f, \u0432 \u0442\u043e\u043c \u0447\u0438\u0441\u043b\u0435 \u0441 \u0438\u0437\u0432\u0435\u0441\u0442\u043d\u044b\u043c\u0438 \u043b\u044e\u0434\u044c\u043c\u0438 \u043d\u0430 \u043c\u0435\u0441\u0442\u0435 \u0438 \u0443\u0441\u0442\u0430\u043d\u0430\u0432\u043b\u0438\u0432\u0430\u0435\u043c \u043b\u0438\u0447\u043d\u044b\u0435 \u043a\u043e\u043d\u0442\u0430\u043a\u0442\u044b \u0441 \u043f\u0440\u0435\u0441\u0441\u043e\u0439. \u041e\u043f\u0440\u0435\u0434\u0435\u043b\u0438\u0442\u0435, \u043a\u0442\u043e \u0440\u0430\u0431\u043e\u0442\u0430\u0435\u0442 \u0441 \u043f\u0440\u0435\u0441\u0441\u043e\u0439<\/li><li>\u043f\u043b\u0430\u043d\u0438\u0440\u0443\u044e\u0442 \u043f\u0443\u0431\u043b\u0438\u0447\u043d\u044b\u0435 \u043a\u0430\u043c\u043f\u0430\u043d\u0438\u0438, \u0447\u0442\u043e\u0431\u044b \u043e\u0431\u044a\u044f\u0441\u043d\u0438\u0442\u044c \u043f\u0440\u0438\u0447\u0438\u043d\u044b \u0431\u0435\u0433\u0441\u0442\u0432\u0430, \u0441\u0438\u0442\u0443\u0430\u0446\u0438\u044e \u0432 \u0441\u0442\u0440\u0430\u043d\u0435 \u043f\u0440\u043e\u0438\u0441\u0445\u043e\u0436\u0434\u0435\u043d\u0438\u044f \u0438 \u043b\u0438\u0447\u043d\u043e\u0435 \u043f\u043e\u043b\u043e\u0436\u0435\u043d\u0438\u0435 \u043f\u043e\u0441\u0442\u0440\u0430\u0434\u0430\u0432\u0448\u0438\u0445, \u0438 \u043e\u043d\u0438 \u043d\u0430\u043f\u0430\u0434\u0430\u044e\u0442 \u043d\u0430 \u0440\u0435\u0430\u043a\u0446\u0438\u043e\u043d\u043d\u0443\u044e \u043f\u043e\u043b\u0438\u0442\u0438\u043a\u0443 \u0431\u0435\u0436\u0435\u043d\u0446\u0435\u0432<\/li><\/ul><\/li><\/ol>\n\n\n\n<ul class=\"wp-block-list\"><li>\u0421\u0431\u043e\u0440 \u043f\u043e\u0434\u043f\u0438\u0441\u0435\u0439 \u043d\u0430 \u0443\u043b\u0438\u0446\u0435, \u043f\u0435\u0440\u0435\u0434 \u0448\u043a\u043e\u043b\u0430\u043c\u0438, \u043a\u043e\u043c\u043f\u0430\u043d\u0438\u044f\u043c\u0438 \u0438 \u0442. \u0434., \u0432 \u0442\u043e\u043c \u0447\u0438\u0441\u043b\u0435 \u043e\u043d\u043b\u0430\u0439\u043d \u0447\u0435\u0440\u0435\u0437 \u043f\u043e\u0440\u0442\u0430\u043b\u044b \u043f\u0435\u0442\u0438\u0446\u0438\u0439, \u0441 \u043a\u043e\u0442\u043e\u0440\u044b\u043c\u0438 \u043c\u044b \u0441\u0430\u043c\u0438 \u0430\u043a\u0442\u0438\u0432\u043d\u043e \u0440\u0430\u0431\u043e\u0442\u0430\u0435\u043c<\/li><\/ul>\n\n\n\n<ol class=\"wp-block-list\"><li>\u0420\u0430\u0437\u0440\u0430\u0431\u043e\u0442\u0430\u0442\u044c \u043a\u043e\u043d\u043a\u0440\u0435\u0442\u043d\u044b\u0435 \u0431\u043e\u0435\u0432\u044b\u0435 \u0434\u0435\u0439\u0441\u0442\u0432\u0438\u044f<\/li><\/ol>\n\n\n\n<ul class=\"wp-block-list\"><li>\u0411\u0434\u0435\u043d\u0438\u044f (\u00ab\u041f\u0430\u043b\u0430\u0442\u043a\u0430 \u0441\u043e\u043b\u0438\u0434\u0430\u0440\u043d\u043e\u0441\u0442\u0438\u00bb) \u0441 \u0443\u0441\u0442\u0430\u043d\u043e\u0432\u043b\u0435\u043d\u043d\u044b\u043c \u0432\u0440\u0435\u043c\u0435\u043d\u0435\u043c, \u0432 \u0437\u0430\u0432\u0438\u0441\u0438\u043c\u043e\u0441\u0442\u0438 \u043e\u0442 \u0441\u0438\u0442\u0443\u0430\u0446\u0438\u0438, \u0442\u0430\u043a\u0436\u0435 \u0437\u0430 24 \u0447\u0430\u0441\u0430 \u0434\u043e \u043a\u043e\u043b\u043b\u0435\u043a\u0442\u0438\u0432\u043d\u043e\u0433\u043e \u0440\u0430\u0437\u043c\u0435\u0449\u0435\u043d\u0438\u044f, \u0432 \u043e\u0431\u0449\u0435\u0441\u0442\u0432\u0435\u043d\u043d\u044b\u0445 \u043c\u0435\u0441\u0442\u0430\u0445, \u043a\u0443\u0434\u0430 \u043b\u044e\u0434\u0438 \u043c\u043e\u0433\u0443\u0442 \u043f\u0440\u0438\u0439\u0442\u0438, \u0432\u044b\u0440\u0430\u0437\u0438\u0442\u044c \u0441\u0432\u043e\u044e \u0441\u043e\u043b\u0438\u0434\u0430\u0440\u043d\u043e\u0441\u0442\u044c \u0438 \u043f\u043e\u043b\u0443\u0447\u0438\u0442\u044c \u0438\u043d\u0444\u043e\u0440\u043c\u0430\u0446\u0438\u044e,<ul><li>\u041e\u0440\u0433\u0430\u043d\u0438\u0437\u0443\u0439\u0442\u0435 \u0430\u043a\u0446\u0438\u0438 \u043f\u0440\u043e\u0442\u0435\u0441\u0442\u0430 \u0432 \u0430\u044d\u0440\u043e\u043f\u043e\u0440\u0442\u0430\u0445 \u0432\u044b\u043b\u0435\u0442\u0430: \u043d\u0438\u043a\u0430\u043a\u0430\u044f \u0434\u0435\u043f\u043e\u0440\u0442\u0430\u0446\u0438\u044f \u043d\u0435 \u043c\u043e\u0436\u0435\u0442 \u0431\u044b\u0442\u044c \u043f\u0440\u0438\u043d\u044f\u0442\u0430 \u0431\u0435\u0437 \u0432\u043e\u0437\u0440\u0430\u0436\u0435\u043d\u0438\u0439! \u041c\u044b \u043d\u0435 \u0441\u043e\u0433\u043b\u0430\u0441\u043d\u044b! \u0417\u0434\u0435\u0441\u044c \u043f\u0440\u043e\u0438\u0441\u0445\u043e\u0434\u0438\u0442 \u043d\u0430\u0440\u0443\u0448\u0435\u043d\u0438\u0435 \u043f\u0440\u0430\u0432 \u0447\u0435\u043b\u043e\u0432\u0435\u043a\u0430!<\/li><\/ul><\/li><\/ul>\n\n\n\n<ol class=\"wp-block-list\"><li>\u043f\u0440\u0435\u0434\u044a\u044f\u0432\u043b\u044f\u0442\u044c \u043a\u043e\u043d\u043a\u0440\u0435\u0442\u043d\u044b\u0435, \u0447\u0435\u0442\u043a\u0438\u0435 \u0442\u0440\u0435\u0431\u043e\u0432\u0430\u043d\u0438\u044f, \u043a\u043e\u0442\u043e\u0440\u044b\u0435 \u0442\u0430\u043a\u0436\u0435 \u0443\u0441\u0442\u0430\u043d\u0430\u0432\u043b\u0438\u0432\u0430\u044e\u0442 \u0441\u0432\u044f\u0437\u044c \u0441\u043e \u0432\u0441\u0435\u0439 \u043f\u043e\u043b\u0438\u0442\u0438\u043a\u043e\u0439 \u0432 \u043e\u0442\u043d\u043e\u0448\u0435\u043d\u0438\u0438 \u0431\u0435\u0436\u0435\u043d\u0446\u0435\u0432.<\/li><li>\u043e\u0431\u0440\u0430\u0437\u0443\u044e\u0442 \u0438\u043d\u0444\u043e\u0440\u043c\u0430\u0446\u0438\u043e\u043d\u043d\u044b\u0435 \u0438 \u0442\u0435\u043b\u0435\u0444\u043e\u043d\u043d\u044b\u0435 \u0446\u0435\u043f\u043e\u0447\u043a\u0438. \u0422\u0435\u043b\u0435\u0444\u043e\u043d\u043d\u0430\u044f \u0446\u0435\u043f\u043e\u0447\u043a\u0430 \u0434\u043e\u043b\u0436\u043d\u0430 \u0431\u044b\u0442\u044c \u0437\u0430\u043a\u0440\u0435\u043f\u043b\u0435\u043d\u0430 \u0434\u043e \u043a\u043e\u043d\u0446\u0430 \u0434\u043b\u044f \u043a\u0430\u0436\u0434\u043e\u0433\u043e \u0437\u0430\u0438\u043d\u0442\u0435\u0440\u0435\u0441\u043e\u0432\u0430\u043d\u043d\u043e\u0433\u043e \u043b\u0438\u0446\u0430, \u043d\u043e \u0437\u0430\u043a\u0440\u0435\u043f\u043b\u0435\u043d\u0430 \u0434\u0432\u0430\u0436\u0434\u044b.<\/li><li>\u0417\u0430\u0438\u043d\u0442\u0435\u0440\u0435\u0441\u043e\u0432\u0430\u043d\u043d\u043e\u0435 \u043b\u0438\u0446\u043e \u0434\u043e\u043b\u0436\u043d\u043e \u0438\u043c\u0435\u0442\u044c \u043f\u0435\u0440\u0432\u043e\u0435 \u0437\u0430\u0441\u043b\u0443\u0436\u0438\u0432\u0430\u044e\u0449\u0435\u0435 \u0434\u043e\u0432\u0435\u0440\u0438\u044f \u043a\u043e\u043d\u0442\u0430\u043a\u0442\u043d\u043e\u0435 \u043b\u0438\u0446\u043e, \u0441 \u043a\u043e\u0442\u043e\u0440\u044b\u043c \u043c\u043e\u0436\u043d\u043e \u0441\u0432\u044f\u0437\u0430\u0442\u044c\u0441\u044f \u0432 \u043b\u044e\u0431\u043e\u0435 \u0432\u0440\u0435\u043c\u044f. \u0421\u043f\u0435\u0446\u0438\u0430\u043b\u044c\u043d\u0430\u044f \u043f\u043e\u043c\u043e\u0449\u044c \u0438 \u0442\u0440\u0435\u043d\u0438\u043d\u0433 \u043f\u0440\u043e\u0442\u0438\u0432 \u0431\u0435\u0441\u043f\u043e\u043a\u043e\u0439\u0441\u0442\u0432\u0430, \u043d\u0430\u0440\u0443\u0448\u0435\u043d\u0438\u0439 \u0441\u043d\u0430, \u043f\u0430\u043d\u0438\u0447\u0435\u0441\u043a\u0438\u0445 \u0430\u0442\u0430\u043a.<\/li><li>\u041c\u044b \u043f\u043e\u043c\u043e\u0433\u0430\u0435\u043c \u0432 \u043f\u043e\u0438\u0441\u043a\u0435 \u0434\u0435\u043c\u043e\u043a\u0440\u0430\u0442\u0438\u0447\u043d\u044b\u0445, \u0438\u043d\u0442\u0435\u0440\u043d\u0430\u0446\u0438\u043e\u043d\u0430\u043b\u0438\u0441\u0442\u0441\u043a\u0438\u0445 \u044e\u0440\u0438\u0441\u0442\u043e\u0432 \u0438<br>\u043f\u043e\u043c\u043e\u0447\u044c \u043f\u043e\u0441\u0442\u0440\u043e\u0438\u0442\u044c \u0441\u0435\u0442\u044c \u043f\u0440\u043e\u0433\u0440\u0435\u0441\u0441\u0438\u0432\u043d\u044b\u0445 \u044e\u0440\u0438\u0441\u0442\u043e\u0432 \u0438 \u0432\u0440\u0430\u0447\u0435\u0439.<\/li><li>\u0421\u043e\u043b\u0438\u0434\u0430\u0440\u043d\u043e\u0441\u0442\u044c \u2014 \u043a\u043e\u0437\u044b\u0440\u043d\u0430\u044f \u043a\u0430\u0440\u0442\u0430, \u0431\u043e\u0440\u044c\u0431\u0430 \u0441 \u0434\u0435\u043f\u043e\u0440\u0442\u0430\u0446\u0438\u0435\u0439 \u0432\u043e\u0437\u043c\u043e\u0436\u043d\u0430 \u0442\u043e\u043b\u044c\u043a\u043e \u043e\u0440\u0433\u0430\u043d\u0438\u0437\u043e\u0432\u0430\u043d\u043d\u0430\u044f. \u041f\u0440\u0438 \u043d\u0435\u043e\u0431\u0445\u043e\u0434\u0438\u043c\u043e\u0441\u0442\u0438 \u043d\u0430\u0439\u0434\u0438\u0442\u0435 \u043c\u0435\u0441\u0442\u043d\u044b\u0439 \u043a\u0440\u0443\u0433 \u0434\u0440\u0443\u0437\u0435\u0439 \u0434\u043b\u044f \u0441\u043e\u043b\u0438\u0434\u0430\u0440\u043d\u043e\u0441\u0442\u0438 \u0441 \u0431\u0435\u0436\u0435\u043d\u0446\u0430\u043c\u0438, \u0438\u0449\u0438\u0442\u0435 \u043f\u0430\u0440\u0442\u043d\u0435\u0440\u043e\u0432 \u043f\u043e \u0430\u043b\u044c\u044f\u043d\u0441\u0443 \u0438 \u0441\u043e\u044e\u0437\u043d\u0438\u043a\u043e\u0432. \u042d\u0442\u043e \u043c\u043e\u0433\u0443\u0442 \u0431\u044b\u0442\u044c \u0434\u0440\u0443\u0437\u044c\u044f, \u043c\u043e\u043b\u043e\u0434\u0435\u0436\u044c \u0438 \u043c\u043e\u043b\u043e\u0434\u0435\u0436\u043d\u044b\u0435 \u043e\u0431\u044a\u0435\u0434\u0438\u043d\u0435\u043d\u0438\u044f, \u043a\u043e\u043b\u043b\u0435\u0433\u0438 \u043f\u043e \u0440\u0430\u0431\u043e\u0442\u0435, \u043b\u044e\u0431\u0438\u0442\u0435\u043b\u0438 \u0441\u043f\u043e\u0440\u0442\u0430, \u0446\u0435\u0440\u043a\u043e\u0432\u043d\u0430\u044f \u0437\u0430\u0432\u0438\u0441\u0442\u044c, \u0441\u043e\u044e\u0437\u044b, \u0431\u043e\u0435\u0432\u044b\u0435 \u0436\u0435\u043d\u0441\u043a\u0438\u0435 \u043e\u0440\u0433\u0430\u043d\u0438\u0437\u0430\u0446\u0438\u0438, ......<\/li><li>\u0421\u043e\u043e\u0431\u0449\u0438\u0442\u0435 \u0434\u0440\u0443\u0437\u044c\u044f\u043c \u0441\u043e\u043b\u0438\u0434\u0430\u0440\u043d\u043e\u0441\u0442\u0438 \u0431\u0435\u0436\u0435\u043d\u0446\u0435\u0432 \u043e \u0440\u0430\u0437\u0432\u0438\u0442\u0438\u0438 \u0441\u043e\u0431\u044b\u0442\u0438\u0439, \u0447\u0442\u043e\u0431\u044b \u043f\u0440\u0438 \u043d\u0435\u043e\u0431\u0445\u043e\u0434\u0438\u043c\u043e\u0441\u0442\u0438 \u0438\u043c\u0435\u0442\u044c \u0432\u043e\u0437\u043c\u043e\u0436\u043d\u043e\u0441\u0442\u044c \u0434\u0435\u0439\u0441\u0442\u0432\u043e\u0432\u0430\u0442\u044c \u043f\u043e \u0432\u0441\u0435\u0439 \u0441\u0442\u0440\u0430\u043d\u0435.<\/li><li>\u041b\u044e\u0431\u0430\u044f \u0431\u043e\u0440\u044c\u0431\u0430 \u0441 \u0434\u0435\u043f\u043e\u0440\u0442\u0430\u0446\u0438\u0435\u0439 \u0441\u0442\u043e\u0438\u0442 \u0434\u0435\u043d\u0435\u0433, \u0431\u0443\u0434\u044c \u0442\u043e \u0441\u0443\u0434\u0435\u0431\u043d\u044b\u0435 \u0438\u0437\u0434\u0435\u0440\u0436\u043a\u0438, \u043f\u0435\u0447\u0430\u0442\u044c \u043b\u0438\u0441\u0442\u043e\u0432\u043e\u043a, \u0442\u0440\u0430\u043d\u0441\u043f\u043e\u0440\u0442\u043d\u044b\u0435 \u0440\u0430\u0441\u0445\u043e\u0434\u044b, \u043b\u044e\u0431\u0430\u044f \u0434\u0435\u044f\u0442\u0435\u043b\u044c\u043d\u043e\u0441\u0442\u044c \u0434\u043e\u043b\u0436\u043d\u0430 \u0431\u044b\u0442\u044c \u0441\u0432\u044f\u0437\u0430\u043d\u0430 \u0441 \u0430\u043a\u0442\u0438\u0432\u043d\u044b\u043c \u0441\u0431\u043e\u0440\u043e\u043c \u043f\u043e\u0436\u0435\u0440\u0442\u0432\u043e\u0432\u0430\u043d\u0438\u0439, \u0447\u0442\u043e\u0431\u044b \u0438\u043c\u0435\u0442\u044c \u0432\u043e\u0437\u043c\u043e\u0436\u043d\u043e\u0441\u0442\u044c \u0441\u0430\u043c\u043e\u0441\u0442\u043e\u044f\u0442\u0435\u043b\u044c\u043d\u043e \u0444\u0438\u043d\u0430\u043d\u0441\u0438\u0440\u043e\u0432\u0430\u0442\u044c \u043f\u043e\u043d\u0435\u0441\u0435\u043d\u043d\u044b\u0435 \u0440\u0430\u0441\u0445\u043e\u0434\u044b.<\/li><li>\u0412 \u043f\u0440\u0438\u043d\u0446\u0438\u043f\u0435, \u0434\u0435\u043f\u043e\u0440\u0442\u0430\u0446\u0438\u044f \u043f\u0440\u043e\u0438\u0441\u0445\u043e\u0434\u0438\u0442 \u043d\u0435 \u0440\u0430\u043d\u0435\u0435, \u0447\u0435\u043c \u0447\u0435\u0440\u0435\u0437 10 \u0434\u043d\u0435\u0439 \u043f\u043e\u0441\u043b\u0435 \u0432\u044b\u0434\u0430\u0447\u0438 \u0443\u0432\u0435\u0434\u043e\u043c\u043b\u0435\u043d\u0438\u044f \u043e \u0434\u0435\u043f\u043e\u0440\u0442\u0430\u0446\u0438\u0438! \u0422\u0430\u043a\u0442\u0438\u043a\u0430 \u00ab\u0414\u043d\u044f X\u00bb \u2014 \u044d\u0442\u043e \u0438\u0441\u043f\u044b\u0442\u0430\u043d\u043d\u044b\u0439 \u043c\u0435\u0442\u043e\u0434 \u043f\u043e\u0434\u0433\u043e\u0442\u043e\u0432\u043a\u0438 \u043a \u0441\u0438\u0442\u0443\u0430\u0446\u0438\u0438 \u0441 \u0432\u043e\u0435\u043d\u043d\u043e\u0439 \u0442\u043e\u0447\u043d\u043e\u0441\u0442\u044c\u044e, \u0441 \u0437\u0430\u0440\u0430\u043d\u0435\u0435 \u0443\u0441\u0442\u0430\u043d\u043e\u0432\u043b\u0435\u043d\u043d\u044b\u043c \u0442\u043e\u0447\u043d\u044b\u043c \u043c\u0435\u0441\u0442\u043e\u043c \u0438 \u0432\u0440\u0435\u043c\u0435\u043d\u0435\u043c.<\/li><li>\u041d\u0430\u043c \u043d\u0443\u0436\u043d\u043e \u0437\u043d\u0430\u0442\u044c \u0440\u0430\u0441\u043f\u043e\u043b\u043e\u0436\u0435\u043d\u0438\u0435 \u0434\u0435\u043f\u043e\u0440\u0442\u0430\u0446\u0438\u043e\u043d\u043d\u044b\u0445 \u0442\u044e\u0440\u0435\u043c \u0432 \u0440\u0435\u0433\u0438\u043e\u043d\u0435.<\/li><li>\u041d\u0435 \u0432\u0441\u044f\u043a\u0443\u044e \u0434\u0435\u043f\u043e\u0440\u0442\u0430\u0446\u0438\u044e \u043c\u043e\u0436\u043d\u043e \u043f\u0440\u0435\u0434\u043e\u0442\u0432\u0440\u0430\u0442\u0438\u0442\u044c - \u0431\u043e\u0440\u044c\u0431\u0443 \u043c\u043e\u0436\u043d\u043e \u0438 \u043d\u0443\u0436\u043d\u043e \u043f\u0440\u043e\u0434\u043e\u043b\u0436\u0430\u0442\u044c \u0432 \u043a\u0430\u0436\u0434\u043e\u0439 \u0441\u0442\u0440\u0430\u043d\u0435 \u043c\u0438\u0440\u0430, \u043c\u044b \u043d\u0430 \u0441\u0432\u044f\u0437\u0438!<\/li><li>\u0412 \u0437\u0430\u0432\u0438\u0441\u0438\u043c\u043e\u0441\u0442\u0438 \u043e\u0442 \u0442\u043e\u0433\u043e, \u0432 \u043a\u0430\u043a\u0443\u044e \u0441\u0442\u0440\u0430\u043d\u0443 \u0434\u0435\u043f\u043e\u0440\u0442\u0438\u0440\u0443\u0435\u0442\u0441\u044f, \u043c\u044b \u0437\u0430\u0440\u0430\u043d\u0435\u0435 \u0432\u044b\u044f\u0441\u043d\u044f\u0435\u043c, \u043c\u043e\u0433\u0443\u0442 \u043b\u0438 \u043b\u0438\u0447\u043d\u044b\u0435 \u043a\u043e\u043d\u0442\u0430\u043a\u0442\u044b \u043a\u0440\u0443\u0433\u0430 \u0434\u0440\u0443\u0437\u0435\u0439 \u0432 \u0441\u0442\u0440\u0430\u043d\u0435 \u043f\u0440\u0438\u043d\u044f\u0442\u044c \u0437\u0430\u0438\u043d\u0442\u0435\u0440\u0435\u0441\u043e\u0432\u0430\u043d\u043d\u043e\u0435 \u043b\u0438\u0446\u043e \u0438 \u043c\u043e\u0433\u0443\u0442 \u043b\u0438 \u043e\u043d\u0438 \u0431\u044b\u0442\u044c \u0442\u0430\u043c \u0440\u0430\u0437\u043c\u0435\u0449\u0435\u043d\u044b \u0438\u043b\u0438 \u043f\u043e\u0434\u0434\u0435\u0440\u0436\u0430\u043d\u044b \u0432 \u0442\u0435\u0447\u0435\u043d\u0438\u0435 \u0441\u043e\u0433\u043b\u0430\u0441\u043e\u0432\u0430\u043d\u043d\u043e\u0433\u043e \u043f\u0435\u0440\u0438\u043e\u0434\u0430 \u0432\u0440\u0435\u043c\u0435\u043d\u0438.<\/li><\/ol>","protected":false},"excerpt":{"rendered":"<p>Freundeskreis Fl\u00fcchtlingssolidarit\u00e4t Juli 2020 Es ist Bestandteil der reaktion\u00e4ren Fl\u00fcchtlingspolitik der BRD Abschiebungen zu verst\u00e4rken. Bauen wir st\u00e4rkere Ketten der Solidarit\u00e4t auf. Der\/die Betroffene stehen&hellip;<\/p>","protected":false},"author":12,"featured_media":0,"parent":32,"menu_order":0,"comment_status":"open","ping_status":"closed","template":"","meta":{"_price":"","_stock":"","_tribe_ticket_header":"","_tribe_default_ticket_provider":"","_tribe_ticket_capacity":"0","_ticket_start_date":"","_ticket_end_date":"","_tribe_ticket_show_description":"","_tribe_ticket_show_not_going":false,"_tribe_ticket_use_global_stock":"","_tribe_ticket_global_stock_level":"","_global_stock_mode":"","_global_stock_cap":"","_tribe_rsvp_for_event":"","_tribe_ticket_going_count":"","_tribe_ticket_not_going_count":"","_tribe_tickets_list":"[]","_tribe_ticket_has_attendee_info_fields":false,"_EventAllDay":false,"_EventTimezone":"","_EventStartDate":"","_EventEndDate":"","_EventStartDateUTC":"","_EventEndDateUTC":"","_EventShowMap":false,"_EventShowMapLink":false,"_EventURL":"","_EventCost":"","_EventCostDescription":"","_EventCurrencySymbol":"","_EventCurrencyCode":"","_EventCurrencyPosition":"","_EventDateTimeSeparator":"","_EventTimeRangeSeparator":"","_EventOrganizerID":[],"_EventVenueID":[],"_OrganizerEmail":"","_OrganizerPhone":"","_OrganizerWebsite":"","_VenueAddress":"","_VenueCity":"","_VenueCountry":"","_VenueProvince":"","_VenueState":"","_VenueZip":"","_VenuePhone":"","_VenueURL":"","_VenueStateProvince":"","_VenueLat":"","_VenueLng":"","_VenueShowMap":false,"_VenueShowMapLink":false,"_themeisle_gutenberg_block_has_review":false,"footnotes":"","_tec_slr_enabled":"","_tec_slr_layout":""},"class_list":["post-637","page","type-page","status-publish","hentry"],"ticketed":false,"_links":{"self":[{"href":"https:\/\/freunde-fluechtlingssolidaritaet.org\/ru\/wp-json\/wp\/v2\/pages\/637","targetHints":{"allow":["GET"]}}],"collection":[{"href":"https:\/\/freunde-fluechtlingssolidaritaet.org\/ru\/wp-json\/wp\/v2\/pages"}],"about":[{"href":"https:\/\/freunde-fluechtlingssolidaritaet.org\/ru\/wp-json\/wp\/v2\/types\/page"}],"author":[{"embeddable":true,"href":"https:\/\/freunde-fluechtlingssolidaritaet.org\/ru\/wp-json\/wp\/v2\/users\/12"}],"replies":[{"embeddable":true,"href":"https:\/\/freunde-fluechtlingssolidaritaet.org\/ru\/wp-json\/wp\/v2\/comments?post=637"}],"version-history":[{"count":1,"href":"https:\/\/freunde-fluechtlingssolidaritaet.org\/ru\/wp-json\/wp\/v2\/pages\/637\/revisions"}],"predecessor-version":[{"id":638,"href":"https:\/\/freunde-fluechtlingssolidaritaet.org\/ru\/wp-json\/wp\/v2\/pages\/637\/revisions\/638"}],"up":[{"embeddable":true,"href":"https:\/\/freunde-fluechtlingssolidaritaet.org\/ru\/wp-json\/wp\/v2\/pages\/32"}],"wp:attachment":[{"href":"https:\/\/freunde-fluechtlingssolidaritaet.org\/ru\/wp-json\/wp\/v2\/media?parent=637"}],"curies":[{"name":"wp","href":"https:\/\/api.w.org\/{rel}","templated":true}]}}