{"id":16,"date":"2021-02-06T15:52:27","date_gmt":"2021-02-06T15:52:27","guid":{"rendered":"http:\/\/freunde-fluechtlingssolidaritaet.org\/?page_id=16"},"modified":"2024-09-23T12:42:15","modified_gmt":"2024-09-23T10:42:15","slug":"ueber-uns","status":"publish","type":"page","link":"https:\/\/freunde-fluechtlingssolidaritaet.org\/uk\/%d0%bf%d1%80%d0%b5%d1%81\/%d0%bf%d1%80%d0%be-%d0%bd%d0%b0%d1%81","title":{"rendered":"\u043f\u0440\u043e \u043d\u0430\u0441"},"content":{"rendered":"<style>.wp-block-kadence-advancedheading.kt-adv-heading16_a7ec43-8f, .wp-block-kadence-advancedheading.kt-adv-heading16_a7ec43-8f[data-kb-block=\"kb-adv-heading16_a7ec43-8f\"]{font-style:normal;}.wp-block-kadence-advancedheading.kt-adv-heading16_a7ec43-8f mark.kt-highlight, .wp-block-kadence-advancedheading.kt-adv-heading16_a7ec43-8f[data-kb-block=\"kb-adv-heading16_a7ec43-8f\"] mark.kt-highlight{font-style:normal;color:#f76a0c;-webkit-box-decoration-break:clone;box-decoration-break:clone;padding-top:0px;padding-right:0px;padding-bottom:0px;padding-left:0px;}.wp-block-kadence-advancedheading.kt-adv-heading16_a7ec43-8f img.kb-inline-image, .wp-block-kadence-advancedheading.kt-adv-heading16_a7ec43-8f[data-kb-block=\"kb-adv-heading16_a7ec43-8f\"] img.kb-inline-image{width:150px;vertical-align:baseline;}<\/style>\n<h2 class=\"kt-adv-heading16_a7ec43-8f wp-block-kadence-advancedheading\" data-kb-block=\"kb-adv-heading16_a7ec43-8f\"><strong>Was wir wollen<\/strong><\/h2>\n\n\n<style>.wp-block-kadence-advancedheading.kt-adv-heading16_967aac-5c, .wp-block-kadence-advancedheading.kt-adv-heading16_967aac-5c[data-kb-block=\"kb-adv-heading16_967aac-5c\"]{font-style:normal;}.wp-block-kadence-advancedheading.kt-adv-heading16_967aac-5c mark.kt-highlight, .wp-block-kadence-advancedheading.kt-adv-heading16_967aac-5c[data-kb-block=\"kb-adv-heading16_967aac-5c\"] mark.kt-highlight{font-style:normal;color:#f76a0c;-webkit-box-decoration-break:clone;box-decoration-break:clone;padding-top:0px;padding-right:0px;padding-bottom:0px;padding-left:0px;}.wp-block-kadence-advancedheading.kt-adv-heading16_967aac-5c img.kb-inline-image, .wp-block-kadence-advancedheading.kt-adv-heading16_967aac-5c[data-kb-block=\"kb-adv-heading16_967aac-5c\"] img.kb-inline-image{width:150px;vertical-align:baseline;}<\/style>\n<h4 class=\"kt-adv-heading16_967aac-5c wp-block-kadence-advancedheading\" data-kb-block=\"kb-adv-heading16_967aac-5c\"><strong>Seit der Gr\u00fcndung des Freundeskreises Alassa wurde der Freundeskreis vielf\u00e4ltig aktiv. Unser Selbstverst\u00e4ndnis haben wir in Programmen und Resolutionen festgehalten.<\/strong> <\/h4>\n\n\n\n<div class=\"wp-block-buttons is-layout-flex wp-block-buttons-is-layout-flex\">\n<div class=\"wp-block-button\"><a class=\"wp-block-button__link wp-element-button\" href=\"https:\/\/freunde-fluechtlingssolidaritaet.org\/ueber-uns\/was-wir-wollen\" target=\"_blank\" rel=\"noreferrer noopener\">Mehr dazu hier<\/a><\/div>\n<\/div>\n\n\n<style>.wp-block-kadence-spacer.kt-block-spacer-16_f05362-19 .kt-block-spacer{height:60px;}.wp-block-kadence-spacer.kt-block-spacer-16_f05362-19 .kt-divider{border-top-width:1px;height:1px;border-top-color:#eee;width:80%;border-top-style:solid;}<\/style>\n<div class=\"wp-block-kadence-spacer aligncenter kt-block-spacer-16_f05362-19\"><div class=\"kt-block-spacer kt-block-spacer-halign-center\"><hr class=\"kt-divider\"\/><\/div><\/div>\n\n\n\n<h2 class=\"wp-block-heading\"><strong>Kurze Geschichte des Freundeskreises Fl\u00fcchtlingssolidarit\u00e4t in <a href=\"http:\/\/www.solidaritaet-international.de\">Solidarit\u00e4t International (SI)<\/a><\/strong><a href=\"http:\/\/www.solidaritaet-international.de\"> <\/a><\/h2>\n\n\n\n<h4 class=\"wp-block-heading\"><strong>Der Freundeskreis entstand in der zweiten Jahresh\u00e4lfte 2018 als Reaktion auf die politisch motivierte Abschiebung von Alassa Mfouapon nach Italien mit der Forderung: \u201eHolt Alassa sofort zur\u00fcck!\u201c<\/strong><\/h4>\n\n\n\n<p>Vorausgegangen waren turbulente Ereignisse in der LEA Ellwangen:<\/p>\n\n\n\n<ul class=\"wp-block-list\">\n<li>30. April 2018: Mitbewohner der LEA verhindern die Abschiebung eines Togolesen. Dem folgte eine mediale Hetze, mit der ein Akt spontaner Solidarit\u00e4t von Fl\u00fcchtlingen zum staatsfeindlichen kriminellen Aufstand hochstilisiert wurde \u2013 sogar von gebunkerten Waffen war die Rede. Das diente letztlich der Vorbereitung einer ohnehin geplanten Versch\u00e4rfung der Abschiebepraxis.<\/li>\n\n\n\n<li>3. Mai 2018: an diesem Tag war eigentlich eine Pressekonferenz geplant, wo die Bewohner der LEA an die \u00d6ffentlichkeit treten wollten, um ihre verzweifelte Situation zu erkl\u00e4ren und um Solidarit\u00e4t der Ellwanger zu bitten: \u201eWir sind Fl\u00fcchtlinge, keine Kriminellen!\u201c. Stattdessen fand mitten in der Nacht ein brutaler Polizei\u00fcberfall auf die LEA statt \u2013 500 ganz in schwarz Uniformierte mit Hunden traten T\u00fcren ein (die gar nicht verschlossen gewesen waren!) und zerrten schwer traumatisierte Menschen aus dem Bett, brachten sie zu Boden, fesselten sie und nahmen ihnen Geld und Telefone ab. Im Bl\u00e4tterwald wurde Genugtuung verbreitet: die Staatsgewalt hatte zugeschlagen! In Wirklichkeit wurden fundamentale Menschenrechte, zum Beispiel die Unverletzlichkeit der Wohnung, mit F\u00fc\u00dfen getreten!<\/li>\n\n\n\n<li>Alassa als einer der Sprecher der Bewegung der Fl\u00fcchtlinge meldete erneut eine Pressekonferenz und eine Demonstration an \u2013 ein voller Erfolg! Zweifel an der Rechtm\u00e4\u00dfigkeit bis massive Kritik der Polizeiaktion wurden laut.<\/li>\n\n\n\n<li>Am 20. Juni wurde Alassa \u2013 mittlerweile bundesweit bekannt \u2013 nach Italien abgeschoben, wieder unter Anwendung massiver Gewalt, obwohl er sich in keiner Weise dagegen zur Wehr setzte.<\/li>\n<\/ul>\n\n\n\n<figure class=\"wp-block-image size-large\"><img loading=\"lazy\" decoding=\"async\" width=\"1024\" height=\"576\" src=\"http:\/\/freunde-fluechtlingssolidaritaet.org\/wp-content\/uploads\/2021\/02\/03-IMG-1024x576.jpg\" alt=\"\" class=\"wp-image-120\" srcset=\"https:\/\/freunde-fluechtlingssolidaritaet.org\/wp-content\/uploads\/2021\/02\/03-IMG-1024x576.jpg 1024w, https:\/\/freunde-fluechtlingssolidaritaet.org\/wp-content\/uploads\/2021\/02\/03-IMG-300x169.jpg 300w, https:\/\/freunde-fluechtlingssolidaritaet.org\/wp-content\/uploads\/2021\/02\/03-IMG-768x432.jpg 768w, https:\/\/freunde-fluechtlingssolidaritaet.org\/wp-content\/uploads\/2021\/02\/03-IMG-1536x865.jpg 1536w, https:\/\/freunde-fluechtlingssolidaritaet.org\/wp-content\/uploads\/2021\/02\/03-IMG-2048x1153.jpg 2048w\" sizes=\"auto, (max-width: 1024px) 100vw, 1024px\" \/><\/figure>\n\n\n\n<div class=\"wp-block-columns is-layout-flex wp-container-core-columns-is-layout-9d6595d7 wp-block-columns-is-layout-flex\">\n<div class=\"wp-block-column is-layout-flow wp-block-column-is-layout-flow\" style=\"flex-basis:100%\">\n<div class=\"wp-block-columns is-layout-flex wp-container-core-columns-is-layout-9d6595d7 wp-block-columns-is-layout-flex\">\n<div class=\"wp-block-column is-layout-flow wp-block-column-is-layout-flow\" style=\"flex-basis:100%\">\n<p>Der \u201eFreundeskreis Alassa\u201c entwickelte als Teil von \u201e<a rel=\"noreferrer noopener\" href=\"http:\/\/www.solidaritaet-international.de\" target=\"_blank\">Solidarit\u00e4t International<\/a>\u201c eine breite Solidarit\u00e4tsarbeit \u2013 Unterschriften wurden gesammelt, Demonstrationen und Veranstaltungen durchgef\u00fchrt, Spenden gesammelt und viele Tausend Menschen erreicht. Zu Alassa, der in Italien unter den elendigen Bedingungen leben musste, zu denen die Fl\u00fcchtlinge dort gezwungen sind, hielt der Freundeskreis st\u00e4ndigen Kontakt und erm\u00f6glichte nicht nur sein \u00dcberleben, sondern auch eine anwaltliche Vertretung, mit deren Hilfe er Anzeige gegen die Landesregierung erstattete wegen der Unrechtm\u00e4\u00dfigkeit des Polizeieinsatzes vom 3. Mai 2018 in der LEA Ellwangen. Diese Klage wurde im Februar 2021 vor Gericht verhandelt und entschieden, dass der Polizeieinsatz unrechtm\u00e4\u00dfig war &#8211; allerdings nur gegen\u00fcber Alassa und au\u00dferdem wurde nicht gekl\u00e4rt, dass Zimmer in Fl\u00fcchtlingeunterk\u00fcnften Wohnungen im Sinne des Artikels 13 GG (Unverletzlichkeit der Wohnung) sind. Dies wird hoffentlich die Berufungsverhandlung am 28.2.22 f\u00fcr alle Fl\u00fcchtlinge kl\u00e4ren!<\/p>\n<\/div>\n<\/div>\n<\/div>\n<\/div>\n\n\n\n<figure class=\"wp-block-image size-large is-resized\"><img loading=\"lazy\" decoding=\"async\" src=\"https:\/\/freunde-fluechtlingssolidaritaet.org\/wp-content\/uploads\/2023\/05\/IMG_E8238-1024x576.jpg\" alt=\"\" class=\"wp-image-4273\" style=\"width:1193px;height:896px\" width=\"1193\" height=\"896\"\/><figcaption class=\"wp-element-caption\">OLYMPUS DIGITAL CAMERA<\/figcaption><\/figure>\n\n\n\n<p>Am Tag nach Ablauf der halbj\u00e4hrlichen Wiedereinreisesperre kehrte Alassa rechtm\u00e4\u00dfig in die Bundesrepublik zur\u00fcck und stellte einen Asylfolgeantrag \u2013 unter anderem, weil ihm in den sechs Monaten in Italien keinerlei medizinische oder soziale Unterst\u00fctzung und auch keine M\u00f6glichkeit gew\u00e4hrt worden war, sein Asylbegehren vorzutragen.<\/p>\n\n\n\n<p>Eine beispiellose Medienhetze folgte diesem Schritt \u2013 vorneweg die Bildzeitung, die ihn als \u201eillegalen Invasor\u201c, Sozialhilfebetr\u00fcger\u201c titulierte und unter voller Bekanntgabe von Name, Gesicht und Anschrift regelrecht zum Abschuss freigab.<\/p>\n\n\n\n<p>Vor allem im Kampf gegen diesen massiven reaktion\u00e4ren Wind wuchs die Bewegung des Freundeskreises als Organisationsform von Fl\u00fcchtlingen, die gemeinsam mit solidarischen Menschen um ihre Rechte k\u00e4mpfen. Ein viel beachtetes Tribunal gegen die Asylpolitik Seehofers und eine Fl\u00fcchtlingspolitischer Kongress schufen bundesweit neue Verbindungen, leisteten Aufkl\u00e4rungs- und Organisationsarbeit und der \u201eFreundeskreis Alassa\u201c wurde ein regelrechter Gegenpol zur reaktion\u00e4ren Fl\u00fcchtlingspolitik mit internationaler Ausstrahlung \u2013 l\u00e4ngst ging es nicht mehr nur um die Person von Alassa Mfouapon, auch wenn er als prominenter Vertreter der Fl\u00fcchtlingsselbstorganisation weiterhin im Fokus der Auseinandersetzungen steht. So begr\u00fcndete der Freundeskreis gemeinsam mit Solidarit\u00e4t International der <mark class=\"kt-highlight\"><a rel=\"noreferrer noopener\" href=\"https:\/\/freunde-fluechtlingssolidaritaet.org\/moria-solidaritaetspakt\" target=\"_blank\"><strong>Solidarit\u00e4tspakt mit der O<\/strong><\/a><\/mark><strong><a rel=\"noreferrer noopener\" href=\"https:\/\/freunde-fluechtlingssolidaritaet.org\/moria-solidaritaetspakt\" target=\"_blank\">rga<mark class=\"kt-highlight\">n<\/mark><\/a><\/strong><mark class=\"kt-highlight\"><a rel=\"noreferrer noopener\" href=\"https:\/\/freunde-fluechtlingssolidaritaet.org\/moria-solidaritaetspakt\" target=\"_blank\"><strong>isation \u201eOXI \u2013 Lesvos resists Corona!\u201c<\/strong><\/a> <\/mark>mit der Forderung der Evakuierung der Camps in der griechischen \u00c4g\u00e4is. Folgerichtig war darum der n\u00e4chste Schritt: im Juni 2020 fand auf Initiative der Regionalgruppe \u2026.. von Solidarit\u00e4t International unter Corona-Bedingungen ein bemerkenswertes Treffen statt mit dem Ergebnis, den Freundeskreis bundesweit aufzustellen: Regionalgruppen wurden gegr\u00fcndet und der Name ge\u00e4ndert in \u201eFreundeskreis Fl\u00fcchtlingssolidarit\u00e4t in Solidarit\u00e4t International\u201c, und eine <a rel=\"noreferrer noopener\" href=\"https:\/\/freunde-fluechtlingssolidaritaet.org\/wp-admin\/post.php?post=580&amp;action=edit\" target=\"_blank\">programmatische Erweiterung<\/a> und eine <strong>A<a href=\"https:\/\/freunde-fluechtlingssolidaritaet.org\/wp-admin\/post.php?post=580&amp;action=edit\" target=\"_blank\" rel=\"noreferrer noopener\">bschlussresolution<\/a><\/strong> beschlossen \u2013 der Kampf geht weiter!<\/p>\n","protected":false},"excerpt":{"rendered":"<p>Was wir wollen Seit der Gr\u00fcndung des Freundeskreises Alassa wurde der Freundeskreis vielf\u00e4ltig aktiv. Unser Selbstverst\u00e4ndnis haben wir in Programmen und Resolutionen festgehalten. Kurze Geschichte&hellip;<\/p>","protected":false},"author":12,"featured_media":120,"parent":32,"menu_order":0,"comment_status":"open","ping_status":"closed","template":"","meta":{"_price":"","_stock":"","_tribe_ticket_header":"","_tribe_default_ticket_provider":"","_tribe_ticket_capacity":"0","_ticket_start_date":"","_ticket_end_date":"","_tribe_ticket_show_description":"","_tribe_ticket_show_not_going":false,"_tribe_ticket_use_global_stock":"","_tribe_ticket_global_stock_level":"","_global_stock_mode":"","_global_stock_cap":"","_tribe_rsvp_for_event":"","_tribe_ticket_going_count":"","_tribe_ticket_not_going_count":"","_tribe_tickets_list":"[]","_tribe_ticket_has_attendee_info_fields":false,"_EventAllDay":false,"_EventTimezone":"","_EventStartDate":"","_EventEndDate":"","_EventStartDateUTC":"","_EventEndDateUTC":"","_EventShowMap":false,"_EventShowMapLink":false,"_EventURL":"","_EventCost":"","_EventCostDescription":"","_EventCurrencySymbol":"","_EventCurrencyCode":"","_EventCurrencyPosition":"","_EventDateTimeSeparator":"","_EventTimeRangeSeparator":"","_EventOrganizerID":[],"_EventVenueID":[],"_OrganizerEmail":"","_OrganizerPhone":"","_OrganizerWebsite":"","_VenueAddress":"","_VenueCity":"","_VenueCountry":"","_VenueProvince":"","_VenueState":"","_VenueZip":"","_VenuePhone":"","_VenueURL":"","_VenueStateProvince":"","_VenueLat":"","_VenueLng":"","_VenueShowMap":false,"_VenueShowMapLink":false,"_themeisle_gutenberg_block_has_review":false,"footnotes":"","_tec_slr_enabled":"","_tec_slr_layout":""},"class_list":["post-16","page","type-page","status-publish","has-post-thumbnail","hentry"],"ticketed":false,"_links":{"self":[{"href":"https:\/\/freunde-fluechtlingssolidaritaet.org\/uk\/wp-json\/wp\/v2\/pages\/16","targetHints":{"allow":["GET"]}}],"collection":[{"href":"https:\/\/freunde-fluechtlingssolidaritaet.org\/uk\/wp-json\/wp\/v2\/pages"}],"about":[{"href":"https:\/\/freunde-fluechtlingssolidaritaet.org\/uk\/wp-json\/wp\/v2\/types\/page"}],"author":[{"embeddable":true,"href":"https:\/\/freunde-fluechtlingssolidaritaet.org\/uk\/wp-json\/wp\/v2\/users\/12"}],"replies":[{"embeddable":true,"href":"https:\/\/freunde-fluechtlingssolidaritaet.org\/uk\/wp-json\/wp\/v2\/comments?post=16"}],"version-history":[{"count":29,"href":"https:\/\/freunde-fluechtlingssolidaritaet.org\/uk\/wp-json\/wp\/v2\/pages\/16\/revisions"}],"predecessor-version":[{"id":5255,"href":"https:\/\/freunde-fluechtlingssolidaritaet.org\/uk\/wp-json\/wp\/v2\/pages\/16\/revisions\/5255"}],"up":[{"embeddable":true,"href":"https:\/\/freunde-fluechtlingssolidaritaet.org\/uk\/wp-json\/wp\/v2\/pages\/32"}],"wp:featuredmedia":[{"embeddable":true,"href":"https:\/\/freunde-fluechtlingssolidaritaet.org\/uk\/wp-json\/wp\/v2\/media\/120"}],"wp:attachment":[{"href":"https:\/\/freunde-fluechtlingssolidaritaet.org\/uk\/wp-json\/wp\/v2\/media?parent=16"}],"curies":[{"name":"wp","href":"https:\/\/api.w.org\/{rel}","templated":true}]}}