{"id":22,"date":"2021-02-06T15:54:02","date_gmt":"2021-02-06T14:54:02","guid":{"rendered":"http:\/\/freunde-fluechtlingssolidaritaet.org\/?page_id=22"},"modified":"2024-09-23T12:42:16","modified_gmt":"2024-09-23T10:42:16","slug":"spenden-kontoverbindung","status":"publish","type":"page","link":"https:\/\/freunde-fluechtlingssolidaritaet.org\/uk\/%d0%bf%d1%80%d0%b5%d1%81\/%d1%80%d0%b5%d0%ba%d0%b2%d1%96%d0%b7%d0%b8%d1%82%d0%b8-%d0%bf%d0%be%d0%b6%d0%b5%d1%80%d1%82%d0%b2%d1%83%d0%b2%d0%b0%d0%bb%d1%8c%d0%bd%d0%be%d0%b3%d0%be-%d1%80%d0%b0%d1%85%d1%83%d0%bd%d0%ba%d1%83","title":{"rendered":"\u041f\u043e\u0436\u0435\u0440\u0442\u0432\u0443\u0439\u0442\u0435"},"content":{"rendered":"<div class=\"wp-block-buttons is-layout-flex wp-block-buttons-is-layout-flex\">\n<div class=\"wp-block-button\"><a class=\"wp-block-button__link wp-element-button\" href=\"https:\/\/paypal.me\/Alassamfouapo89?country.x=DE&amp;locale.x=de_DE\" target=\"_blank\" rel=\"noreferrer noopener\">Hier k\u00f6nnt ihr auch Mitgliedsbeitr\u00e4ge flei\u00dfig bezahlen<\/a><\/div>\n<\/div>\n\n\n\n<div class=\"wp-block-columns alignwide is-layout-flex wp-container-core-columns-is-layout-9d6595d7 wp-block-columns-is-layout-flex\">\n<div class=\"wp-block-column is-layout-flow wp-block-column-is-layout-flow\" style=\"flex-basis:50%\">\n<div class=\"wp-block-cover is-light\" style=\"min-height:630px;aspect-ratio:unset;\"><span aria-hidden=\"true\" class=\"wp-block-cover__background has-background-dim-100 has-background-dim\" style=\"background-color:#f6f6f6\"><\/span><div class=\"wp-block-cover__inner-container is-layout-flow wp-block-cover-is-layout-flow\"><div class=\"wp-block-image\">\n<figure class=\"aligncenter size-full is-resized\"><img loading=\"lazy\" decoding=\"async\" width=\"512\" height=\"512\" src=\"https:\/\/freunde-fluechtlingssolidaritaet.org\/wp-content\/uploads\/2021\/08\/cropped-cropped-Logo_FFS-1.png\" alt=\"\" class=\"wp-image-4126\" style=\"width:540px;height:auto\" srcset=\"https:\/\/freunde-fluechtlingssolidaritaet.org\/wp-content\/uploads\/2021\/08\/cropped-cropped-Logo_FFS-1.png 512w, https:\/\/freunde-fluechtlingssolidaritaet.org\/wp-content\/uploads\/2021\/08\/cropped-cropped-Logo_FFS-1-300x300.png 300w, https:\/\/freunde-fluechtlingssolidaritaet.org\/wp-content\/uploads\/2021\/08\/cropped-cropped-Logo_FFS-1-150x150.png 150w, https:\/\/freunde-fluechtlingssolidaritaet.org\/wp-content\/uploads\/2021\/08\/cropped-cropped-Logo_FFS-1-12x12.png 12w, https:\/\/freunde-fluechtlingssolidaritaet.org\/wp-content\/uploads\/2021\/08\/cropped-cropped-Logo_FFS-1-270x270.png 270w, https:\/\/freunde-fluechtlingssolidaritaet.org\/wp-content\/uploads\/2021\/08\/cropped-cropped-Logo_FFS-1-192x192.png 192w, https:\/\/freunde-fluechtlingssolidaritaet.org\/wp-content\/uploads\/2021\/08\/cropped-cropped-Logo_FFS-1-180x180.png 180w, https:\/\/freunde-fluechtlingssolidaritaet.org\/wp-content\/uploads\/2021\/08\/cropped-cropped-Logo_FFS-1-32x32.png 32w\" sizes=\"auto, (max-width: 512px) 100vw, 512px\" \/><\/figure>\n<\/div><\/div><\/div>\n<\/div>\n\n\n\n<div class=\"wp-block-column is-layout-flow wp-block-column-is-layout-flow\" style=\"padding-top:1em;padding-right:1em;padding-bottom:1em;padding-left:1em\">\n<div class=\"wp-block-columns are-vertically-aligned-center is-layout-flex wp-container-core-columns-is-layout-9d6595d7 wp-block-columns-is-layout-flex\">\n<div class=\"wp-block-column is-vertically-aligned-center is-layout-flow wp-block-column-is-layout-flow\" style=\"font-size:25px;flex-basis:320px\">\n<p class=\"has-x-large-font-size\"><strong>\u041f\u043e\u0436\u0435\u0440\u0442\u0432\u0443\u0439\u0442\u0435<\/strong><\/p>\n\n\n\n<p>\u041a\u043e\u043b\u043e \u0434\u0440\u0443\u0437\u0456\u0432 \u0454 \u0444\u0456\u043d\u0430\u043d\u0441\u043e\u0432\u043e \u043d\u0435\u0437\u0430\u043b\u0435\u0436\u043d\u0438\u043c \u0456 \u0444\u0456\u043d\u0430\u043d\u0441\u0443\u0454 \u0441\u0432\u043e\u044e \u0440\u043e\u0431\u043e\u0442\u0443 \u0430\u043a\u0442\u0438\u0432\u043d\u0438\u043c\u0438 \u043f\u043e\u0436\u0435\u0440\u0442\u0432\u0430\u043c\u0438 \u0442\u0430 \u0440\u0435\u0433\u0443\u043b\u044f\u0440\u043d\u043e \u0437\u0432\u0456\u0442\u0443\u0454 \u043f\u0440\u043e \u0434\u043e\u0445\u043e\u0434\u0438 \u0442\u0430 \u0432\u0438\u0442\u0440\u0430\u0442\u0438 \u043d\u0430 \u0441\u0432\u043e\u0457\u0445 \u0437\u0430\u0441\u0456\u0434\u0430\u043d\u043d\u044f\u0445<\/p>\n\n\n\n<p><\/p>\n\n\n\n<p class=\"has-text-align-left has-medium-font-size\" style=\"line-height:1.6\"><strong>\u0420\u0410\u0425\u0423\u041d\u041e\u041a \u0414\u041b\u042f \u041f\u041e\u0416\u0415\u0420\u0422\u0412\u0443\u0432\u0430\u043d\u044c<br>&nbsp;\u00ab\u0406\u043d\u0442\u0435\u0440\u043d\u0430\u0446\u0456\u043e\u043d\u0430\u043b\u044c\u043d\u0430 \u0441\u043e\u043b\u0456\u0434\u0430\u0440\u043d\u0456\u0441\u0442\u044c \u0435\u0412\u00bb<br>&nbsp;IBAN: DE86 5019 0000 6100 8005 84<\/strong><\/p>\n\n\n\n<p class=\"has-text-align-left\" style=\"font-size:18px;line-height:1.6\"><strong>\u041a\u043b\u044e\u0447\u043e\u0432\u0435 \u0441\u043b\u043e\u0432\u043e &quot;\u0441\u043e\u043b\u0456\u0434\u0430\u0440\u043d\u0456\u0441\u0442\u044c \u0431\u0456\u0436\u0435\u043d\u0446\u0456\u0432&quot;<\/strong><\/p>\n<\/div>\n<\/div>\n\n\n\n<figure class=\"wp-block-image size-large\"><img loading=\"lazy\" decoding=\"async\" width=\"1024\" height=\"683\" src=\"https:\/\/freunde-fluechtlingssolidaritaet.org\/wp-content\/uploads\/2023\/12\/image-1-1024x683.png\" alt=\"\" class=\"wp-image-4845\" srcset=\"https:\/\/freunde-fluechtlingssolidaritaet.org\/wp-content\/uploads\/2023\/12\/image-1-1024x683.png 1024w, https:\/\/freunde-fluechtlingssolidaritaet.org\/wp-content\/uploads\/2023\/12\/image-1-300x200.png 300w, https:\/\/freunde-fluechtlingssolidaritaet.org\/wp-content\/uploads\/2023\/12\/image-1-768x512.png 768w, https:\/\/freunde-fluechtlingssolidaritaet.org\/wp-content\/uploads\/2023\/12\/image-1-18x12.png 18w, https:\/\/freunde-fluechtlingssolidaritaet.org\/wp-content\/uploads\/2023\/12\/image-1.png 1200w\" sizes=\"auto, (max-width: 1024px) 100vw, 1024px\" \/><\/figure>\n<\/div>\n<\/div>","protected":false},"excerpt":{"rendered":"<p>Spenden Der Freundeskreis ist finanziell unabh\u00e4ngig und finanziert seine Arbeit mit aktiver Spendenarbeit und legt auf seinen Treffen regelm\u00e4\u00dfig Rechenschaft ab \u00fcber Einnahmen und Ausgaben&hellip;<\/p>","protected":false},"author":12,"featured_media":0,"parent":32,"menu_order":4,"comment_status":"open","ping_status":"closed","template":"","meta":{"_price":"","_stock":"","_tribe_ticket_header":"","_tribe_default_ticket_provider":"","_tribe_ticket_capacity":"0","_ticket_start_date":"","_ticket_end_date":"","_tribe_ticket_show_description":"","_tribe_ticket_show_not_going":false,"_tribe_ticket_use_global_stock":"","_tribe_ticket_global_stock_level":"","_global_stock_mode":"","_global_stock_cap":"","_tribe_rsvp_for_event":"","_tribe_ticket_going_count":"","_tribe_ticket_not_going_count":"","_tribe_tickets_list":"[]","_tribe_ticket_has_attendee_info_fields":false,"_EventAllDay":false,"_EventTimezone":"","_EventStartDate":"","_EventEndDate":"","_EventStartDateUTC":"","_EventEndDateUTC":"","_EventShowMap":false,"_EventShowMapLink":false,"_EventURL":"","_EventCost":"","_EventCostDescription":"","_EventCurrencySymbol":"","_EventCurrencyCode":"","_EventCurrencyPosition":"","_EventDateTimeSeparator":"","_EventTimeRangeSeparator":"","_EventOrganizerID":[],"_EventVenueID":[],"_OrganizerEmail":"","_OrganizerPhone":"","_OrganizerWebsite":"","_VenueAddress":"","_VenueCity":"","_VenueCountry":"","_VenueProvince":"","_VenueState":"","_VenueZip":"","_VenuePhone":"","_VenueURL":"","_VenueStateProvince":"","_VenueLat":"","_VenueLng":"","_VenueShowMap":false,"_VenueShowMapLink":false,"_themeisle_gutenberg_block_has_review":false,"footnotes":"","_tec_slr_enabled":"","_tec_slr_layout":""},"class_list":["post-22","page","type-page","status-publish","hentry"],"ticketed":false,"_links":{"self":[{"href":"https:\/\/freunde-fluechtlingssolidaritaet.org\/uk\/wp-json\/wp\/v2\/pages\/22","targetHints":{"allow":["GET"]}}],"collection":[{"href":"https:\/\/freunde-fluechtlingssolidaritaet.org\/uk\/wp-json\/wp\/v2\/pages"}],"about":[{"href":"https:\/\/freunde-fluechtlingssolidaritaet.org\/uk\/wp-json\/wp\/v2\/types\/page"}],"author":[{"embeddable":true,"href":"https:\/\/freunde-fluechtlingssolidaritaet.org\/uk\/wp-json\/wp\/v2\/users\/12"}],"replies":[{"embeddable":true,"href":"https:\/\/freunde-fluechtlingssolidaritaet.org\/uk\/wp-json\/wp\/v2\/comments?post=22"}],"version-history":[{"count":46,"href":"https:\/\/freunde-fluechtlingssolidaritaet.org\/uk\/wp-json\/wp\/v2\/pages\/22\/revisions"}],"predecessor-version":[{"id":4852,"href":"https:\/\/freunde-fluechtlingssolidaritaet.org\/uk\/wp-json\/wp\/v2\/pages\/22\/revisions\/4852"}],"up":[{"embeddable":true,"href":"https:\/\/freunde-fluechtlingssolidaritaet.org\/uk\/wp-json\/wp\/v2\/pages\/32"}],"wp:attachment":[{"href":"https:\/\/freunde-fluechtlingssolidaritaet.org\/uk\/wp-json\/wp\/v2\/media?parent=22"}],"curies":[{"name":"wp","href":"https:\/\/api.w.org\/{rel}","templated":true}]}}