{"id":26,"date":"2021-02-06T15:54:28","date_gmt":"2021-02-06T15:54:28","guid":{"rendered":"http:\/\/freunde-fluechtlingssolidaritaet.org\/?page_id=26"},"modified":"2024-09-23T12:42:15","modified_gmt":"2024-09-23T10:42:15","slug":"veroeffentlichungen","status":"publish","type":"page","link":"https:\/\/freunde-fluechtlingssolidaritaet.org\/uk\/%d0%bf%d1%80%d0%b5%d1%81\/%d0%bf%d1%83%d0%b1%d0%bb%d1%96%d0%ba%d0%b0%d1%86%d1%96%d0%b9","title":{"rendered":"\u0422\u043e\u0431\u0456 \u043f\u043e\u0442\u0440\u0456\u0431\u043d\u0430 \u0434\u043e\u043f\u043e\u043c\u043e\u0433\u0430?"},"content":{"rendered":"<style>.wp-block-kadence-advancedheading.kt-adv-heading_a14457-e7, .wp-block-kadence-advancedheading.kt-adv-heading_a14457-e7[data-kb-block=\"kb-adv-heading_a14457-e7\"]{font-style:normal;}.wp-block-kadence-advancedheading.kt-adv-heading_a14457-e7 mark.kt-highlight, .wp-block-kadence-advancedheading.kt-adv-heading_a14457-e7[data-kb-block=\"kb-adv-heading_a14457-e7\"] mark.kt-highlight{font-style:normal;color:#f76a0c;-webkit-box-decoration-break:clone;box-decoration-break:clone;padding-top:0px;padding-right:0px;padding-bottom:0px;padding-left:0px;}.wp-block-kadence-advancedheading.kt-adv-heading_a14457-e7 img.kb-inline-image, .wp-block-kadence-advancedheading.kt-adv-heading_a14457-e7[data-kb-block=\"kb-adv-heading_a14457-e7\"] img.kb-inline-image{width:150px;vertical-align:baseline;}<\/style>\n<h4 class=\"kt-adv-heading_a14457-e7 wp-block-kadence-advancedheading\" data-kb-block=\"kb-adv-heading_a14457-e7\"><br><strong>F\u00fcr Beratung und Hilfe bitte an an eine der folgenden Adressen wenden:<\/strong><a rel=\"noreferrer noopener\" href=\"https:\/\/freunde-fluechtlingssolidaritaet.org\/ueber-uns\/regionalgruppen\" target=\"_blank\"> <\/a><\/h4>\n\n\n\n<figure class=\"wp-block-embed is-type-wp-embed is-provider-freundeskreis-fluchtlingssolidaritat-in-si wp-block-embed-freundeskreis-fluchtlingssolidaritat-in-si\"><div class=\"wp-block-embed__wrapper\">\n<blockquote hcb-fetch-image-from=\"https:\/\/freunde-fluechtlingssolidaritaet.org\/ueber-uns\/regionalgruppen\" class=\"wp-embedded-content\" data-secret=\"MlpvRTOeJn\"><a href=\"https:\/\/freunde-fluechtlingssolidaritaet.org\/ueber-uns\/regionalgruppen\">Regionalgruppen<\/a><\/blockquote><iframe loading=\"lazy\" class=\"wp-embedded-content\" sandbox=\"allow-scripts\" security=\"restricted\" style=\"position: absolute; clip: rect(1px, 1px, 1px, 1px);\" title=\"&#8222;Regionalgruppen&#8220; &#8212; Freundeskreis  Fl\u00fcchtlingssolidarit\u00e4t\" src=\"https:\/\/freunde-fluechtlingssolidaritaet.org\/ueber-uns\/regionalgruppen\/embed#?secret=Eas7g7JBFj#?secret=MlpvRTOeJn\" data-secret=\"MlpvRTOeJn\" width=\"600\" height=\"338\" frameborder=\"0\" marginwidth=\"0\" marginheight=\"0\" scrolling=\"no\"><\/iframe>\n<\/div><\/figure>\n\n\n\n<p> <\/p>\n\n\n<style>.wp-block-kadence-advancedheading.kt-adv-heading_6edbdc-0b, .wp-block-kadence-advancedheading.kt-adv-heading_6edbdc-0b[data-kb-block=\"kb-adv-heading_6edbdc-0b\"]{text-align:center;font-style:normal;}.wp-block-kadence-advancedheading.kt-adv-heading_6edbdc-0b mark.kt-highlight, .wp-block-kadence-advancedheading.kt-adv-heading_6edbdc-0b[data-kb-block=\"kb-adv-heading_6edbdc-0b\"] mark.kt-highlight{font-style:normal;color:#f76a0c;-webkit-box-decoration-break:clone;box-decoration-break:clone;padding-top:0px;padding-right:0px;padding-bottom:0px;padding-left:0px;}.wp-block-kadence-advancedheading.kt-adv-heading_6edbdc-0b img.kb-inline-image, .wp-block-kadence-advancedheading.kt-adv-heading_6edbdc-0b[data-kb-block=\"kb-adv-heading_6edbdc-0b\"] img.kb-inline-image{width:150px;vertical-align:baseline;}<\/style>\n<h2 class=\"kt-adv-heading_6edbdc-0b wp-block-kadence-advancedheading\" data-kb-block=\"kb-adv-heading_6edbdc-0b\"><\/h2>\n\n\n<style>.wp-block-kadence-advancedheading.kt-adv-heading_57c312-20, .wp-block-kadence-advancedheading.kt-adv-heading_57c312-20[data-kb-block=\"kb-adv-heading_57c312-20\"]{text-align:left;font-style:normal;}.wp-block-kadence-advancedheading.kt-adv-heading_57c312-20 mark.kt-highlight, .wp-block-kadence-advancedheading.kt-adv-heading_57c312-20[data-kb-block=\"kb-adv-heading_57c312-20\"] mark.kt-highlight{font-style:normal;color:#f76a0c;-webkit-box-decoration-break:clone;box-decoration-break:clone;padding-top:0px;padding-right:0px;padding-bottom:0px;padding-left:0px;}.wp-block-kadence-advancedheading.kt-adv-heading_57c312-20 img.kb-inline-image, .wp-block-kadence-advancedheading.kt-adv-heading_57c312-20[data-kb-block=\"kb-adv-heading_57c312-20\"] img.kb-inline-image{width:150px;vertical-align:baseline;}<\/style>\n<h2 class=\"kt-adv-heading_57c312-20 wp-block-kadence-advancedheading\" data-kb-block=\"kb-adv-heading_57c312-20\"><strong>Abschiebung droht<\/strong><\/h2>\n\n\n\n<p>Du bef\u00fcrchtest Deine Abschiebung?<\/p>\n\n\n\n<p>Der Freundeskreis Fl\u00fcchtlingssolidarit\u00e4t hat im Juli 2020 beschlossen:<\/p>\n\n\n\n<figure class=\"wp-block-embed is-type-wp-embed is-provider-freundeskreis-fluchtlingssolidaritat-in-si wp-block-embed-freundeskreis-fluchtlingssolidaritat-in-si\"><div class=\"wp-block-embed__wrapper\">\n<blockquote hcb-fetch-image-from=\"https:\/\/freunde-fluechtlingssolidaritaet.org\/bauen-wir-starke-ketten-der-solidaritaet-im-kampf-gegen-abschiebungen-auf\" class=\"wp-embedded-content\" data-secret=\"WDlyPgennQ\"><a href=\"https:\/\/freunde-fluechtlingssolidaritaet.org\/bauen-wir-starke-ketten-der-solidaritaet-im-kampf-gegen-abschiebungen-auf\">Bauen wir starke Ketten der Solidarit\u00e4t im Kampf gegen Abschiebungen auf<\/a><\/blockquote><iframe loading=\"lazy\" class=\"wp-embedded-content\" sandbox=\"allow-scripts\" security=\"restricted\" style=\"position: absolute; clip: rect(1px, 1px, 1px, 1px);\" title=\"&#8222;Bauen wir starke Ketten der Solidarit\u00e4t im Kampf gegen Abschiebungen auf&#8220; &#8212; Freundeskreis  Fl\u00fcchtlingssolidarit\u00e4t\" src=\"https:\/\/freunde-fluechtlingssolidaritaet.org\/bauen-wir-starke-ketten-der-solidaritaet-im-kampf-gegen-abschiebungen-auf\/embed#?secret=XzAElZh8uB#?secret=WDlyPgennQ\" data-secret=\"WDlyPgennQ\" width=\"600\" height=\"338\" frameborder=\"0\" marginwidth=\"0\" marginheight=\"0\" scrolling=\"no\"><\/iframe>\n<\/div><\/figure>\n\n\n\n<p><\/p>\n\n\n\n<h2 class=\"has-text-align-left wp-block-heading\"><strong>Brauchst Du einen Rechtsanwalt?<\/strong><\/h2>\n\n\n\n<p><\/p>\n\n\n<style>.wp-block-kadence-advancedheading.kt-adv-heading_610259-e8, .wp-block-kadence-advancedheading.kt-adv-heading_610259-e8[data-kb-block=\"kb-adv-heading_610259-e8\"]{font-style:normal;}.wp-block-kadence-advancedheading.kt-adv-heading_610259-e8 mark.kt-highlight, .wp-block-kadence-advancedheading.kt-adv-heading_610259-e8[data-kb-block=\"kb-adv-heading_610259-e8\"] mark.kt-highlight{font-style:normal;color:#f76a0c;-webkit-box-decoration-break:clone;box-decoration-break:clone;padding-top:0px;padding-right:0px;padding-bottom:0px;padding-left:0px;}.wp-block-kadence-advancedheading.kt-adv-heading_610259-e8 img.kb-inline-image, .wp-block-kadence-advancedheading.kt-adv-heading_610259-e8[data-kb-block=\"kb-adv-heading_610259-e8\"] img.kb-inline-image{width:150px;vertical-align:baseline;}<\/style>\n<h3 class=\"kt-adv-heading_610259-e8 wp-block-kadence-advancedheading\" data-kb-block=\"kb-adv-heading_610259-e8\">Hier kannst Du Migrationsanw\u00e4lte in Deiner N\u00e4he finden:<\/h3>\n\n\n\n<figure class=\"wp-block-embed\"><div class=\"wp-block-embed__wrapper\">\nhttps:\/\/dav-migrationsrecht.de\/anwaltsuche\n<\/div><\/figure>\n\n\n\n<p>Trage Deine Postleitzahl hinter dem = ein. Dann werden die die Adressen von Migrations-Anw\u00e4lten im Umkreis von 100 km angezeigt. <br>Du kannst auch mit diesem Link auf die Seite Anwaltssuche gehen und dort die PLZ eintragen.<\/p>\n\n\n\n<p><\/p>\n\n\n\n<p> <\/p>\n","protected":false},"excerpt":{"rendered":"<p>F\u00fcr Beratung und Hilfe bitte an an eine der folgenden Adressen wenden: Abschiebung droht Du bef\u00fcrchtest Deine Abschiebung? Der Freundeskreis Fl\u00fcchtlingssolidarit\u00e4t hat im Juli 2020&hellip;<\/p>","protected":false},"author":12,"featured_media":0,"parent":32,"menu_order":0,"comment_status":"open","ping_status":"closed","template":"","meta":{"_price":"","_stock":"","_tribe_ticket_header":"","_tribe_default_ticket_provider":"","_tribe_ticket_capacity":"0","_ticket_start_date":"","_ticket_end_date":"","_tribe_ticket_show_description":"","_tribe_ticket_show_not_going":false,"_tribe_ticket_use_global_stock":"","_tribe_ticket_global_stock_level":"","_global_stock_mode":"","_global_stock_cap":"","_tribe_rsvp_for_event":"","_tribe_ticket_going_count":"","_tribe_ticket_not_going_count":"","_tribe_tickets_list":"[]","_tribe_ticket_has_attendee_info_fields":false,"_EventAllDay":false,"_EventTimezone":"","_EventStartDate":"","_EventEndDate":"","_EventStartDateUTC":"","_EventEndDateUTC":"","_EventShowMap":false,"_EventShowMapLink":false,"_EventURL":"","_EventCost":"","_EventCostDescription":"","_EventCurrencySymbol":"","_EventCurrencyCode":"","_EventCurrencyPosition":"","_EventDateTimeSeparator":"","_EventTimeRangeSeparator":"","_EventOrganizerID":[],"_EventVenueID":[],"_OrganizerEmail":"","_OrganizerPhone":"","_OrganizerWebsite":"","_VenueAddress":"","_VenueCity":"","_VenueCountry":"","_VenueProvince":"","_VenueState":"","_VenueZip":"","_VenuePhone":"","_VenueURL":"","_VenueStateProvince":"","_VenueLat":"","_VenueLng":"","_VenueShowMap":false,"_VenueShowMapLink":false,"_themeisle_gutenberg_block_has_review":false,"footnotes":"","_tec_slr_enabled":"","_tec_slr_layout":""},"class_list":["post-26","page","type-page","status-publish","hentry"],"ticketed":false,"_links":{"self":[{"href":"https:\/\/freunde-fluechtlingssolidaritaet.org\/uk\/wp-json\/wp\/v2\/pages\/26","targetHints":{"allow":["GET"]}}],"collection":[{"href":"https:\/\/freunde-fluechtlingssolidaritaet.org\/uk\/wp-json\/wp\/v2\/pages"}],"about":[{"href":"https:\/\/freunde-fluechtlingssolidaritaet.org\/uk\/wp-json\/wp\/v2\/types\/page"}],"author":[{"embeddable":true,"href":"https:\/\/freunde-fluechtlingssolidaritaet.org\/uk\/wp-json\/wp\/v2\/users\/12"}],"replies":[{"embeddable":true,"href":"https:\/\/freunde-fluechtlingssolidaritaet.org\/uk\/wp-json\/wp\/v2\/comments?post=26"}],"version-history":[{"count":39,"href":"https:\/\/freunde-fluechtlingssolidaritaet.org\/uk\/wp-json\/wp\/v2\/pages\/26\/revisions"}],"predecessor-version":[{"id":4390,"href":"https:\/\/freunde-fluechtlingssolidaritaet.org\/uk\/wp-json\/wp\/v2\/pages\/26\/revisions\/4390"}],"up":[{"embeddable":true,"href":"https:\/\/freunde-fluechtlingssolidaritaet.org\/uk\/wp-json\/wp\/v2\/pages\/32"}],"wp:attachment":[{"href":"https:\/\/freunde-fluechtlingssolidaritaet.org\/uk\/wp-json\/wp\/v2\/media?parent=26"}],"curies":[{"name":"wp","href":"https:\/\/api.w.org\/{rel}","templated":true}]}}