{"id":840,"date":"2021-02-16T10:48:20","date_gmt":"2021-02-16T09:48:20","guid":{"rendered":"http:\/\/freunde-fluechtlingssolidaritaet.org\/?page_id=840"},"modified":"2024-09-23T12:42:15","modified_gmt":"2024-09-23T10:42:15","slug":"aktuelles","status":"publish","type":"page","link":"https:\/\/freunde-fluechtlingssolidaritaet.org\/uk\/%d0%bf%d1%80%d0%b5%d1%81\/%d0%bf%d0%be%d1%82%d0%be%d1%87%d0%bd%d0%b8%d0%b9","title":{"rendered":"\u043f\u043e\u0442\u043e\u0447\u043d\u0438\u0439"},"content":{"rendered":"<style>.wp-block-kadence-advancedheading.kt-adv-heading_5b9b27-c0, .wp-block-kadence-advancedheading.kt-adv-heading_5b9b27-c0[data-kb-block=\"kb-adv-heading_5b9b27-c0\"]{font-style:normal;}.wp-block-kadence-advancedheading.kt-adv-heading_5b9b27-c0 mark.kt-highlight, .wp-block-kadence-advancedheading.kt-adv-heading_5b9b27-c0[data-kb-block=\"kb-adv-heading_5b9b27-c0\"] mark.kt-highlight{font-style:normal;color:#f76a0c;-webkit-box-decoration-break:clone;box-decoration-break:clone;padding-top:0px;padding-right:0px;padding-bottom:0px;padding-left:0px;}.wp-block-kadence-advancedheading.kt-adv-heading_5b9b27-c0 img.kb-inline-image, .wp-block-kadence-advancedheading.kt-adv-heading_5b9b27-c0[data-kb-block=\"kb-adv-heading_5b9b27-c0\"] img.kb-inline-image{width:150px;vertical-align:baseline;}<\/style>\n<h2 class=\"kt-adv-heading_5b9b27-c0 wp-block-kadence-advancedheading\" data-kb-block=\"kb-adv-heading_5b9b27-c0\">Aktuelles<\/h2>\n\n\n\n<h3 class=\"wp-block-heading\" id=\"aktuelles-zum-thema-fluchtlingssolidaritat\">Aktuelles zum Thema Fl\u00fcchtlingssolidarit\u00e4t<\/h3>\n\n\n<ul class=\"display-posts-listing grid\"><li class=\"listing-item\"><a class=\"image\" href=\"https:\/\/freunde-fluechtlingssolidaritaet.org\/uk\/rueckkehr-und-bleiberecht-fuer-francis-freiheitfuerfrancis\"><img loading=\"lazy\" decoding=\"async\" width=\"236\" height=\"300\" src=\"https:\/\/freunde-fluechtlingssolidaritaet.org\/wp-content\/uploads\/2025\/10\/Messenger_creation_7E10C51E-DA04-474F-ABCF-8EB2764E2087-236x300.jpeg\" class=\"attachment-medium size-medium wp-post-image\" alt=\"\" srcset=\"https:\/\/freunde-fluechtlingssolidaritaet.org\/wp-content\/uploads\/2025\/10\/Messenger_creation_7E10C51E-DA04-474F-ABCF-8EB2764E2087-236x300.jpeg 236w, https:\/\/freunde-fluechtlingssolidaritaet.org\/wp-content\/uploads\/2025\/10\/Messenger_creation_7E10C51E-DA04-474F-ABCF-8EB2764E2087-804x1024.jpeg 804w, https:\/\/freunde-fluechtlingssolidaritaet.org\/wp-content\/uploads\/2025\/10\/Messenger_creation_7E10C51E-DA04-474F-ABCF-8EB2764E2087-768x978.jpeg 768w, https:\/\/freunde-fluechtlingssolidaritaet.org\/wp-content\/uploads\/2025\/10\/Messenger_creation_7E10C51E-DA04-474F-ABCF-8EB2764E2087-9x12.jpeg 9w, https:\/\/freunde-fluechtlingssolidaritaet.org\/wp-content\/uploads\/2025\/10\/Messenger_creation_7E10C51E-DA04-474F-ABCF-8EB2764E2087.jpeg 990w\" sizes=\"auto, (max-width: 236px) 100vw, 236px\" \/><\/a> <a class=\"title\" href=\"https:\/\/freunde-fluechtlingssolidaritaet.org\/uk\/rueckkehr-und-bleiberecht-fuer-francis-freiheitfuerfrancis\">R\u00fcckkehr und Bleiberecht f\u00fcr Francis! #Freiheitf\u00fcrFrancis<\/a> <span class=\"excerpt-dash\">-<\/span> <span class=\"excerpt\">Wir lernten Francis kennen, w\u00e4hrend er in Dresden in Abschiebehaft&hellip; <a class=\"excerpt-more\" href=\"https:\/\/freunde-fluechtlingssolidaritaet.org\/uk\/rueckkehr-und-bleiberecht-fuer-francis-freiheitfuerfrancis\">Weiterlesen<\/a><\/span><\/li><li class=\"listing-item\"><a class=\"image\" href=\"https:\/\/freunde-fluechtlingssolidaritaet.org\/uk\/freundeskreis-fluechtlingssolidaritaet-erneut-dabei-ein-starkes-zeichen-gegen-rassismus\"><img loading=\"lazy\" decoding=\"async\" width=\"300\" height=\"200\" src=\"https:\/\/freunde-fluechtlingssolidaritaet.org\/wp-content\/uploads\/2025\/07\/DSC_9450-300x200.jpg\" class=\"attachment-medium size-medium wp-post-image\" alt=\"\" srcset=\"https:\/\/freunde-fluechtlingssolidaritaet.org\/wp-content\/uploads\/2025\/07\/DSC_9450-300x200.jpg 300w, https:\/\/freunde-fluechtlingssolidaritaet.org\/wp-content\/uploads\/2025\/07\/DSC_9450-1024x683.jpg 1024w, https:\/\/freunde-fluechtlingssolidaritaet.org\/wp-content\/uploads\/2025\/07\/DSC_9450-768x512.jpg 768w, https:\/\/freunde-fluechtlingssolidaritaet.org\/wp-content\/uploads\/2025\/07\/DSC_9450-1536x1024.jpg 1536w, https:\/\/freunde-fluechtlingssolidaritaet.org\/wp-content\/uploads\/2025\/07\/DSC_9450-2048x1365.jpg 2048w, https:\/\/freunde-fluechtlingssolidaritaet.org\/wp-content\/uploads\/2025\/07\/DSC_9450-18x12.jpg 18w\" sizes=\"auto, (max-width: 300px) 100vw, 300px\" \/><\/a> <a class=\"title\" href=\"https:\/\/freunde-fluechtlingssolidaritaet.org\/uk\/freundeskreis-fluechtlingssolidaritaet-erneut-dabei-ein-starkes-zeichen-gegen-rassismus\">Freundeskreis Fl\u00fcchtlingssolidarit\u00e4t erneut dabei \u2013 Ein starkes Zeichen gegen Rassismus<\/a> <span class=\"excerpt-dash\">-<\/span> <span class=\"excerpt\">Am 12. Juli 2025 fand im Sportpark Ostragehege in Dresden&hellip; <a class=\"excerpt-more\" href=\"https:\/\/freunde-fluechtlingssolidaritaet.org\/uk\/freundeskreis-fluechtlingssolidaritaet-erneut-dabei-ein-starkes-zeichen-gegen-rassismus\">Weiterlesen<\/a><\/span><\/li><li class=\"listing-item\"><a class=\"image\" href=\"https:\/\/freunde-fluechtlingssolidaritaet.org\/uk\/jetzt-reden-wir-fuer-alle-demo-gegen-rechts-und-cdu\"><img loading=\"lazy\" decoding=\"async\" width=\"300\" height=\"128\" src=\"https:\/\/freunde-fluechtlingssolidaritaet.org\/wp-content\/uploads\/2025\/02\/demonstration-zur-migrationspolitik-berlin-300x128.jpeg\" class=\"attachment-medium size-medium wp-post-image\" alt=\"\" srcset=\"https:\/\/freunde-fluechtlingssolidaritaet.org\/wp-content\/uploads\/2025\/02\/demonstration-zur-migrationspolitik-berlin-300x128.jpeg 300w, https:\/\/freunde-fluechtlingssolidaritaet.org\/wp-content\/uploads\/2025\/02\/demonstration-zur-migrationspolitik-berlin-768x329.jpeg 768w, https:\/\/freunde-fluechtlingssolidaritaet.org\/wp-content\/uploads\/2025\/02\/demonstration-zur-migrationspolitik-berlin-18x8.jpeg 18w, https:\/\/freunde-fluechtlingssolidaritaet.org\/wp-content\/uploads\/2025\/02\/demonstration-zur-migrationspolitik-berlin.jpeg 1000w\" sizes=\"auto, (max-width: 300px) 100vw, 300px\" \/><\/a> <a class=\"title\" href=\"https:\/\/freunde-fluechtlingssolidaritaet.org\/uk\/jetzt-reden-wir-fuer-alle-demo-gegen-rechts-und-cdu\">&#8222;Jetzt reden Wir&#8220; f\u00fcr Alle DEMO gegen RECHTS und CDU.<\/a> <span class=\"excerpt-dash\">-<\/span> <span class=\"excerpt\">Liebe Freundinnen und Freunde, liebe Gefl\u00fcchtete, Migrantinnen und Migranten,Unterst\u00fctzerinnen und&hellip; <a class=\"excerpt-more\" href=\"https:\/\/freunde-fluechtlingssolidaritaet.org\/uk\/jetzt-reden-wir-fuer-alle-demo-gegen-rechts-und-cdu\">Weiterlesen<\/a><\/span><\/li><li class=\"listing-item\"><a class=\"image\" href=\"https:\/\/freunde-fluechtlingssolidaritaet.org\/uk\/veranstatunginfrankkfurt\"><img loading=\"lazy\" decoding=\"async\" width=\"211\" height=\"300\" src=\"https:\/\/freunde-fluechtlingssolidaritaet.org\/wp-content\/uploads\/2025\/01\/Screenshot-2025-01-28-094343-211x300.png\" class=\"attachment-medium size-medium wp-post-image\" alt=\"\" srcset=\"https:\/\/freunde-fluechtlingssolidaritaet.org\/wp-content\/uploads\/2025\/01\/Screenshot-2025-01-28-094343-211x300.png 211w, https:\/\/freunde-fluechtlingssolidaritaet.org\/wp-content\/uploads\/2025\/01\/Screenshot-2025-01-28-094343-8x12.png 8w, https:\/\/freunde-fluechtlingssolidaritaet.org\/wp-content\/uploads\/2025\/01\/Screenshot-2025-01-28-094343.png 695w\" sizes=\"auto, (max-width: 211px) 100vw, 211px\" \/><\/a> <a class=\"title\" href=\"https:\/\/freunde-fluechtlingssolidaritaet.org\/uk\/veranstatunginfrankkfurt\"><\/a> <span class=\"excerpt-dash\">-<\/span> <span class=\"excerpt\"> <a class=\"excerpt-more\" href=\"https:\/\/freunde-fluechtlingssolidaritaet.org\/uk\/veranstatunginfrankkfurt\">Weiterlesen<\/a><\/span><\/li><li class=\"listing-item\"><a class=\"image\" href=\"https:\/\/freunde-fluechtlingssolidaritaet.org\/uk\/herzliche-einladung\"><img loading=\"lazy\" decoding=\"async\" width=\"212\" height=\"300\" src=\"https:\/\/freunde-fluechtlingssolidaritaet.org\/wp-content\/uploads\/2024\/12\/241203_Plakat-Soliessen-Mouhamed2-212x300.jpg\" class=\"attachment-medium size-medium wp-post-image\" alt=\"\" srcset=\"https:\/\/freunde-fluechtlingssolidaritaet.org\/wp-content\/uploads\/2024\/12\/241203_Plakat-Soliessen-Mouhamed2-212x300.jpg 212w, https:\/\/freunde-fluechtlingssolidaritaet.org\/wp-content\/uploads\/2024\/12\/241203_Plakat-Soliessen-Mouhamed2-724x1024.jpg 724w, https:\/\/freunde-fluechtlingssolidaritaet.org\/wp-content\/uploads\/2024\/12\/241203_Plakat-Soliessen-Mouhamed2-768x1087.jpg 768w, https:\/\/freunde-fluechtlingssolidaritaet.org\/wp-content\/uploads\/2024\/12\/241203_Plakat-Soliessen-Mouhamed2-8x12.jpg 8w, https:\/\/freunde-fluechtlingssolidaritaet.org\/wp-content\/uploads\/2024\/12\/241203_Plakat-Soliessen-Mouhamed2.jpg 1060w\" sizes=\"auto, (max-width: 212px) 100vw, 212px\" \/><\/a> <a class=\"title\" href=\"https:\/\/freunde-fluechtlingssolidaritaet.org\/uk\/herzliche-einladung\">Herzliche Einladung<\/a> <span class=\"excerpt-dash\">-<\/span> <span class=\"excerpt\"> <a class=\"excerpt-more\" href=\"https:\/\/freunde-fluechtlingssolidaritaet.org\/uk\/herzliche-einladung\">Weiterlesen<\/a><\/span><\/li><li class=\"listing-item\"><a class=\"image\" href=\"https:\/\/freunde-fluechtlingssolidaritaet.org\/uk\/5301-2\"><img loading=\"lazy\" decoding=\"async\" width=\"212\" height=\"300\" src=\"https:\/\/freunde-fluechtlingssolidaritaet.org\/wp-content\/uploads\/2024\/12\/241203_Plakat-Soliessen-Mouhamed-212x300.jpg\" class=\"attachment-medium size-medium wp-post-image\" alt=\"\" srcset=\"https:\/\/freunde-fluechtlingssolidaritaet.org\/wp-content\/uploads\/2024\/12\/241203_Plakat-Soliessen-Mouhamed-212x300.jpg 212w, https:\/\/freunde-fluechtlingssolidaritaet.org\/wp-content\/uploads\/2024\/12\/241203_Plakat-Soliessen-Mouhamed-724x1024.jpg 724w, https:\/\/freunde-fluechtlingssolidaritaet.org\/wp-content\/uploads\/2024\/12\/241203_Plakat-Soliessen-Mouhamed-768x1087.jpg 768w, https:\/\/freunde-fluechtlingssolidaritaet.org\/wp-content\/uploads\/2024\/12\/241203_Plakat-Soliessen-Mouhamed-8x12.jpg 8w, https:\/\/freunde-fluechtlingssolidaritaet.org\/wp-content\/uploads\/2024\/12\/241203_Plakat-Soliessen-Mouhamed.jpg 1060w\" sizes=\"auto, (max-width: 212px) 100vw, 212px\" \/><\/a> <a class=\"title\" href=\"https:\/\/freunde-fluechtlingssolidaritaet.org\/uk\/5301-2\"><\/a> <span class=\"excerpt-dash\">-<\/span> <span class=\"excerpt\"> <a class=\"excerpt-more\" href=\"https:\/\/freunde-fluechtlingssolidaritaet.org\/uk\/5301-2\">Weiterlesen<\/a><\/span><\/li><li class=\"listing-item\"><a class=\"image\" href=\"https:\/\/freunde-fluechtlingssolidaritaet.org\/uk\/petition-fuer-lamine-cisse-an-den-petitionsausschuss-des-landtags-baden-wuerttemberg-und-der-bundesrepublik-deutschland\"><img loading=\"lazy\" decoding=\"async\" width=\"300\" height=\"200\" src=\"https:\/\/freunde-fluechtlingssolidaritaet.org\/wp-content\/uploads\/2024\/06\/IMG_0092-300x200.jpg\" class=\"attachment-medium size-medium wp-post-image\" alt=\"\" srcset=\"https:\/\/freunde-fluechtlingssolidaritaet.org\/wp-content\/uploads\/2024\/06\/IMG_0092-300x200.jpg 300w, https:\/\/freunde-fluechtlingssolidaritaet.org\/wp-content\/uploads\/2024\/06\/IMG_0092-1024x683.jpg 1024w, https:\/\/freunde-fluechtlingssolidaritaet.org\/wp-content\/uploads\/2024\/06\/IMG_0092-768x512.jpg 768w, https:\/\/freunde-fluechtlingssolidaritaet.org\/wp-content\/uploads\/2024\/06\/IMG_0092-1536x1024.jpg 1536w, https:\/\/freunde-fluechtlingssolidaritaet.org\/wp-content\/uploads\/2024\/06\/IMG_0092-2048x1365.jpg 2048w, https:\/\/freunde-fluechtlingssolidaritaet.org\/wp-content\/uploads\/2024\/06\/IMG_0092-18x12.jpg 18w\" sizes=\"auto, (max-width: 300px) 100vw, 300px\" \/><\/a> <a class=\"title\" href=\"https:\/\/freunde-fluechtlingssolidaritaet.org\/uk\/petition-fuer-lamine-cisse-an-den-petitionsausschuss-des-landtags-baden-wuerttemberg-und-der-bundesrepublik-deutschland\">Petition f\u00fcr Lamine Ciss\u00e9 an den Petitionsausschuss des Landtags Baden-W\u00fcrttemberg und der Bundesrepublik Deutschland<\/a> <span class=\"excerpt-dash\">-<\/span> <span class=\"excerpt\">Hier die Petition unterschreiben: https:\/\/www.change.org\/p\/petition-f%C3%BCr-lamine-ciss%C3%A9-an-den-petitionsausschuss-des-landtags-baden-w%C3%BCrttemberg-und-der Wir appellieren an Sie, unseren&hellip; <a class=\"excerpt-more\" href=\"https:\/\/freunde-fluechtlingssolidaritaet.org\/uk\/petition-fuer-lamine-cisse-an-den-petitionsausschuss-des-landtags-baden-wuerttemberg-und-der-bundesrepublik-deutschland\">Weiterlesen<\/a><\/span><\/li><li class=\"listing-item\"><a class=\"image\" href=\"https:\/\/freunde-fluechtlingssolidaritaet.org\/uk\/erklaerung-zum-islamistisch-faschistischen-anschlag-in-solingen\"><img loading=\"lazy\" decoding=\"async\" width=\"300\" height=\"169\" src=\"https:\/\/freunde-fluechtlingssolidaritaet.org\/wp-content\/uploads\/2024\/09\/image-2-300x169.png\" class=\"attachment-medium size-medium wp-post-image\" alt=\"\" srcset=\"https:\/\/freunde-fluechtlingssolidaritaet.org\/wp-content\/uploads\/2024\/09\/image-2-300x169.png 300w, https:\/\/freunde-fluechtlingssolidaritaet.org\/wp-content\/uploads\/2024\/09\/image-2-1024x576.png 1024w, https:\/\/freunde-fluechtlingssolidaritaet.org\/wp-content\/uploads\/2024\/09\/image-2-768x432.png 768w, https:\/\/freunde-fluechtlingssolidaritaet.org\/wp-content\/uploads\/2024\/09\/image-2-1536x863.png 1536w, https:\/\/freunde-fluechtlingssolidaritaet.org\/wp-content\/uploads\/2024\/09\/image-2-18x10.png 18w, https:\/\/freunde-fluechtlingssolidaritaet.org\/wp-content\/uploads\/2024\/09\/image-2.png 2048w\" sizes=\"auto, (max-width: 300px) 100vw, 300px\" \/><\/a> <a class=\"title\" href=\"https:\/\/freunde-fluechtlingssolidaritaet.org\/uk\/erklaerung-zum-islamistisch-faschistischen-anschlag-in-solingen\">Erkl\u00e4rung zum islamistisch-faschistischen Anschlag in Solingen<\/a> <span class=\"excerpt-dash\">-<\/span> <span class=\"excerpt\">Am 07. September ruft der Freundeskreis Fl\u00fcchtlingssolidarit\u00e4t Ost zu einer&hellip; <a class=\"excerpt-more\" href=\"https:\/\/freunde-fluechtlingssolidaritaet.org\/uk\/erklaerung-zum-islamistisch-faschistischen-anschlag-in-solingen\">Weiterlesen<\/a><\/span><\/li><li class=\"listing-item\"><a class=\"image\" href=\"https:\/\/freunde-fluechtlingssolidaritaet.org\/uk\/fussballturnier-kick-racism-in-dresden\"><img loading=\"lazy\" decoding=\"async\" width=\"300\" height=\"139\" src=\"https:\/\/freunde-fluechtlingssolidaritaet.org\/wp-content\/uploads\/2024\/07\/IMG_3400-300x139.jpeg\" class=\"attachment-medium size-medium wp-post-image\" alt=\"\" srcset=\"https:\/\/freunde-fluechtlingssolidaritaet.org\/wp-content\/uploads\/2024\/07\/IMG_3400-300x139.jpeg 300w, https:\/\/freunde-fluechtlingssolidaritaet.org\/wp-content\/uploads\/2024\/07\/IMG_3400-1024x473.jpeg 1024w, https:\/\/freunde-fluechtlingssolidaritaet.org\/wp-content\/uploads\/2024\/07\/IMG_3400-768x355.jpeg 768w, https:\/\/freunde-fluechtlingssolidaritaet.org\/wp-content\/uploads\/2024\/07\/IMG_3400-1536x710.jpeg 1536w, https:\/\/freunde-fluechtlingssolidaritaet.org\/wp-content\/uploads\/2024\/07\/IMG_3400-18x8.jpeg 18w, https:\/\/freunde-fluechtlingssolidaritaet.org\/wp-content\/uploads\/2024\/07\/IMG_3400.jpeg 2048w\" sizes=\"auto, (max-width: 300px) 100vw, 300px\" \/><\/a> <a class=\"title\" href=\"https:\/\/freunde-fluechtlingssolidaritaet.org\/uk\/fussballturnier-kick-racism-in-dresden\">Fussballturnier \u201eKick Racism\u201c in Dresden<\/a> <span class=\"excerpt-dash\">-<\/span> <span class=\"excerpt\">Gestern fand in Dresden ein Fu\u00dfball Turnier unter dem Motto&hellip; <a class=\"excerpt-more\" href=\"https:\/\/freunde-fluechtlingssolidaritaet.org\/uk\/fussballturnier-kick-racism-in-dresden\">Weiterlesen<\/a><\/span><\/li><li class=\"listing-item\"><a class=\"image\" href=\"https:\/\/freunde-fluechtlingssolidaritaet.org\/uk\/pressemitteilung-zum-weltfluechtlingstag-2024\"><img loading=\"lazy\" decoding=\"async\" width=\"300\" height=\"150\" src=\"https:\/\/freunde-fluechtlingssolidaritaet.org\/wp-content\/uploads\/2024\/06\/64166a6e-6e42-4a5f-9af1-ff6e106700eb1-300x150.png\" class=\"attachment-medium size-medium wp-post-image\" alt=\"\" srcset=\"https:\/\/freunde-fluechtlingssolidaritaet.org\/wp-content\/uploads\/2024\/06\/64166a6e-6e42-4a5f-9af1-ff6e106700eb1-300x150.png 300w, https:\/\/freunde-fluechtlingssolidaritaet.org\/wp-content\/uploads\/2024\/06\/64166a6e-6e42-4a5f-9af1-ff6e106700eb1-768x384.png 768w, https:\/\/freunde-fluechtlingssolidaritaet.org\/wp-content\/uploads\/2024\/06\/64166a6e-6e42-4a5f-9af1-ff6e106700eb1-18x9.png 18w, https:\/\/freunde-fluechtlingssolidaritaet.org\/wp-content\/uploads\/2024\/06\/64166a6e-6e42-4a5f-9af1-ff6e106700eb1.png 990w\" sizes=\"auto, (max-width: 300px) 100vw, 300px\" \/><\/a> <a class=\"title\" href=\"https:\/\/freunde-fluechtlingssolidaritaet.org\/uk\/pressemitteilung-zum-weltfluechtlingstag-2024\">Pressemitteilung zum Weltfl\u00fcchtlingstag 2024<\/a> <span class=\"excerpt-dash\">-<\/span> <span class=\"excerpt\">Am 20. Juni ist Weltfl\u00fcchtlingstag. Der Tag, der daran erinnert,&hellip; <a class=\"excerpt-more\" href=\"https:\/\/freunde-fluechtlingssolidaritaet.org\/uk\/pressemitteilung-zum-weltfluechtlingstag-2024\">Weiterlesen<\/a><\/span><\/li><\/ul>\n\n\n\n<p><\/p>\n\n\n\n<h2 class=\"wp-block-heading\"><\/h2>\n\n\n\n<p><\/p>\n","protected":false},"excerpt":{"rendered":"<p>Aktuelles Aktuelles zum Thema Fl\u00fcchtlingssolidarit\u00e4t<\/p>","protected":false},"author":12,"featured_media":2197,"parent":32,"menu_order":0,"comment_status":"open","ping_status":"closed","template":"","meta":{"_price":"","_stock":"","_tribe_ticket_header":"","_tribe_default_ticket_provider":"","_tribe_ticket_capacity":"0","_ticket_start_date":"","_ticket_end_date":"","_tribe_ticket_show_description":"","_tribe_ticket_show_not_going":false,"_tribe_ticket_use_global_stock":"","_tribe_ticket_global_stock_level":"","_global_stock_mode":"","_global_stock_cap":"","_tribe_rsvp_for_event":"","_tribe_ticket_going_count":"","_tribe_ticket_not_going_count":"","_tribe_tickets_list":"[]","_tribe_ticket_has_attendee_info_fields":false,"_EventAllDay":false,"_EventTimezone":"","_EventStartDate":"","_EventEndDate":"","_EventStartDateUTC":"","_EventEndDateUTC":"","_EventShowMap":false,"_EventShowMapLink":false,"_EventURL":"","_EventCost":"","_EventCostDescription":"","_EventCurrencySymbol":"","_EventCurrencyCode":"","_EventCurrencyPosition":"","_EventDateTimeSeparator":"","_EventTimeRangeSeparator":"","_EventOrganizerID":[],"_EventVenueID":[],"_OrganizerEmail":"","_OrganizerPhone":"","_OrganizerWebsite":"","_VenueAddress":"","_VenueCity":"","_VenueCountry":"","_VenueProvince":"","_VenueState":"","_VenueZip":"","_VenuePhone":"","_VenueURL":"","_VenueStateProvince":"","_VenueLat":"","_VenueLng":"","_VenueShowMap":false,"_VenueShowMapLink":false,"_themeisle_gutenberg_block_has_review":false,"footnotes":"","_tec_slr_enabled":"","_tec_slr_layout":""},"class_list":["post-840","page","type-page","status-publish","has-post-thumbnail","hentry"],"ticketed":false,"_links":{"self":[{"href":"https:\/\/freunde-fluechtlingssolidaritaet.org\/uk\/wp-json\/wp\/v2\/pages\/840","targetHints":{"allow":["GET"]}}],"collection":[{"href":"https:\/\/freunde-fluechtlingssolidaritaet.org\/uk\/wp-json\/wp\/v2\/pages"}],"about":[{"href":"https:\/\/freunde-fluechtlingssolidaritaet.org\/uk\/wp-json\/wp\/v2\/types\/page"}],"author":[{"embeddable":true,"href":"https:\/\/freunde-fluechtlingssolidaritaet.org\/uk\/wp-json\/wp\/v2\/users\/12"}],"replies":[{"embeddable":true,"href":"https:\/\/freunde-fluechtlingssolidaritaet.org\/uk\/wp-json\/wp\/v2\/comments?post=840"}],"version-history":[{"count":118,"href":"https:\/\/freunde-fluechtlingssolidaritaet.org\/uk\/wp-json\/wp\/v2\/pages\/840\/revisions"}],"predecessor-version":[{"id":3380,"href":"https:\/\/freunde-fluechtlingssolidaritaet.org\/uk\/wp-json\/wp\/v2\/pages\/840\/revisions\/3380"}],"up":[{"embeddable":true,"href":"https:\/\/freunde-fluechtlingssolidaritaet.org\/uk\/wp-json\/wp\/v2\/pages\/32"}],"wp:featuredmedia":[{"embeddable":true,"href":"https:\/\/freunde-fluechtlingssolidaritaet.org\/uk\/wp-json\/wp\/v2\/media\/2197"}],"wp:attachment":[{"href":"https:\/\/freunde-fluechtlingssolidaritaet.org\/uk\/wp-json\/wp\/v2\/media?parent=840"}],"curies":[{"name":"wp","href":"https:\/\/api.w.org\/{rel}","templated":true}]}}